{"id":5,"date":"2010-10-06T09:09:43","date_gmt":"2010-10-06T09:09:43","guid":{"rendered":"http:\/\/centros.unileon.es\/veterinaria\/"},"modified":"2020-12-09T12:51:09","modified_gmt":"2020-12-09T12:51:09","slug":"organos-directivos","status":"publish","type":"page","link":"https:\/\/centros.unileon.es\/veterinaria\/organos-directivos\/","title":{"rendered":"\u00d3rganos Directivos"},"content":{"rendered":"<table>\r\n<tbody>\r\n<tr>\r\n<th>Decana<\/th>\r\n<td><a href=\"mailto:fvedec@unileon.es\">D\u00f1a. Mar\u00eda Teresa Carbajo Rueda<\/a><\/td>\r\n<td>Tel\u00e9fono: 987 29 12 00<\/td>\r\n<\/tr>\r\n<tr>\r\n<th>Vicedecana 1\u00aa<\/th>\r\n<td><a href=\"mailto:fvevdec1@unileon.es\">D\u00f1a. Mar\u00eda Jos\u00e9 Ranilla Garc\u00eda<\/a><\/td>\r\n<td>Tel\u00e9fono: 987 29 11 98<\/td>\r\n<\/tr>\r\n<tr>\r\n<th>Vicedecano 2\u00aa<\/th>\r\n<td><a href=\"mailto:fvevdec2@unileon.es\">D. Jos\u00e9 Mar\u00eda Fresno Baro<\/a><\/td>\r\n<td>Tel\u00e9fono: 987 29 18 71<\/td>\r\n<\/tr>\r\n<tr>\r\n<th>Secretario de Centro<\/th>\r\n<td><a href=\"mailto:fvesec@unileon.es\">D. Jos\u00e9 Gabriel Fern\u00e1ndez \u00c1lvarez<\/a><\/td>\r\n<td>Tel\u00e9fono: 987 29 11 99<\/td>\r\n<\/tr>\r\n<\/tbody>\r\n<\/table>","protected":false},"excerpt":{"rendered":"<p>Decana D\u00f1a. Mar\u00eda Teresa Carbajo Rueda Tel\u00e9fono: 987 29 12 00 Vicedecana 1\u00aa D\u00f1a. Mar\u00eda Jos\u00e9 Ranilla Garc\u00eda Tel\u00e9fono: 987 29 11 98 Vicedecano 2\u00aa D. Jos\u00e9 Mar\u00eda Fresno Baro Tel\u00e9fono: 987 29 18 71 Secretario de Centro D. Jos\u00e9 Gabriel Fern\u00e1ndez \u00c1lvarez Tel\u00e9fono: 987 29 11 99<\/p>\n","protected":false},"author":1,"featured_media":0,"parent":0,"menu_order":0,"comment_status":"closed","ping_status":"closed","template":"","meta":{"footnotes":""},"class_list":["post-5","page","type-page","status-publish","hentry"],"_links":{"self":[{"href":"https:\/\/centros.unileon.es\/veterinaria\/wp-json\/wp\/v2\/pages\/5","targetHints":{"allow":["GET"]}}],"collection":[{"href":"https:\/\/centros.unileon.es\/veterinaria\/wp-json\/wp\/v2\/pages"}],"about":[{"href":"https:\/\/centros.unileon.es\/veterinaria\/wp-json\/wp\/v2\/types\/page"}],"author":[{"embeddable":true,"href":"https:\/\/centros.unileon.es\/veterinaria\/wp-json\/wp\/v2\/users\/1"}],"replies":[{"embeddable":true,"href":"https:\/\/centros.unileon.es\/veterinaria\/wp-json\/wp\/v2\/comments?post=5"}],"version-history":[{"count":48,"href":"https:\/\/centros.unileon.es\/veterinaria\/wp-json\/wp\/v2\/pages\/5\/revisions"}],"predecessor-version":[{"id":257,"href":"https:\/\/centros.unileon.es\/veterinaria\/wp-json\/wp\/v2\/pages\/5\/revisions\/257"}],"wp:attachment":[{"href":"https:\/\/centros.unileon.es\/veterinaria\/wp-json\/wp\/v2\/media?parent=5"}],"curies":[{"name":"wp","href":"https:\/\/api.w.org\/{rel}","templated":true}]}}