{"id":492,"date":"2024-01-07T23:38:40","date_gmt":"2024-01-07T22:38:40","guid":{"rendered":"https:\/\/centros.unileon.es\/veterinaria\/?page_id=492"},"modified":"2024-01-07T23:38:40","modified_gmt":"2024-01-07T22:38:40","slug":"movilidad","status":"publish","type":"page","link":"https:\/\/centros.unileon.es\/veterinaria\/movilidad\/","title":{"rendered":"Movilidad"},"content":{"rendered":"<div class=\"entry-content wp-block-post-content has-global-padding is-layout-constrained wp-block-post-content-is-layout-constrained\">\r\n<h3 class=\"wp-block-heading\">Movilidad de Estudiantes<\/h3>\r\n<ul>\r\n \t<li><a href=\"http:\/\/www.veterinaria.unileon.es\/index.php\/estudiantes\/movilidad-de-estudiantes#movilidadnacional\"><strong>MOVILIDAD NACIONAL<\/strong><\/a><\/li>\r\n \t<li><a href=\"http:\/\/www.veterinaria.unileon.es\/index.php\/estudiantes\/movilidad-de-estudiantes#movilidadinternacional\"><strong>MOVILIDAD INTERNACIONAL<\/strong><\/a>\r\n<ul>\r\n \t<li><strong><a href=\"http:\/\/www.veterinaria.unileon.es\/index.php\/estudiantes\/movilidad-de-estudiantes#PROGRAMAERASMUS\">Programa Erasmus Estudio<\/a><\/strong><\/li>\r\n \t<li><strong><a href=\"http:\/\/www.veterinaria.unileon.es\/index.php\/estudiantes\/movilidad-de-estudiantes#PROGRAMAAMICUS\">Programa Amicus<\/a><\/strong><\/li>\r\n \t<li><strong><a href=\"http:\/\/www.veterinaria.unileon.es\/index.php\/estudiantes\/movilidad-de-estudiantes#ERASMUSPRACTICAS\">Programa Erasmus Pr\u00e1cticas<\/a><\/strong><\/li>\r\n \t<li><strong>Alumnos extranjeros\/International Students:<\/strong>\r\n<ul>\r\n \t<li><a href=\"http:\/\/servicios.unileon.es\/hospital-veterinario\/estancias-externas\/\">Informaci\u00f3n para estancias en el Hospital Veterinario<\/a>\/<a href=\"http:\/\/servicios.unileon.es\/hospital-veterinario\/estancias-externas\/\">Internships at the Veterinary Teaching Hospital (Ule<\/a>).<\/li>\r\n \t<li><a href=\"http:\/\/www.studyinleon.es\/\">Estudiar en Le\u00f3n<\/a>\/<a href=\"http:\/\/www.studyinleon.es\/\">Study in Le\u00f3n<\/a>.\r\n<ul>\r\n \t<li>\u00abEnglish friendly\u00bb list of courses\u00a0(<a href=\"http:\/\/www.studyinleon.es\/\">academic offer<\/a>).<\/li>\r\n<\/ul>\r\n<\/li>\r\n \t<li><a href=\"http:\/\/www.veterinaria.unileon.es\/images\/movilidad\/INFORMACI\u00d3N%20ACAD\u00c9MICA%20extranjeros%202020.pdf\">Informaci\u00f3n Acad\u00e9mica para Alumnos Extranjeros\/Academic Info. for International Students<\/a><\/li>\r\n \t<li><a href=\"http:\/\/www.veterinaria.unileon.es\/images\/movilidad\/codigos%20asignaturas%20VET%202018.pdf\">C\u00f3digos asignaturas Grado Veterinaria <\/a>\/\/ C<a href=\"http:\/\/www.veterinaria.unileon.es\/images\/movilidad\/codigos%20asignaturas%20cta%202018.pdf\">\u00f3digos asignaturas Grado en CTA<\/a><\/li>\r\n \t<li><strong>All of our lectures\/practicals are in Spanish.<\/strong><\/li>\r\n<\/ul>\r\n<\/li>\r\n<\/ul>\r\n<\/li>\r\n<\/ul>\r\n<strong>AVISO MATR\u00cdCULA 2020-21<\/strong>: se puede hacer <em>online<\/em>, enviando el compromiso acad\u00e9mico firmado por la coordinadora a <a href=\"mailto:fveadm@unileon.es\">fveadm@unileon.es<\/a> (poner en el asunto: Matr\u00edcula Erasmus\/Amicus 2020-21).\r\n\r\n<strong>\u00a0Informaci\u00f3n resumida Movilidad <a href=\"https:\/\/sitioenmigracione.unileon.es\/wp-content\/uploads\/info%20movilidad%20Grado%20Vet.pdf\" target=\"_blank\" rel=\"noreferrer noopener\">Grado en Veterinaria<\/a> y <a href=\"https:\/\/sitioenmigracione.unileon.es\/wp-content\/uploads\/info%20movilidad%20Grado%20CTA.pdf\" target=\"_blank\" rel=\"noreferrer noopener\">Grado en Ciencia y T. de los Alimentos<\/a>.<\/strong>\r\n\r\n<hr class=\"wp-block-separator has-alpha-channel-opacity\" \/>\r\n\r\n<strong>MOVILIDAD NACIONAL<\/strong>\r\n\r\n<strong>Programa SICUE: <\/strong><strong>programa de intercambio de estudiantes entre universidades espa\u00f1olas.<\/strong>\r\n\r\nLos alumnos de las titulaciones de Grado de la Facultad de Veterinaria que obtengan una plaza de Intercambio en el Programa SICUE, podr\u00e1n incluir en sus acuerdos acad\u00e9micos <strong>como m\u00e1ximo una \u00fanica asignatura<\/strong> <strong>cursada previamente<\/strong> en la Facultad de Veterinaria de Le\u00f3n<em> (acuerdo Junta de Centro 20-02-2019).<\/em>\r\n\r\nCoordinadora: Prof. M. Jos\u00e9 Ranilla (<a href=\"mailto:fvevdec1@unileon.es\">fvevdec1@unileon.es<\/a>)\r\n\r\n<strong>Grado en Veterinaria:<\/strong>\r\n<ul>\r\n \t<li>Facultad de Veterinaria de la Universidad Aut\u00f3noma de Barcelona<\/li>\r\n \t<li>Facultad de Veterinaria de la Universidad Complutense de Madrid<\/li>\r\n \t<li>Facultad de Veterinaria de la Universidad de C\u00f3rdoba<\/li>\r\n \t<li>Facultad de Veterinaria de la Universidad de Extremadura (C\u00e1ceres)<\/li>\r\n \t<li>Facultad de Veterinaria de la Universidad de Las Palmas de Gran Canaria<\/li>\r\n \t<li>Facultad de Veterinaria de la Universidad de Murcia<\/li>\r\n \t<li>Facultad de Veterinaria de la Universidad de Santiago de Compostela (Lugo)<\/li>\r\n \t<li>Facultad de Veterinaria de la Universidad de Zaragoza<\/li>\r\n \t<li>Facultad de Veterinaria de la Universidad Cardenal Herrera-CEU (Valencia)<\/li>\r\n<\/ul>\r\n<strong>Grado en Ciencia y Tecnolog\u00eda de los Alimentos:<\/strong>\r\n<ul>\r\n \t<li>Universidad Aut\u00f3noma de Barcelona<\/li>\r\n \t<li>Universidad de C\u00f3rdoba<\/li>\r\n \t<li>Universidad de Extremadura (C\u00e1ceres)<\/li>\r\n \t<li>Universidad de Murcia<\/li>\r\n \t<li>Universidad de Zaragoza<\/li>\r\n \t<li>Universidad Aut\u00f3noma de Madrid<\/li>\r\n \t<li>Universidad de Barcelona<\/li>\r\n \t<li>Universidad de Burgos<\/li>\r\n \t<li>Universidad de Granada<\/li>\r\n \t<li>Universidad de La Laguna<\/li>\r\n \t<li>Universidad de L\u00e9rida<\/li>\r\n \t<li>Universidad Miguel Hern\u00e1ndez (Elche)<\/li>\r\n \t<li>Universidad del Pais Vasco<\/li>\r\n \t<li>Universidad de Santiago de Compostela<\/li>\r\n \t<li>Universidad de Valencia<\/li>\r\n \t<li>Universidad de Vigo<\/li>\r\n<\/ul>\r\nPara otros destinos, hablar con la Coordinadora.\r\n\r\n<strong>MOVILIDAD INTERNACIONAL<\/strong>\r\n\r\n<strong>Coordinaci\u00f3n: <\/strong>Javier Mateo (<a href=\"mailto:jmato@unileon.es\">jmato@unileon.es<\/a>).\r\n\r\n<a href=\"http:\/\/www.veterinaria.unileon.es\/images\/movilidad\/TUTORES%20DE%20MOVILIDAD%202020-2021.pdf\"><strong>Tutores de movilidad curso 2021-22.<\/strong><\/a>\r\n\r\n<strong>Estudiante colaboradora 21-22:\u00a0<\/strong>Marta Mu\u00f1oz San Romualdo (<a href=\"mailto:mmunos04@estudiantes.unileon.es\">mmunos04@estudiantes.unileon.es<\/a>)\r\n\r\n<a href=\"https:\/\/www.unileon.es\/internacional\/estudiantes\/movilidad-internacional-salientes\">Convocatorias<\/a>\r\n\r\n<a href=\"http:\/\/www.veterinaria.unileon.es\/condiciones%20selecci\u00f3n.pdf\"><strong>Condiciones espec\u00edficas de la Facultad de Veterinaria ERASMUS\/AMICUS.<\/strong><\/a>\r\n\r\n<a href=\"http:\/\/www.veterinaria.unileon.es\/condiciones%20selecci\u00f3n.pdf\"><strong>Aviso matr\u00edcula curso siguiente: <\/strong>aqu\u00e9llos alumnos que no tengan pasadas a actas sus calificaciones en movilidad, tienen un plazo especial<\/a> en septiembre\u00a0para la matr\u00edcula online del curso siguiente, seg\u00fan se indica <a href=\"https:\/\/www.unileon.es\/estudiantes\/estudiantes-grado\/matricula\/plazos\">aqu\u00ed<\/a>.\r\n\r\n<hr class=\"wp-block-separator has-alpha-channel-opacity\" \/>\r\n\r\n<strong>Programa ERASMUS<\/strong>\r\n\r\n<strong>Programa de intercambio de estudiantes entre universidades europeas.<\/strong>\r\n\r\n<a href=\"http:\/\/www.veterinaria.unileon.es\/images\/movilidad\/informacionErasmus20a21.pdf\">Procedimiento&gt;&gt;&gt;<\/a>\r\n\r\n<a href=\"https:\/\/www.unileon.es\/estudiantes\/erasmus-estudio\">M\u00e1s informaci\u00f3n sobre los destinos<\/a>.\r\n\r\n<a href=\"http:\/\/www.veterinaria.unileon.es\/images\/movilidad\/TUTORES%20DE%20MOVILIDAD.docx\">\u00a0<\/a>\r\n<ul>\r\n \t<li><a href=\"http:\/\/www.veterinaria.unileon.es\/index.php\/estudiantes\/movilidad-de-estudiantes#Veterinaria\">Grado en Veterinaria<\/a><\/li>\r\n \t<li><a href=\"http:\/\/www.veterinaria.unileon.es\/index.php\/estudiantes\/movilidad-de-estudiantes#CTA\">Grado en Ciencia y Tecnolog\u00eda de los Alimentos<\/a><\/li>\r\n \t<li><a href=\"http:\/\/www.doctoradoveterinaria.com\/index.php?option=com_content&amp;view=article&amp;id=53&amp;Itemid=18\">Master en Investigaci\u00f3n en Veterinaria y Ciencia y T. de los Alimentos<\/a><\/li>\r\n<\/ul>\r\n<figure class=\"wp-block-image\"><img decoding=\"async\" src=\"https:\/\/i.pinimg.com\/736x\/30\/58\/9f\/30589f731f65728ddb8e207a09e48987.jpg\" alt=\"Resultado de imagen de mapa europa\" \/><\/figure>\r\n\r\n<hr class=\"wp-block-separator has-alpha-channel-opacity\" \/>\r\n\r\n<h3 class=\"wp-block-heading\">Grado en Veterinaria<\/h3>\r\n<strong>ALEMANIA<\/strong>\r\n<ul>\r\n \t<li><a href=\"http:\/\/www.en.uni-muenchen.de\/about_lmu\/academics\/faculties\/fak_8_tiermed\/index.html\">LUDWIG MAXIMILIANS U. MUNICH<\/a>* \u2013\u00a0ALEM\u00c1N*<\/li>\r\n<\/ul>\r\n<strong>AUSTRIA<\/strong>\r\n<ul>\r\n \t<li><a href=\"https:\/\/www.vetmeduni.ac.at\/en\/\">UNIVERSITY OF VETERINARY MEDICINE<\/a>, VIENA \u2013 ALEM\u00c1N<\/li>\r\n<\/ul>\r\n<strong>B\u00c9LGICA<\/strong>\r\n<ul>\r\n \t<li><a href=\"https:\/\/www.ulg.ac.be\/cms\/a_16365\/en\/faculty-of-veterinary-medicine\">U. LIEJA<\/a>\u00a0\u2013 FRANC\u00c9S*<\/li>\r\n<\/ul>\r\n<strong>ITALIA<\/strong>\r\n<ul>\r\n \t<li><a href=\"http:\/\/www.agrariamedicinaveterinaria.unipd.it\/\">U. PADUA<\/a>\u00a0(Italia) \u2013\u00a0ITALIANO<\/li>\r\n \t<li>U.\u00a0<a href=\"http:\/\/www.vet.unipi.it\/content\/mv\/generico\/descrizione-del-corso-di-laurea\">PISA (Italia)<\/a>\u00a0\u2013\u00a0ITALIANO<\/li>\r\n \t<li><a href=\"http:\/\/www.veterinaria.unimi.it\/CorsiDiLaurea\/2016\/H15of1\/index_ITA_HTML.html\">U. MIL\u00c1N<\/a>\u00a0(Italia) \u2013\u00a0ITALIANO<\/li>\r\n \t<li><a href=\"http:\/\/www.agrariaveterinaria.unibo.it\/it\">U. BOLONIA<\/a>\u00a0(Italia) \u2013\u00a0ITALIANO<\/li>\r\n \t<li><a href=\"http:\/\/www.samev.unito.it\/it\">U. TUR\u00cdN<\/a>\u00a0(Italia) \u2013\u00a0ITALIANO<\/li>\r\n<\/ul>\r\n<strong>POLONIA<\/strong>\r\n<ul>\r\n \t<li><a href=\"http:\/\/www.up.wroc.pl\/faculties\/401\/the_faculty_of_veterinary_medicine.html\">WROCLAW U. ENVIRON. &amp; LIFE SCI.<\/a>\u00a0(Polonia) \u2013\u00a0INGL\u00c9S*<\/li>\r\n<\/ul>\r\n<strong>PORTUGAL<\/strong>\r\n<ul>\r\n \t<li><a href=\"http:\/\/www.fmv.ulisboa.pt\/\">U. LISBOA<\/a>\u00a0\u2013\u00a0PORTUGU\u00c9S<\/li>\r\n \t<li><a href=\"http:\/\/www.utad.pt\/vEN\/Area2\/study\/educational_offer\/1st%20cycle\/Pages\/1CicloCurso.aspx?idnum=6\">U. TRAS OS MONTES E ALTO DOURO<\/a>\u00a0(VILA REAL) \u2013\u00a0PORTUGU\u00c9S<\/li>\r\n \t<li><a href=\"http:\/\/www.estudar.uevora.pt\/Oferta\/mestrados_integrados\/curso\/(codigo)\/169\">U. \u00c9VORA<\/a>\u00a0\u2013\u00a0PORTUGU\u00c9S<\/li>\r\n<\/ul>\r\n<strong>ESLOVAQUIA<\/strong>\r\n<ul>\r\n \t<li><a href=\"http:\/\/www.uvlf.sk\/en\/erasmus\">U. KOSICE <\/a>\u2013 INGL\u00c9S<\/li>\r\n<\/ul>\r\n<strong>TURQUIA<\/strong>\r\n<ul>\r\n \t<li><a href=\"http:\/\/veteriner.istanbul.edu.tr\/en\/\">ISTAMBUL UNIVERSITY<\/a> (Estambul, Turqu\u00eda) \u2013 INGL\u00c9S*.<\/li>\r\n<\/ul>\r\n*Limitaci\u00f3n de asignaturas (hablar con el <a href=\"http:\/\/www.veterinaria.unileon.es\/images\/movilidad\/RESPONSABLES%20DE%20INTERCAMBIO%202015-16.pdf\">tutor de movilidad<\/a>).\r\n\r\n<strong>RUMAN\u00cdA<\/strong>\r\n<ul>\r\n \t<li>UNIVERSITY OF AGRONOMIC SCIENCES AND VETERINARY MEDICINE OF BUCHAREST<a href=\"https:\/\/www.usamv.ro\/index.php\/en\/academics\/faculties\">\u00a0\u00a0EN\u00a0<\/a><\/li>\r\n<\/ul>\r\n<strong>M\u00e1s info<\/strong>.: <a href=\"mailto:jmato@unileon.es\">jmato@unileon.es<\/a>\r\n\r\n<a href=\"http:\/\/www.unileon.es\/estudiantes\/internacional-movilidad\/estudiantes\/movilidad-internacional\/erasmus-estudio\/plazas?sr=7&amp;c=01&amp;t=0106\">http:\/\/www.unileon.es\/estudiantes\/internacional-movilidad\/estudiantes\/movilidad-internacional\/erasmus-estudio\/plazas?sr=7&amp;c=01&amp;t=0106<\/a>\r\n\r\n&nbsp;\r\n\r\n<hr class=\"wp-block-separator has-alpha-channel-opacity\" \/>\r\n\r\n<h3 class=\"wp-block-heading\">Grado en Ciencia y Tecnolog\u00eda de los Alimentos<\/h3>\r\n<strong>ITALIA<\/strong>\r\n<ul>\r\n \t<li><a href=\"http:\/\/www.unite.it\/UniTE\/Engine\/RAServePG.php\/P\/321161UTE0400\/M\/321011UTE0441\">U. TERAMO<\/a> (Italia) \u2013\u00a0ITALIANO<\/li>\r\n \t<li>U. PISA (Italia) \u2013\u00a0ITALIANO<\/li>\r\n \t<li><a href=\"http:\/\/www.unipr.it\/node\/1183\/2016\">U. PARMA<\/a> (Italia) \u2013\u00a0ITALIANO<\/li>\r\n<\/ul>\r\n<strong>PORTUGAL<\/strong>\r\n<ul>\r\n \t<li><a href=\"https:\/\/fenix.isa.ulisboa.pt\/qubEdu\/cursos\/lealim\">U. T\u00c9CNICA LISBOA<\/a> (Portugal) \u2013\u00a0PORTUGU\u00c9S<\/li>\r\n \t<li><a href=\"http:\/\/www.utad.pt\/vEN\/Area2\/study\/educational_offer\/1st%20cycle\/Pages\/1CicloCurso.aspx?idnum=32\">U. TRAS OS MONTES E ALTODOURO<\/a> (Vilareal, Portugal) \u2013\u00a0PORTUGU\u00c9S<\/li>\r\n<\/ul>\r\n<strong>POLONIA<\/strong>\r\n<ul>\r\n \t<li><a href=\"http:\/\/www.up.wroc.pl\/faculties\/403\/the_faculty_of_food_science.html\">WROCLAW U.\u00a0ENVIRON. &amp; LIFE SCIENCES<\/a>\u00a0(Polonia) \u2013\u00a0INGL\u00c9S<\/li>\r\n<\/ul>\r\n<strong>GRECIA<\/strong>\r\n<ul>\r\n \t<li><a href=\"https:\/\/www.teilar.gr\/index_en.php\">Tech. Educational Institute (TEI) Larissa<\/a> \u2013 INGL\u00c9S<\/li>\r\n \t<li><a href=\"http:\/\/erasmus.teithe.gr\/index_en.html\">Alexander Tech. Educational Institute (TEI) Thesalonika<\/a> \u2013 INGL\u00c9S<\/li>\r\n<\/ul>\r\n<strong>LITUANIA<\/strong>\r\n<ul>\r\n \t<li><a href=\"http:\/\/www.lsmuni.lt\/media\/dynamic\/files\/9982\/veterinary_food_safety_description.pdf\">Lithuanian Univ. of Health Sciences<\/a> \u2013 INGL\u00c9S<\/li>\r\n<\/ul>\r\n<strong>RUMANIA<\/strong>\r\n<ul>\r\n \t<li>U. CLUJ-NAPOCA (Rumania) \u2013\u00a0INGL\u00c9S<\/li>\r\n<\/ul>\r\nPara asignaturas a cursar, hablar con el tutor de movilidad, Prof. Jose M\u00aa Rodr\u00edguez Calleja (<a href=\"mailto:jmrodc@unileon.es\">jmrodc@unileon.es<\/a>).\r\n\r\n<hr class=\"wp-block-separator has-alpha-channel-opacity\" \/>\r\n\r\n<strong>Programa AMICUS<\/strong>\r\n\r\nAdem\u00e1s del Programa Erasmus, la Facultad de Veterinaria de Le\u00f3n oferta intercambios de estudiantes con otras universidades no europeas.\r\n\r\nPara destinos del Programa Amicus de Latinoam\u00e9rica, la Facultad de Veterinaria solo prev\u00e9 asimilaci\u00f3n de ense\u00f1anzas para los Rotatorios\/Estancias, dependiendo del destino, y para asignaturas de 4\u00ba o 5\u00ba de car\u00e1cter cl\u00ednico-pr\u00e1ctico. Ver\u00a0<a href=\"http:\/\/www.veterinaria.unileon.es\/images\/movilidad\/condiciones%20selecci\u00f3n.pdf\"><strong>Condiciones espec\u00edficas de la Facultad de Veterinaria.<\/strong><\/a>\r\n\r\nEn EEUU, de momento no hay intercambio, pero la Facultad estar\u00eda interesada en abrir convenios.\r\n<figure class=\"wp-block-image\"><img decoding=\"async\" src=\"https:\/\/terceravision.files.wordpress.com\/2011\/03\/mapamundi.gif?w=350&amp;h=227\" alt=\"Resultado de imagen de globo terraqueo\" \/><\/figure>\r\n<a href=\"http:\/\/www.veterinaria.unileon.es\/images\/movilidad\/informacionAMICUS20a21.pdf\">Procedimiento&gt;&gt;&gt;<\/a>\r\n\r\n<a href=\"http:\/\/www.veterinaria.unileon.es\/images\/movilidad\/TUTORES%20DE%20MOVILIDAD%202020-2021.pdf\">Tutores de Movilidad&gt;&gt;&gt;<\/a>\r\n\r\n<a href=\"https:\/\/www.unileon.es\/becas\/convocatoria-programa-amicus-20222023\">Convocatoria AMICUS&gt;&gt;&gt;<\/a>\r\n\r\n<a href=\"https:\/\/www.unileon.es\/becas\/convocatoria-programa-amicus-20222023\">\u00a0<\/a>\r\n\r\nEn el <strong>Grado en Veterinaria<\/strong>, existen los siguientes destinos:\r\n<figure class=\"wp-block-table\">\r\n<table>\r\n<tbody>\r\n<tr>\r\n<td>\u00a0<a href=\"http:\/\/www.ulbra.br\/\">UNIVERSIDAD LUTERANA<\/a> (ULBRA), BRASIL<\/td>\r\n<td>\u00a0 \u00a0 \u00a0 \u00a0 <a href=\"http:\/\/bajio.delasalle.edu.mx\/\">UNIVERSIDAD DE LASALLE BAJIO<\/a>,\u00a0M\u00c9XICO <a href=\"http:\/\/www.udesc.br\/\">\u00a0<\/a><\/td>\r\n<\/tr>\r\n<tr>\r\n<td>\u00a0<a href=\"https:\/\/www.umayor.cl\/um\/\">UNIVERSIDAD MAYOR DE CHILE<\/a><\/td>\r\n<td>\u00a0\u00a0 <a href=\"https:\/\/www.uv.mx\/\">UNIVERSIDAD VERACRUZANA<\/a>\u00a0 M\u00c9XICO<\/td>\r\n<\/tr>\r\n<tr>\r\n<td>\u00a0\u00a0\u00a0 <a href=\"http:\/\/www.upf.br\/\">UNIVERSIDADE DO PASSO FUNDO<\/a>,\u00a0 BRASIL<\/td>\r\n<td>\u00a0 <a href=\"https:\/\/www.uvm.cl\/\">UNIVERSIDAD VI\u00d1A DEL MAR<\/a>, CHILE<\/td>\r\n<\/tr>\r\n<tr>\r\n<td><\/td>\r\n<td><\/td>\r\n<\/tr>\r\n<\/tbody>\r\n<\/table>\r\n<\/figure>\r\nEn el <strong>Grado en Ciencia y Tecnolog\u00eda de los Alimentos<\/strong>, hay convenio con:\r\n\r\n\u2013 <strong>U. Aut\u00f3noma del Estado de M\u00c9JICO<\/strong> (UAEM, Qu\u00edmica de Alimentos, Facultad de Qu\u00edmica), M\u00c9XICO (CTA) TOLUCA (universidad p\u00fablica ubicada en Toluca):\u00a0<a href=\"http:\/\/dep.uaemex.mx\/curricular\/sitio_\/index.php\" target=\"_blank\" rel=\"noreferrer noopener\">http:\/\/dep.uaemex.mx\/curricular\/sitio_\/index.php<\/a>\u00a0, \u00faltimo plan 2015.\r\n\r\n\u2013 <strong>U Oeste Santa Catarina (BRASIL)<\/strong>:\u00a0Engenharia de Alimentos (S\u00e3o Miguel do Oeste y Videira)\u00a0<a href=\"http:\/\/www.unoesc.edu.br\/cursos\/graduacao\/engenharia-de-alimentos\/apresentacao\/21\/400\/matriz\" target=\"_blank\" rel=\"noreferrer noopener\">http:\/\/www.unoesc.edu.br\/cursos\/graduacao\/engenharia-de-alimentos\/apresentacao\/21\/400\/matriz<\/a>\r\nAgronomia \u00a0(4 lugares)\u00a0<a href=\"http:\/\/www.unoesc.edu.br\/cursos\/graduacao\/agronomia\/apresentacao\/3\/101\/matriz\" target=\"_blank\" rel=\"noreferrer noopener\">http:\/\/www.unoesc.edu.br\/cursos\/graduacao\/agronomia\/apresentacao\/3\/101\/matriz<\/a>\r\nNutri\u00e7\u00e3o \u00a0(vide\u00edra)\u00a0<a href=\"http:\/\/www.unoesc.edu.br\/cursos\/graduacao\/nutricao\/apresentacao\/35\/200\/matriz\" target=\"_blank\" rel=\"noreferrer noopener\">http:\/\/www.unoesc.edu.br\/cursos\/graduacao\/nutricao\/apresentacao\/35\/200\/matriz<\/a>\r\n\r\n\u2013 \u00a0<strong>U. Federal de Pelotas (BRASIL)<\/strong>:\u00a0<a href=\"http:\/\/portal.ufpel.edu.br\/%20\">http:\/\/portal.ufpel.edu.br\/<\/a>, Bachelarado Qu\u00edmica de Alimentos:\u00a0<a href=\"http:\/\/portal.ufpel.edu.br\/apicobalto\/curso\/4300\/\">http:\/\/portal.ufpel.edu.br\/apicobalto\/curso\/4300\/<\/a>\r\n\r\n\r\nM\u00e1s info. en la web de la ULE:\u00a0<a href=\"http:\/\/www.unileon.es\/internacional-y-movilidad\">http:\/\/www.unileon.es\/internacional-y-movilidad<\/a>\r\n\r\n<hr class=\"wp-block-separator has-alpha-channel-opacity\" \/>\r\n\r\n<h1 class=\"wp-block-heading\"><strong>PROGRAMA ERASMUS PR\u00c1CTICAS (PR\u00c1CTICAS EN EL EXTRANJERO)<\/strong><\/h1>\r\nAdem\u00e1s el Programa Erasmus Estudio, existe un <strong>Programa Erasmus Pr\u00e1cticas<\/strong> para realizar pr\u00e1cticas en alg\u00fan pa\u00eds europeo.\u00a0En la <a href=\"https:\/\/www.unileon.es\/estudiantes\/internacional-movilidad\/estudiantes\/movilidad-internacional\/erasmus-practicas\/convocatoria\">web de la ULE<\/a>,\u00a0pod\u00e9is encontrar informaci\u00f3n sobre dicho Programa. En la Facultad, la Coordinadora de estas pr\u00e1cticas es la Vicedecana M. Teresa Carbajo Rueda.\r\n\r\nAqu\u00e9llos interesados en realizar\u00a0pr\u00e1cticas en el extranjero\u00a0os recomendamos los siguientes portales:\r\n\r\n\u2013\u00a0<a href=\"http:\/\/erasmusintern.org\/\">ERASMUSINTERN.ORG<\/a>:\u00a0\u00a0portal para b\u00fasqueda de pr\u00e1cticas en el extranjero dentro del programa Erasmus + y que depende de la International Erasmus Student Network (<a href=\"http:\/\/esn.org\/\">esn.org<\/a>).\r\n\r\n\u2013\u00a0<a href=\"http:\/\/eurasmus.com\/\">EURASMUS.COM<\/a>: empresa espa\u00f1ola que ofrece servicios, de manera gratuita, para encontrar empresas de diversos \u00e1mbitos en Europa donde realizar las pr\u00e1cticas.\r\n\r\n\u2013\u00a0<a href=\"http:\/\/globalplacement.com\/\">GLOBALPLACEMENT.COM<\/a>\r\n\r\n\u2013\u00a0<a href=\"http:\/\/www.graduateland.com\/\">www.graduateland.com<\/a>\r\n\r\n&nbsp;\r\n\r\n<\/div>\r\n<div class=\"wp-block-spacer\" aria-hidden=\"true\"><\/div>","protected":false},"excerpt":{"rendered":"<p>Movilidad de Estudiantes MOVILIDAD NACIONAL MOVILIDAD INTERNACIONAL Programa Erasmus Estudio Programa Amicus Programa Erasmus Pr\u00e1cticas Alumnos extranjeros\/International Students: Informaci\u00f3n para estancias en el Hospital Veterinario\/Internships at the Veterinary Teaching Hospital (Ule). Estudiar en Le\u00f3n\/Study in Le\u00f3n. \u00abEnglish friendly\u00bb list of courses\u00a0(academic offer). Informaci\u00f3n Acad\u00e9mica para Alumnos Extranjeros\/Academic Info. for International Students C\u00f3digos asignaturas Grado Veterinaria [&hellip;]<\/p>\n","protected":false},"author":2,"featured_media":0,"parent":0,"menu_order":0,"comment_status":"closed","ping_status":"closed","template":"","meta":{"footnotes":""},"class_list":["post-492","page","type-page","status-publish","hentry"],"_links":{"self":[{"href":"https:\/\/centros.unileon.es\/veterinaria\/wp-json\/wp\/v2\/pages\/492","targetHints":{"allow":["GET"]}}],"collection":[{"href":"https:\/\/centros.unileon.es\/veterinaria\/wp-json\/wp\/v2\/pages"}],"about":[{"href":"https:\/\/centros.unileon.es\/veterinaria\/wp-json\/wp\/v2\/types\/page"}],"author":[{"embeddable":true,"href":"https:\/\/centros.unileon.es\/veterinaria\/wp-json\/wp\/v2\/users\/2"}],"replies":[{"embeddable":true,"href":"https:\/\/centros.unileon.es\/veterinaria\/wp-json\/wp\/v2\/comments?post=492"}],"version-history":[{"count":1,"href":"https:\/\/centros.unileon.es\/veterinaria\/wp-json\/wp\/v2\/pages\/492\/revisions"}],"predecessor-version":[{"id":493,"href":"https:\/\/centros.unileon.es\/veterinaria\/wp-json\/wp\/v2\/pages\/492\/revisions\/493"}],"wp:attachment":[{"href":"https:\/\/centros.unileon.es\/veterinaria\/wp-json\/wp\/v2\/media?parent=492"}],"curies":[{"name":"wp","href":"https:\/\/api.w.org\/{rel}","templated":true}]}}