{"id":486,"date":"2024-01-07T23:34:02","date_gmt":"2024-01-07T22:34:02","guid":{"rendered":"https:\/\/centros.unileon.es\/veterinaria\/?page_id=486"},"modified":"2024-01-07T23:34:02","modified_gmt":"2024-01-07T22:34:02","slug":"acceso-y-admision-de-estudiantes","status":"publish","type":"page","link":"https:\/\/centros.unileon.es\/veterinaria\/acceso-y-admision-de-estudiantes\/","title":{"rendered":"Acceso y admisi\u00f3n de estudiantes"},"content":{"rendered":"Para iniciar los estudios del Grado en Veterinaria en la Universidad de Le\u00f3n es necesario superar previamente las pruebas de acceso a la Universidad.\r\n\r\nUna vez superadas, el primer tr\u00e1mite consiste en solicitar plaza mediante preinscripci\u00f3n. Anualmente se fijan los plazos en el mes de junio. En la convocatoria de septiembre ya est\u00e1n agotadas todas las plazas. Toda la informaci\u00f3n relativa al proceso de preinscripci\u00f3n y matr\u00edcula puede consultarse en <a href=\"https:\/\/www.unileon.es\/estudiantes\/futuros-estudiantes\/acceso\">http:\/\/www.unileon.es\/estudiantes\/estudiantes-que-desean-acceder<\/a>.\r\n\r\nLa Universidad de Le\u00f3n dispone de un Servicio de informaci\u00f3n de la Unidad de Acceso en <a href=\"http:\/\/www.facebook.com\/#!\/pages\/ULE-Acceso\/198994253459144?sk=wall\">Facebook <\/a>y en <a href=\"https:\/\/twitter.com\/UNIDADDEACCESO\">twitter<\/a>.\r\n\r\nLa admisi\u00f3n anual de alumnos de nuevo ingreso en el Grado en Veterinaria para el curso 2024-25 es de 100. La nota de corte en curso 2023-24 se ha situado en <strong>11,235<\/strong>","protected":false},"excerpt":{"rendered":"<p>Para iniciar los estudios del Grado en Veterinaria en la Universidad de Le\u00f3n es necesario superar previamente las pruebas de acceso a la Universidad. Una vez superadas, el primer tr\u00e1mite consiste en solicitar plaza mediante preinscripci\u00f3n. Anualmente se fijan los plazos en el mes de junio. En la convocatoria de septiembre ya est\u00e1n agotadas todas [&hellip;]<\/p>\n","protected":false},"author":2,"featured_media":0,"parent":0,"menu_order":0,"comment_status":"closed","ping_status":"closed","template":"","meta":{"footnotes":""},"class_list":["post-486","page","type-page","status-publish","hentry"],"_links":{"self":[{"href":"https:\/\/centros.unileon.es\/veterinaria\/wp-json\/wp\/v2\/pages\/486","targetHints":{"allow":["GET"]}}],"collection":[{"href":"https:\/\/centros.unileon.es\/veterinaria\/wp-json\/wp\/v2\/pages"}],"about":[{"href":"https:\/\/centros.unileon.es\/veterinaria\/wp-json\/wp\/v2\/types\/page"}],"author":[{"embeddable":true,"href":"https:\/\/centros.unileon.es\/veterinaria\/wp-json\/wp\/v2\/users\/2"}],"replies":[{"embeddable":true,"href":"https:\/\/centros.unileon.es\/veterinaria\/wp-json\/wp\/v2\/comments?post=486"}],"version-history":[{"count":1,"href":"https:\/\/centros.unileon.es\/veterinaria\/wp-json\/wp\/v2\/pages\/486\/revisions"}],"predecessor-version":[{"id":487,"href":"https:\/\/centros.unileon.es\/veterinaria\/wp-json\/wp\/v2\/pages\/486\/revisions\/487"}],"wp:attachment":[{"href":"https:\/\/centros.unileon.es\/veterinaria\/wp-json\/wp\/v2\/media?parent=486"}],"curies":[{"name":"wp","href":"https:\/\/api.w.org\/{rel}","templated":true}]}}