{"id":406,"date":"2023-12-14T13:05:03","date_gmt":"2023-12-14T12:05:03","guid":{"rendered":"https:\/\/centros.unileon.es\/veterinaria\/?page_id=406"},"modified":"2023-12-15T11:01:28","modified_gmt":"2023-12-15T10:01:28","slug":"granja-experimental","status":"publish","type":"page","link":"https:\/\/centros.unileon.es\/veterinaria\/granja-experimental\/","title":{"rendered":"Granja Experimental"},"content":{"rendered":"La Universidad de Le\u00f3n posee una granja de 130.000 metros cuadrados situada a 1,5 km de la Facultad de Veterinaria. Tiene capacidad para 30 vacas, 200 ovejas, 70 cerdas, 5.000 pollos y 9.000 gallinas ponedoras. Tambi\u00e9n dispone de una nave con seis boxes para alojamiento de sementales y doce boxes prefabricados de madera para alojamiento de yeg\u00fcas. Aunque la Universidad es la propietaria de la granja, est\u00e1 gestionada por una empresa privada. En la granja de la Universidad se realizan muchas pr\u00e1cticas de diversas asignaturas del Grado en Veterinaria, relacionadas principalmente con la Producci\u00f3n y la Sanidad Animal.","protected":false},"excerpt":{"rendered":"<p>La Universidad de Le\u00f3n posee una granja de 130.000 metros cuadrados situada a 1,5 km de la Facultad de Veterinaria. Tiene capacidad para 30 vacas, 200 ovejas, 70 cerdas, 5.000 pollos y 9.000 gallinas ponedoras. Tambi\u00e9n dispone de una nave con seis boxes para alojamiento de sementales y doce boxes prefabricados de madera para alojamiento [&hellip;]<\/p>\n","protected":false},"author":2,"featured_media":0,"parent":0,"menu_order":0,"comment_status":"closed","ping_status":"closed","template":"","meta":{"footnotes":""},"class_list":["post-406","page","type-page","status-publish","hentry"],"_links":{"self":[{"href":"https:\/\/centros.unileon.es\/veterinaria\/wp-json\/wp\/v2\/pages\/406","targetHints":{"allow":["GET"]}}],"collection":[{"href":"https:\/\/centros.unileon.es\/veterinaria\/wp-json\/wp\/v2\/pages"}],"about":[{"href":"https:\/\/centros.unileon.es\/veterinaria\/wp-json\/wp\/v2\/types\/page"}],"author":[{"embeddable":true,"href":"https:\/\/centros.unileon.es\/veterinaria\/wp-json\/wp\/v2\/users\/2"}],"replies":[{"embeddable":true,"href":"https:\/\/centros.unileon.es\/veterinaria\/wp-json\/wp\/v2\/comments?post=406"}],"version-history":[{"count":2,"href":"https:\/\/centros.unileon.es\/veterinaria\/wp-json\/wp\/v2\/pages\/406\/revisions"}],"predecessor-version":[{"id":458,"href":"https:\/\/centros.unileon.es\/veterinaria\/wp-json\/wp\/v2\/pages\/406\/revisions\/458"}],"wp:attachment":[{"href":"https:\/\/centros.unileon.es\/veterinaria\/wp-json\/wp\/v2\/media?parent=406"}],"curies":[{"name":"wp","href":"https:\/\/api.w.org\/{rel}","templated":true}]}}