{"id":382,"date":"2023-12-14T12:47:46","date_gmt":"2023-12-14T11:47:46","guid":{"rendered":"https:\/\/centros.unileon.es\/veterinaria\/?page_id=382"},"modified":"2024-01-01T14:24:26","modified_gmt":"2024-01-01T13:24:26","slug":"practicas-externas","status":"publish","type":"page","link":"https:\/\/centros.unileon.es\/veterinaria\/practicas-externas\/","title":{"rendered":"Practicas externas"},"content":{"rendered":"<div class=\"entry-content has-text-color has-contrast-color has-background has-base-background-color wp-block-post-content has-medium-font-size wp-elements-6e450c93c155088416d78ebd2239133c is-layout-flow wp-container-core-post-content-layout-1 wp-block-post-content-is-layout-flow\">\r\n\r\n<a href=\"http:\/\/www.unileon.es\/modelos\/archivo\/norregint\/201461814234959_n_reglamento_practicas_externas_en_los_estudios_de_grado,_master_y_doctorado_de_la_universidad_de_leon.pdf\" target=\"_blank\" rel=\"noreferrer noopener\"><span style=\"font-family: trebuchet ms, geneva, sans-serif;\"><span style=\"color: #0000ff;\">Reglamento de la ULE por el que se regulan las Pr\u00e1cticas Externas<\/span><\/span><\/a>\r\n\r\n<span style=\"font-family: trebuchet ms, geneva, sans-serif;\"><a href=\"https:\/\/centros.unileon.es\/veterinaria\/files\/2024\/01\/ReglamentoPracticasExternasFacVeterinaria-Def.pdf\">Reglamento de Pr\u00e1cticas Externas en los estudios de Grado en Veterinaria<\/a><\/span>\r\n\r\n<span style=\"font-family: trebuchet ms, geneva, sans-serif;\">INFORMACI\u00d3N DE INTER\u00c9S SOBRE LAS PR\u00c1CTICAS EXTERNAS<\/span>\r\n<ul>\r\n \t<li><span style=\"font-family: trebuchet ms, geneva, sans-serif;\"><strong><a href=\"https:\/\/sitioenmigracione.unileon.es\/wp-content\/Veterinaria\/Pract_Externas\/Informacion%20Practicas%20Curriculares.pdf\">Informaci\u00f3n Pr\u00e1cticas Curriculares<\/a><\/strong><\/span><\/li>\r\n \t<li><span style=\"font-family: trebuchet ms, geneva, sans-serif;\"><strong><a href=\"https:\/\/sitioenmigracione.unileon.es\/wp-content\/Veterinaria\/Pract_Externas\/Informacion%20Practicas%20Extracurriculares.pdf\">Informaci\u00f3n Pr\u00e1cticas Extracurriculares<\/a><\/strong><\/span><\/li>\r\n \t<li><span style=\"font-family: trebuchet ms, geneva, sans-serif;\"><strong><a href=\"https:\/\/sitioenmigracione.unileon.es\/wp-content\/Veterinaria\/Pract_Externas\/Informacion%20general%20pract%20extracurriculares_menos%20150%20creditos.pdf\">Informaci\u00f3n Pr\u00e1cticas Extracurriculares<\/a><\/strong>\u00a0(&lt;150 cr\u00e9ditos aprobados)<\/span><\/li>\r\n<\/ul>\r\n<ul>\r\n \t<li><span style=\"font-family: trebuchet ms, geneva, sans-serif;\"><a href=\"https:\/\/sitioenmigracione.unileon.es\/wp-content\/Veterinaria\/Pract_Externas\/Datos%20de%20la%20empresa%20necesarios%20para%20preparar%20el%20acuerdo%20de%20colaboracion.docx\">Datos de la empresa necesarios para preparar el acuerdo de colaboraci\u00f3n<\/a><\/span><\/li>\r\n \t<li><span style=\"font-family: trebuchet ms, geneva, sans-serif;\"><a href=\"https:\/\/sitioenmigracione.unileon.es\/wp-content\/Veterinaria\/Pract_Externas\/Datos%20necesario%20para%20completar%20el%20cuestionario%20del%20anexo_practicas.docx\">Datos necesarios para completar el cuestionario del anexo de pr\u00e1cticas<\/a><\/span><\/li>\r\n<\/ul>\r\n<span style=\"font-family: trebuchet ms, geneva, sans-serif;\"><a href=\"https:\/\/sitioenmigracione.unileon.es\/wp-content\/Veterinaria\/Pract_Externas\/ReconocimientoCreditosOptativa.pdf\">Informaci\u00f3n sobre el Reconocimiento de Cr\u00e9ditos para asignaturas optativas<\/a><\/span>\r\n\r\n<span style=\"font-family: trebuchet ms, geneva, sans-serif;\"><a href=\"https:\/\/sitioenmigracione.unileon.es\/wp-content\/Veterinaria\/Pract_Externas\/Empresas%20colaboradoras.pdf\">Relaci\u00f3n de Empresas Colaboradoras en las Pr\u00e1cticas Externas del Grado en Veterinaria<\/a><\/span>\r\n\r\n<a href=\"https:\/\/centros.unileon.es\/veterinaria\/convenios-en-vigor-pagina-web-facultad\/\"><span style=\"font-family: trebuchet ms, geneva, sans-serif;\">Relaci\u00f3n de Empresas Colaboradoras en las Pr\u00e1cticas Externas del Grado en Veterinaria con convenio en vigor<\/span><\/a>\r\n\r\n<\/div>","protected":false},"excerpt":{"rendered":"<p>Reglamento de la ULE por el que se regulan las Pr\u00e1cticas Externas Reglamento de Pr\u00e1cticas Externas en los estudios de Grado en Veterinaria INFORMACI\u00d3N DE INTER\u00c9S SOBRE LAS PR\u00c1CTICAS EXTERNAS Informaci\u00f3n Pr\u00e1cticas Curriculares Informaci\u00f3n Pr\u00e1cticas Extracurriculares Informaci\u00f3n Pr\u00e1cticas Extracurriculares\u00a0(&lt;150 cr\u00e9ditos aprobados) Datos de la empresa necesarios para preparar el acuerdo de colaboraci\u00f3n Datos necesarios para [&hellip;]<\/p>\n","protected":false},"author":2,"featured_media":0,"parent":0,"menu_order":0,"comment_status":"closed","ping_status":"closed","template":"","meta":{"footnotes":""},"class_list":["post-382","page","type-page","status-publish","hentry"],"_links":{"self":[{"href":"https:\/\/centros.unileon.es\/veterinaria\/wp-json\/wp\/v2\/pages\/382","targetHints":{"allow":["GET"]}}],"collection":[{"href":"https:\/\/centros.unileon.es\/veterinaria\/wp-json\/wp\/v2\/pages"}],"about":[{"href":"https:\/\/centros.unileon.es\/veterinaria\/wp-json\/wp\/v2\/types\/page"}],"author":[{"embeddable":true,"href":"https:\/\/centros.unileon.es\/veterinaria\/wp-json\/wp\/v2\/users\/2"}],"replies":[{"embeddable":true,"href":"https:\/\/centros.unileon.es\/veterinaria\/wp-json\/wp\/v2\/comments?post=382"}],"version-history":[{"count":7,"href":"https:\/\/centros.unileon.es\/veterinaria\/wp-json\/wp\/v2\/pages\/382\/revisions"}],"predecessor-version":[{"id":485,"href":"https:\/\/centros.unileon.es\/veterinaria\/wp-json\/wp\/v2\/pages\/382\/revisions\/485"}],"wp:attachment":[{"href":"https:\/\/centros.unileon.es\/veterinaria\/wp-json\/wp\/v2\/media?parent=382"}],"curies":[{"name":"wp","href":"https:\/\/api.w.org\/{rel}","templated":true}]}}