{"id":10,"date":"2010-10-06T09:11:34","date_gmt":"2010-10-06T09:11:34","guid":{"rendered":"http:\/\/centros.unileon.es\/veterinaria\/"},"modified":"2011-01-12T21:31:30","modified_gmt":"2011-01-12T21:31:30","slug":"departamentos","status":"publish","type":"page","link":"https:\/\/centros.unileon.es\/veterinaria\/departamentos\/","title":{"rendered":"Departamentos"},"content":{"rendered":"<ul>\r\n\t<li><a href=\"http:\/\/departamentos.unileon.es\/biodiversidad-y-gestion-ambiental\">Biodiversidad y Gesti\u00f3n Ambiental<\/a><\/li>\r\n\t<li><a href=\"http:\/\/departamentos.unileon.es\/biologia-molecular\">Biolog\u00eda Molecular<\/a><\/li>\r\n\t<li><a href=\"http:\/\/departamentos.unileon.es\/direccion-y-economia-de-la-empresa\">Direcci\u00f3n y Econom\u00eda de la Empresa<\/a><\/li>\r\n\t<li><a href=\"http:\/\/departamentos.unileon.es\/ciencias-biomedicas\/\">Ciencias Biom\u00e9dicas<\/a><\/li>\r\n\t<li><a href=\"http:\/\/departamentos.unileon.es\/quimica-y-fisica-aplicadas\/\">Qu\u00edmica y F\u00edsica Aplicadas<\/a><\/li>\r\n\t<li><a href=\"http:\/\/departamentos.unileon.es\/higiene-y-tecnologia-de-los-alimentos\/\">Higiene y Tecnolog\u00eda de los Alimentos<\/a><\/li>\r\n\t<li><a href=\"http:\/\/departamentos.unileon.es\/historia\">Historia<\/a><\/li>\r\n\t<li><a href=\"http:\/\/departamentos.unileon.es\/filologia-moderna\/\">Filolog\u00eda Moderna<\/a><\/li>\r\n\t<li><a href=\"http:\/\/departamentos.unileon.es\/matematicas\">Matem\u00e1ticas<\/a><\/li>\r\n\t<li><a href=\"http:\/\/departamentos.unileon.es\/medicina-cirugia-y-anatomia-veterinaria\">Medicina, Cirug\u00eda y Anatom\u00eda Veterinaria<\/a><\/li>\r\n\t<li><a href=\"http:\/\/departamentos.unileon.es\/sanidad-animal\">Sanidad Animal<\/a><\/li>\r\n\t<li><a href=\"http:\/\/departamentos.unileon.es\/produccion-animal\">Producci\u00f3n Animal<\/a><\/li>\r\n<\/ul>","protected":false},"excerpt":{"rendered":"<p>Biodiversidad y Gesti\u00f3n Ambiental Biolog\u00eda Molecular Direcci\u00f3n y Econom\u00eda de la Empresa Ciencias Biom\u00e9dicas Qu\u00edmica y F\u00edsica Aplicadas Higiene y Tecnolog\u00eda de los Alimentos Historia Filolog\u00eda Moderna Matem\u00e1ticas Medicina, Cirug\u00eda y Anatom\u00eda Veterinaria Sanidad Animal Producci\u00f3n Animal<\/p>\n","protected":false},"author":1,"featured_media":0,"parent":0,"menu_order":0,"comment_status":"closed","ping_status":"open","template":"","meta":{"footnotes":""},"class_list":["post-10","page","type-page","status-publish","hentry"],"_links":{"self":[{"href":"https:\/\/centros.unileon.es\/veterinaria\/wp-json\/wp\/v2\/pages\/10","targetHints":{"allow":["GET"]}}],"collection":[{"href":"https:\/\/centros.unileon.es\/veterinaria\/wp-json\/wp\/v2\/pages"}],"about":[{"href":"https:\/\/centros.unileon.es\/veterinaria\/wp-json\/wp\/v2\/types\/page"}],"author":[{"embeddable":true,"href":"https:\/\/centros.unileon.es\/veterinaria\/wp-json\/wp\/v2\/users\/1"}],"replies":[{"embeddable":true,"href":"https:\/\/centros.unileon.es\/veterinaria\/wp-json\/wp\/v2\/comments?post=10"}],"version-history":[{"count":9,"href":"https:\/\/centros.unileon.es\/veterinaria\/wp-json\/wp\/v2\/pages\/10\/revisions"}],"predecessor-version":[{"id":102,"href":"https:\/\/centros.unileon.es\/veterinaria\/wp-json\/wp\/v2\/pages\/10\/revisions\/102"}],"wp:attachment":[{"href":"https:\/\/centros.unileon.es\/veterinaria\/wp-json\/wp\/v2\/media?parent=10"}],"curies":[{"name":"wp","href":"https:\/\/api.w.org\/{rel}","templated":true}]}}