{"id":999,"date":"2021-02-04T11:29:51","date_gmt":"2021-02-04T11:29:51","guid":{"rendered":"https:\/\/centros.unileon.es\/educacion\/?page_id=999"},"modified":"2026-04-20T08:27:23","modified_gmt":"2026-04-20T08:27:23","slug":"documentos-generales","status":"publish","type":"page","link":"https:\/\/centros.unileon.es\/educacion\/documentos-generales\/","title":{"rendered":"Documentos generales"},"content":{"rendered":"<p><a href=\"https:\/\/centros.unileon.es\/educacion\/files\/2021\/02\/Reglamento-ULE-Practicas-Externas.pdf\">Reglamento por el que se regulan las pr\u00e1cticas externos en los estudios de Grado, M\u00e1ster y Doctorado de la Universidad de Le\u00f3n<\/a><\/p>\r\n<p><a href=\"https:\/\/centros.unileon.es\/educacion\/files\/2026\/04\/Convenio-de-Cooperacion-Educativa-para-la-realizacion-de-practicas-por-parte-de-estudiantes-de-la-Universidad-de-Leon.docx\">Convenio de Cooperaci\u00f3n Educativa para la realizaci\u00f3n de pr\u00e1cticas por parte de estudiantes de la Universidad de Le\u00f3n<\/a><\/p>\r\n<p>&nbsp;<\/p>\r\n<p>&nbsp;<\/p>\r\n<h3><strong>Solicitud de N\u00famero de la Seguridad Social<\/strong><\/h3>\r\n<p><a href=\"https:\/\/centros.unileon.es\/educacion\/files\/2023\/11\/Paso-a-Paso-para-solicitar-el-Numero-de-Seguridad-Social-2.pdf\">Paso a Paso para solicitar el N\u00famero de Seguridad Social<\/a><\/p>\r\n<p>&nbsp;<\/p>\r\n<h3 style=\"font-weight: 400;\"><strong>Ayuda econ\u00f3mica por desplazamiento para la realizaci\u00f3n de las Pr\u00e1cticas<\/strong><\/h3>\r\n<p style=\"font-weight: 400;\">Podr\u00e1n acceder a esta ayuda aquellos alumnos que han realizado el Pr\u00e1cticum en Centros o Entidades de la provincia de Le\u00f3n que no pertenezcan a la ciudad de Le\u00f3n o su alfoz y que residan en Le\u00f3n ciudad o los municipios de su alfoz.<\/p>\r\n<p style=\"font-weight: 400;\">El procedimiento para solicitar la mencionada ayuda es el siguiente:<\/p>\r\n<ol>\r\n\t<li>Completar los siguientes documentos:<\/li>\r\n<\/ol>\r\n<ul>\r\n\t<li><em>Solicitud Ayuda Desplazamientos Pr\u00e1cticum<\/em><\/li>\r\n\t<li><em>Justificante de desplazamiento<\/em>, firmado por el\/la tutor\/a del centro y con el sello del centro de pr\u00e1cticas.<\/li>\r\n<\/ul>\r\n<ol start=\"2\">\r\n\t<li>En caso de la utilizaci\u00f3n de transporte p\u00fablico para los desplazamientos es necesario adjuntar los <strong>billetes originales <\/strong>que acrediten cada desplazamiento, <strong>ORDENADOS CRONOL\u00d3GICAMENTE<\/strong>(por meses y d\u00edas).<\/li>\r\n\t<li>Copia de\u00a0<strong>DNI<\/strong>.<\/li>\r\n\t<li>Certificado de Empadronamiento<\/li>\r\n\t<li>D<strong>ocumentaci\u00f3n que acredite la residencia en Le\u00f3n capital o su Alfoz<\/strong>(ejemplo: copia de contrato legal de alquiler de piso en vigor&#8230;).<\/li>\r\n\t<li>Entregar los documentos con firmas originales en la Administraci\u00f3n de la Facultad de Educaci\u00f3n.<\/li>\r\n<\/ol>\r\n<p style=\"font-weight: 400;\">La presentaci\u00f3n de solicitudes se llevar\u00e1 a cabo en la \u00faltima quincena de mayo y primera de junio una vez hayan finalizado las pr\u00e1cticas.<\/p>\r\n<p><a href=\"https:\/\/centros.unileon.es\/educacion\/files\/2026\/04\/Justificante-Desplazamiento-Practicum-PDF.pdf\">Justificante Desplazamiento Pr\u00e1cticum (PDF)<\/a><\/p>\r\n<p><a href=\"https:\/\/centros.unileon.es\/educacion\/files\/2026\/04\/Justificante-Desplazamiento-Practicum-Word.docx\">Justificante Desplazamiento Pr\u00e1cticum (Word)<\/a><\/p>\r\n<p><a href=\"https:\/\/centros.unileon.es\/educacion\/files\/2021\/02\/Solicitud-Ayuda-Desplazamiento-Practicum.pdf\">Solicitud de ayuda econ\u00f3mica por desplazamiento en el Pr\u00e1cticum de la Facultad de Educaci\u00f3n<\/a><\/p>\r\n<p><a href=\"https:\/\/centros.unileon.es\/educacion\/files\/2022\/10\/Municipios-del-alfoz-de-Leon.pdf\">Municipios del alfoz de Le\u00f3n<\/a><\/p>\r\n<p>Las bases del programa de ayudas por desplazamiento para la realizaci\u00f3n de pr\u00e1cticas curriculares de la Facultad de Educaci\u00f3n puede encontrarse al final del siguiente <a href=\"https:\/\/www.unileon.es\/estudiantes\/futuros-estudiantes\/becas-ayudas\/becas-generales\">enlace<\/a>.<\/p>\r\n<p><a href=\"https:\/\/centros.unileon.es\/educacion\/files\/2026\/04\/Bases-del-Programa-de-Ayudas-por-Desplazamiento-para-la-realizacion-de-practicas-curriculares.-Curso-2025_26.pdf\">Bases del Programa de Ayudas por Desplazamiento para la realizaci\u00f3n de pr\u00e1cticas curriculares. Curso 2025_26<\/a><\/p>\r\n<p>&nbsp;<\/p>\r\n<p>Resoluci\u00f3n provisional<\/p>\r\n<p>Resoluci\u00f3n definitiva<\/p>\r\n<p>&nbsp;<\/p>\r\n<p style=\"font-weight: 400;\">Para cualquier consulta en relaci\u00f3n a este procedimiento deb\u00e9is escribir a la siguiente direcci\u00f3n:\u00a0<a href=\"mailto:practicumeducacion@unileon.es\">practicumeducacion@unileon.es<\/a><\/p>\r\n<p>&nbsp;<\/p>\r\n<h3 style=\"font-weight: 400;\"><strong>Protocolo de actuaci\u00f3n en caso de accidente o enfermedad durante la realizaci\u00f3n de las Pr\u00e1cticas<\/strong><\/h3>\r\n<p><a href=\"https:\/\/centros.unileon.es\/educacion\/files\/2024\/05\/Protocolo-de-actuacion-Accidente-o-enfermedad-.pdf\">Protocolo de actuaci\u00f3n &#8211; Accidente o enfermedad &#8211;<\/a><\/p>\r\n<p>&nbsp;<\/p>","protected":false},"excerpt":{"rendered":"<p>Reglamento por el que se regulan las pr\u00e1cticas externos en los estudios de Grado, M\u00e1ster y Doctorado de la Universidad de Le\u00f3n Convenio de Cooperaci\u00f3n Educativa para la realizaci\u00f3n de pr\u00e1cticas por parte de estudiantes de la Universidad de Le\u00f3n &nbsp; &nbsp; Solicitud de N\u00famero de la Seguridad Social Paso a Paso para solicitar el [&hellip;]<\/p>\n","protected":false},"author":11,"featured_media":0,"parent":0,"menu_order":0,"comment_status":"closed","ping_status":"closed","template":"","meta":{"footnotes":""},"class_list":["post-999","page","type-page","status-publish","hentry"],"_links":{"self":[{"href":"https:\/\/centros.unileon.es\/educacion\/wp-json\/wp\/v2\/pages\/999","targetHints":{"allow":["GET"]}}],"collection":[{"href":"https:\/\/centros.unileon.es\/educacion\/wp-json\/wp\/v2\/pages"}],"about":[{"href":"https:\/\/centros.unileon.es\/educacion\/wp-json\/wp\/v2\/types\/page"}],"author":[{"embeddable":true,"href":"https:\/\/centros.unileon.es\/educacion\/wp-json\/wp\/v2\/users\/11"}],"replies":[{"embeddable":true,"href":"https:\/\/centros.unileon.es\/educacion\/wp-json\/wp\/v2\/comments?post=999"}],"version-history":[{"count":21,"href":"https:\/\/centros.unileon.es\/educacion\/wp-json\/wp\/v2\/pages\/999\/revisions"}],"predecessor-version":[{"id":5602,"href":"https:\/\/centros.unileon.es\/educacion\/wp-json\/wp\/v2\/pages\/999\/revisions\/5602"}],"wp:attachment":[{"href":"https:\/\/centros.unileon.es\/educacion\/wp-json\/wp\/v2\/media?parent=999"}],"curies":[{"name":"wp","href":"https:\/\/api.w.org\/{rel}","templated":true}]}}