{"id":995,"date":"2021-02-04T11:29:11","date_gmt":"2021-02-04T11:29:11","guid":{"rendered":"https:\/\/centros.unileon.es\/educacion\/?page_id=995"},"modified":"2025-05-19T09:58:02","modified_gmt":"2025-05-19T09:58:02","slug":"grado-en-educacion-primaria-3","status":"publish","type":"page","link":"https:\/\/centros.unileon.es\/educacion\/grado-en-educacion-primaria-3\/","title":{"rendered":"Grado en Educaci\u00f3n Primaria"},"content":{"rendered":"<p><a href=\"https:\/\/centros.unileon.es\/educacion\/files\/2021\/02\/BOCYL-Orden-de-Primaria.pdf\">ORDEN EDU\/641\/2012, de 25 de julio, por la que se regula la realizaci\u00f3n de las pr\u00e1cticas de las asignaturas del pr\u00e1cticum de las ense\u00f1anzas universitarias de Grado en Educaci\u00f3n Infantil y Grado en Educaci\u00f3n Primaria en centros docentes sostenidos con fondos p\u00fablicos de la Comunidad de Castilla y Le\u00f3n que imparten estas ense\u00f1anzas y se delega la competencia para dictar resoluci\u00f3n sobre el reconocimiento de los centros de formaci\u00f3n en pr\u00e1cticas y sobre la acreditaci\u00f3n de los maestros tutores de pr\u00e1cticas<\/a><\/p>\r\n<p>&nbsp;<\/p>\r\n<p><a href=\"https:\/\/centros.unileon.es\/educacion\/files\/2022\/10\/Informacion-para-Centros-de-Practicas-en-los-Grados-en-Infantil-y-Primaria-1.pdf\">Informaci\u00f3n para Centros de Pr\u00e1cticas en los Grados en Infantil y Primaria<\/a><\/p>\r\n<p><a href=\"https:\/\/centros.unileon.es\/educacion\/files\/2023\/05\/Justificante-Desplazamiento-Practicum-PDF-4.pdf\">Justificante Desplazamiento Pr\u00e1cticum (PDF)<\/a><\/p>\r\n<p><a href=\"https:\/\/centros.unileon.es\/educacion\/files\/2023\/05\/Justificante-Desplazamiento-Practicum-Word-5.docx\">Justificante Desplazamiento Pr\u00e1cticum (Word)<\/a><\/p>\r\n<p>&nbsp;<\/p>\r\n<h3>Pr\u00e1cticum I (3\u00ba curso)<\/h3>\r\n<p><a href=\"https:\/\/centros.unileon.es\/educacion\/files\/2024\/09\/Guia-Didactica-Grado-en-Educacion-Primaria-Practicum-I.-Curso-2024_25.pdf\">Gu\u00eda Did\u00e1ctica Grado en Educaci\u00f3n Primaria Pr\u00e1cticum I. Curso 2024_25<\/a><\/p>\r\n<p><a href=\"https:\/\/centros.unileon.es\/educacion\/files\/2021\/02\/Hoja-de-Evaluacion-PRACTICUM-I-PRIMARIA-para-el-centro-educativo.pdf\">Hoja de Evaluaci\u00f3n para el centro educativo Grado en Educaci\u00f3n Primaria Pr\u00e1cticum I<\/a><\/p>\r\n<p>&nbsp;<\/p>\r\n<h3>Pr\u00e1cticum II (4\u00ba curso)<\/h3>\r\n<h4>Educaci\u00f3n F\u00edsica<\/h4>\r\n<p><a href=\"https:\/\/centros.unileon.es\/educacion\/files\/2024\/02\/Guia-Didactica-del-alumnado.-Practicum-II-Mencion-Educacion-Fisica.-Curso-2023_24.pdf\">Gu\u00eda Did\u00e1ctica del alumnado. Pr\u00e1cticum II Menci\u00f3n Educaci\u00f3n F\u00edsica. Curso 2023_24<\/a><\/p>\r\n<p><a href=\"https:\/\/centros.unileon.es\/educacion\/files\/2021\/02\/DOC-50-Evaluacion-PRACTICUM-I-I-Primaria-E-Fisica-19-20.pdf\">Hoja de Evaluaci\u00f3n para el centro educativo Menci\u00f3n Educaci\u00f3n F\u00edsica<\/a><\/p>\r\n<h4>Educaci\u00f3n Musical<\/h4>\r\n<p><a href=\"https:\/\/centros.unileon.es\/educacion\/files\/2024\/02\/Guia-Didactica-del-alumnado.-Practicum-II-Mencion-Educacion-Musical.-Curso-2023_24.pdf\">Gu\u00eda Did\u00e1ctica del alumnado. Pr\u00e1cticum II Menci\u00f3n Educaci\u00f3n Musical. Curso 2023_24<\/a><\/p>\r\n<p><a href=\"https:\/\/centros.unileon.es\/educacion\/files\/2021\/02\/DOC-47-Evaluacion-PRACTICUM-II-Primaria-Musica-19-20.pdf\">Hoja de Evaluaci\u00f3n para el centro educativo Menci\u00f3n Educaci\u00f3n Musical<\/a><\/p>\r\n<h4>Lengua Inglesa<\/h4>\r\n<p><a href=\"https:\/\/centros.unileon.es\/educacion\/files\/2024\/02\/Guia-Didactica-del-alumnado.-Practicum-II.-Mencion-Lengua-Extranjera-Ingles.-Curso-2023_24.pdf\">Gu\u00eda Did\u00e1ctica del alumnado. Pr\u00e1cticum II. Menci\u00f3n Lengua Extranjera Ingl\u00e9s. Curso 2023_24<\/a><\/p>\r\n<p><a href=\"https:\/\/centros.unileon.es\/educacion\/files\/2021\/02\/DOC-51-Evaluacion-PRACTICUM-II-Primaria-Ingles-19-20.pdf\">Hoja de Evaluaci\u00f3n para el centro educativo Menci\u00f3n Lengua Inglesa<\/a><\/p>\r\n<h4>Educaci\u00f3n Especial<\/h4>\r\n<p><a href=\"https:\/\/centros.unileon.es\/educacion\/files\/2024\/03\/Guia-Didactica-del-alumnado.-Practicum-II-Mencion-Educacion-Especial.-Curso-2023_24-2.pdf\">Gu\u00eda Did\u00e1ctica del alumnado. Pr\u00e1cticum II Menci\u00f3n Educaci\u00f3n Especial. Curso 2023_24<\/a><\/p>\r\n<p><a href=\"https:\/\/centros.unileon.es\/educacion\/files\/2021\/02\/DOC-49-Evaluacion-PRACTICUM-II-Primaria-E-Especial-19-20.pdf\">Hoja de Evaluaci\u00f3n para el centro educativo Menci\u00f3n Educaci\u00f3n Especial<\/a><\/p>\r\n<h4>Audici\u00f3n y Lenguaje<\/h4>\r\n<p><a href=\"https:\/\/centros.unileon.es\/educacion\/files\/2024\/02\/Guia-Didactica-del-alumnado.-Practicum-II-Mencion-Audicion-y-Lenguaje.-Curso-2023_24.pdf\">Gu\u00eda Did\u00e1ctica del alumnado. Pr\u00e1cticum II Menci\u00f3n Audici\u00f3n y Lenguaje. Curso 2023_24<\/a><\/p>\r\n<p><a href=\"https:\/\/centros.unileon.es\/educacion\/files\/2021\/02\/DOC-48-Evaluacion-PRACTICUM-II-Prima-ria-Audicion-y-Lenguaje-19-20-1.pdf\">Hoja de Evaluaci\u00f3n para el centro educativo Menci\u00f3n Audici\u00f3n y Lenguaje<\/a><\/p>","protected":false},"excerpt":{"rendered":"<p>ORDEN EDU\/641\/2012, de 25 de julio, por la que se regula la realizaci\u00f3n de las pr\u00e1cticas de las asignaturas del pr\u00e1cticum de las ense\u00f1anzas universitarias de Grado en Educaci\u00f3n Infantil y Grado en Educaci\u00f3n Primaria en centros docentes sostenidos con fondos p\u00fablicos de la Comunidad de Castilla y Le\u00f3n que imparten estas ense\u00f1anzas y se [&hellip;]<\/p>\n","protected":false},"author":11,"featured_media":0,"parent":0,"menu_order":0,"comment_status":"closed","ping_status":"closed","template":"","meta":{"footnotes":""},"class_list":["post-995","page","type-page","status-publish","hentry"],"_links":{"self":[{"href":"https:\/\/centros.unileon.es\/educacion\/wp-json\/wp\/v2\/pages\/995","targetHints":{"allow":["GET"]}}],"collection":[{"href":"https:\/\/centros.unileon.es\/educacion\/wp-json\/wp\/v2\/pages"}],"about":[{"href":"https:\/\/centros.unileon.es\/educacion\/wp-json\/wp\/v2\/types\/page"}],"author":[{"embeddable":true,"href":"https:\/\/centros.unileon.es\/educacion\/wp-json\/wp\/v2\/users\/11"}],"replies":[{"embeddable":true,"href":"https:\/\/centros.unileon.es\/educacion\/wp-json\/wp\/v2\/comments?post=995"}],"version-history":[{"count":30,"href":"https:\/\/centros.unileon.es\/educacion\/wp-json\/wp\/v2\/pages\/995\/revisions"}],"predecessor-version":[{"id":4936,"href":"https:\/\/centros.unileon.es\/educacion\/wp-json\/wp\/v2\/pages\/995\/revisions\/4936"}],"wp:attachment":[{"href":"https:\/\/centros.unileon.es\/educacion\/wp-json\/wp\/v2\/media?parent=995"}],"curies":[{"name":"wp","href":"https:\/\/api.w.org\/{rel}","templated":true}]}}