{"id":993,"date":"2021-02-04T11:28:37","date_gmt":"2021-02-04T11:28:37","guid":{"rendered":"https:\/\/centros.unileon.es\/educacion\/?page_id=993"},"modified":"2025-05-19T09:57:49","modified_gmt":"2025-05-19T09:57:49","slug":"grado-en-educacion-infantil","status":"publish","type":"page","link":"https:\/\/centros.unileon.es\/educacion\/grado-en-educacion-infantil\/","title":{"rendered":"Grado en Educaci\u00f3n Infantil"},"content":{"rendered":"<p><a href=\"https:\/\/centros.unileon.es\/educacion\/files\/2021\/02\/BOCYL-Orden-de-Primaria.pdf\">ORDEN EDU\/641\/2012, de 25 de julio, por la que se regula la realizaci\u00f3n de las pr\u00e1cticas de las asignaturas del pr\u00e1cticum de las ense\u00f1anzas universitarias de Grado en Educaci\u00f3n Infantil y Grado en Educaci\u00f3n Primaria en centros docentes sostenidos con fondos p\u00fablicos de la Comunidad de Castilla y Le\u00f3n que imparten estas ense\u00f1anzas y se delega la competencia para dictar resoluci\u00f3n sobre el reconocimiento de los centros de formaci\u00f3n en pr\u00e1cticas y sobre la acreditaci\u00f3n de los maestros tutores de pr\u00e1cticas<\/a><\/p>\r\n<p>&nbsp;<\/p>\r\n<p><a href=\"https:\/\/centros.unileon.es\/educacion\/files\/2022\/10\/Informacion-para-Centros-de-Practicas-en-los-Grados-en-Infantil-y-Primaria.pdf\">Informaci\u00f3n para Centros de Pr\u00e1cticas en los Grados en Infantil y Primaria<\/a><\/p>\r\n<p>&nbsp;<\/p>\r\n<p><a href=\"https:\/\/centros.unileon.es\/educacion\/files\/2023\/05\/Justificante-Desplazamiento-Practicum-PDF-3.pdf\">Justificante Desplazamiento Pr\u00e1cticum (PDF)<\/a><\/p>\r\n<p><a href=\"https:\/\/centros.unileon.es\/educacion\/files\/2023\/05\/Justificante-Desplazamiento-Practicum-Word-4.docx\">Justificante Desplazamiento Pr\u00e1cticum (Word)<\/a><\/p>\r\n<p>&nbsp;<\/p>\r\n<h3>Pr\u00e1cticum I (3\u00ba curso)<\/h3>\r\n<p><a href=\"https:\/\/centros.unileon.es\/educacion\/files\/2024\/09\/Guia-Didactica-Practicum-I.-Grado-en-Educacion-Infantil.-Curso-2024-25.pdf\">Gu\u00eda Did\u00e1ctica Pr\u00e1cticum I. Grado en Educaci\u00f3n Infantil. Curso 2024-25<\/a><\/p>\r\n<p><a href=\"https:\/\/centros.unileon.es\/educacion\/files\/2022\/10\/Hoja-de-Evaluacion-Practicum-I-Grado-en-Educacion-Infantil.pdf\">Hoja de Evaluaci\u00f3n Pr\u00e1cticum I Grado en Educaci\u00f3n Infantil<\/a><\/p>\r\n<p>&nbsp;<\/p>\r\n<h3>Pr\u00e1cticum II (4\u00ba curso)<\/h3>\r\n<p><a href=\"https:\/\/centros.unileon.es\/educacion\/files\/2025\/02\/Guia-didactica-Practicum-II.-Educacion-Infantil.-Curso-2024-25.pdf\">Gu\u00eda did\u00e1ctica Pr\u00e1cticum II. Educaci\u00f3n Infantil. Curso 2024-25<\/a><\/p>\r\n<p><a href=\"https:\/\/centros.unileon.es\/educacion\/files\/2021\/02\/Evaluacion-PRACTICUM-II-INFANTIL.pdf\">Hoja de Evaluaci\u00f3n para el centro educativo Grado en Educaci\u00f3n Infantil Pr\u00e1cticum II<\/a><\/p>","protected":false},"excerpt":{"rendered":"<p>ORDEN EDU\/641\/2012, de 25 de julio, por la que se regula la realizaci\u00f3n de las pr\u00e1cticas de las asignaturas del pr\u00e1cticum de las ense\u00f1anzas universitarias de Grado en Educaci\u00f3n Infantil y Grado en Educaci\u00f3n Primaria en centros docentes sostenidos con fondos p\u00fablicos de la Comunidad de Castilla y Le\u00f3n que imparten estas ense\u00f1anzas y se [&hellip;]<\/p>\n","protected":false},"author":11,"featured_media":0,"parent":0,"menu_order":0,"comment_status":"closed","ping_status":"closed","template":"","meta":{"footnotes":""},"class_list":["post-993","page","type-page","status-publish","hentry"],"_links":{"self":[{"href":"https:\/\/centros.unileon.es\/educacion\/wp-json\/wp\/v2\/pages\/993","targetHints":{"allow":["GET"]}}],"collection":[{"href":"https:\/\/centros.unileon.es\/educacion\/wp-json\/wp\/v2\/pages"}],"about":[{"href":"https:\/\/centros.unileon.es\/educacion\/wp-json\/wp\/v2\/types\/page"}],"author":[{"embeddable":true,"href":"https:\/\/centros.unileon.es\/educacion\/wp-json\/wp\/v2\/users\/11"}],"replies":[{"embeddable":true,"href":"https:\/\/centros.unileon.es\/educacion\/wp-json\/wp\/v2\/comments?post=993"}],"version-history":[{"count":28,"href":"https:\/\/centros.unileon.es\/educacion\/wp-json\/wp\/v2\/pages\/993\/revisions"}],"predecessor-version":[{"id":4934,"href":"https:\/\/centros.unileon.es\/educacion\/wp-json\/wp\/v2\/pages\/993\/revisions\/4934"}],"wp:attachment":[{"href":"https:\/\/centros.unileon.es\/educacion\/wp-json\/wp\/v2\/media?parent=993"}],"curies":[{"name":"wp","href":"https:\/\/api.w.org\/{rel}","templated":true}]}}