{"id":933,"date":"2021-02-03T13:18:11","date_gmt":"2021-02-03T13:18:11","guid":{"rendered":"https:\/\/centros.unileon.es\/educacion\/?page_id=933"},"modified":"2025-05-19T10:03:25","modified_gmt":"2025-05-19T10:03:25","slug":"gabinete-psicopedagogico","status":"publish","type":"page","link":"https:\/\/centros.unileon.es\/educacion\/gabinete-psicopedagogico\/","title":{"rendered":"Gabinete Psicopedag\u00f3gico"},"content":{"rendered":"<p>Durante el curso 2012\/2013 comenz\u00f3 a funcionar el Gabinete Psicopedag\u00f3gico de la Facultad de Educaci\u00f3n de manera sistem\u00e1tica tras la aprobaci\u00f3n de su creaci\u00f3n en Consejo de Gobierno de 25-9-2012. Desde el curso 2009\/10 lo ven\u00eda haciendo de manera experimental.<\/p>\r\n<p>El Gabinete est\u00e1 siendo dirigido por el Pr. Pablo A. Conde Guz\u00f3n del \u00c1rea de Personalidad, Evaluaci\u00f3n y Tratamiento Psicol\u00f3gicos, en el mismo colaboran tambi\u00e9n profesores asociados de esta misma \u00e1rea.<\/p>\r\n<p>Las actividades que ofrece el Gabinete se pueden agrupar en los siguientes bloques:<\/p>\r\n<p>&nbsp;<\/p>\r\n<h3><span style=\"color: #800000;\"><strong>COLABORACI\u00d3N EN ACTIVIDADES DOCENTES<\/strong><\/span><\/h3>\r\n<ul>\r\n\t<li>Oferta de Cursos, Seminarios, Mesas Redondas sobre la evaluaci\u00f3n y el tratamiento de ni\u00f1os con problemas escolares, del lenguaje, neuropsicol\u00f3gicos, comportamentales, etc.<\/li>\r\n\t<li>Realizaci\u00f3n de pr\u00e1cticas relacionadas con el tratamiento y la evaluaci\u00f3n de alumnos con necesidades educativas especiales: Grado en Educaci\u00f3n Primaria (Menciones de Educaci\u00f3n Especial y Audici\u00f3n y Lenguaje), Grado en Educaci\u00f3n Infantil, M\u00e1ster de Orientaci\u00f3n Educativa.<\/li>\r\n<\/ul>\r\n<h3><span style=\"color: #800000;\"><strong>ASESORAMIENTO Y ORIENTACI\u00d3N<\/strong><\/span><\/h3>\r\n<ul>\r\n\t<li>Asesoramiento t\u00e9cnico en evaluaci\u00f3n e intervenci\u00f3n en los trastornos de la infancia y la ni\u00f1ez a los profesionales que intervienen con ni\u00f1os con necesidades educativas especiales, a los padres y educadores (Posibilidad de convenio de colaboraci\u00f3n de la Universidad de Le\u00f3n con colegios, gabinetes psicopedag\u00f3gicos, unidades de Pediatr\u00eda y Neurolog\u00eda Pedi\u00e1trica).<\/li>\r\n\t<li>Servicio de asesoramiento a profesores y estudiantes de la Facultad de Educaci\u00f3n y de otras Facultades sobre la evaluaci\u00f3n y tratamiento de trastornos psicol\u00f3gicos y pedag\u00f3gicos.<\/li>\r\n\t<li>Servicio de asesoramiento sobre estos trastornos a todos los miembros de la Comunidad Educativa de la ULE y sus familiares.<\/li>\r\n\t<li>Testoteca: Servicio de asesoramiento y pr\u00e9stamo de materiales de evaluaci\u00f3n y tratamiento de trastornos psicol\u00f3gicos y pedag\u00f3gicos.<\/li>\r\n\t<li>Asesoramiento psicopedag\u00f3gico on-line.<\/li>\r\n<\/ul>\r\n<h3><span style=\"color: #800000;\"><strong>INVESTIGACI\u00d3N<\/strong><\/span><\/h3>\r\n<ul>\r\n\t<li>Las personas que participan en el Gabinete Psicopedag\u00f3gico realizan labores de investigaci\u00f3n en la ULE. Por ello, otro aspecto fundamental de las labores del gabinete consiste en el desarrollo de investigaci\u00f3n aplicada en el \u00e1mbito de las alteraciones del lenguaje, memoria, atenci\u00f3n y epilepsia infantiles.<\/li>\r\n<\/ul>\r\n<h3><span style=\"color: #800000;\"><strong>ASISTENCIA PSICOPEDAG\u00d3GICA Y NEUROPSICOL\u00d3GICA<\/strong><\/span><\/h3>\r\n<ul>\r\n\t<li>Servicio de Evaluaci\u00f3n y Tratamiento Psicol\u00f3gicos y Pedag\u00f3gicos. Pretendemos ofrecer un recurso p\u00fablico y gratuito orientado a la evaluaci\u00f3n y a la intervenci\u00f3n en el \u00e1mbito de los problemas de audici\u00f3n y lenguaje (dificultades del lenguaje oral y escrito) y necesidades educativas especiales.<\/li>\r\n\t<li>Servicio de Evaluaci\u00f3n e intervenci\u00f3n neuropsicol\u00f3gica: Pretendemos ofrecer un recurso p\u00fablico y gratuito orientado a la evaluaci\u00f3n y a la intervenci\u00f3n neuropsicol\u00f3gica (Estudiantes de la ULE con problemas neuropsicol\u00f3gicos y ni\u00f1os\/as, prioridad hijos\/as de miembros de la Comunidad Educativa ULE.<\/li>\r\n<\/ul>\r\n<p>Nota: Cualquier petici\u00f3n de informaci\u00f3n se realizar\u00e1 a trav\u00e9s del correo electr\u00f3nico: <a href=\"mailto:pacong@unileon.es\">pacong@unileon.es<\/a><\/p>","protected":false},"excerpt":{"rendered":"<p>Durante el curso 2012\/2013 comenz\u00f3 a funcionar el Gabinete Psicopedag\u00f3gico de la Facultad de Educaci\u00f3n de manera sistem\u00e1tica tras la aprobaci\u00f3n de su creaci\u00f3n en Consejo de Gobierno de 25-9-2012. Desde el curso 2009\/10 lo ven\u00eda haciendo de manera experimental. El Gabinete est\u00e1 siendo dirigido por el Pr. Pablo A. Conde Guz\u00f3n del \u00c1rea de [&hellip;]<\/p>\n","protected":false},"author":11,"featured_media":0,"parent":0,"menu_order":0,"comment_status":"closed","ping_status":"closed","template":"","meta":{"footnotes":""},"class_list":["post-933","page","type-page","status-publish","hentry"],"_links":{"self":[{"href":"https:\/\/centros.unileon.es\/educacion\/wp-json\/wp\/v2\/pages\/933","targetHints":{"allow":["GET"]}}],"collection":[{"href":"https:\/\/centros.unileon.es\/educacion\/wp-json\/wp\/v2\/pages"}],"about":[{"href":"https:\/\/centros.unileon.es\/educacion\/wp-json\/wp\/v2\/types\/page"}],"author":[{"embeddable":true,"href":"https:\/\/centros.unileon.es\/educacion\/wp-json\/wp\/v2\/users\/11"}],"replies":[{"embeddable":true,"href":"https:\/\/centros.unileon.es\/educacion\/wp-json\/wp\/v2\/comments?post=933"}],"version-history":[{"count":6,"href":"https:\/\/centros.unileon.es\/educacion\/wp-json\/wp\/v2\/pages\/933\/revisions"}],"predecessor-version":[{"id":2366,"href":"https:\/\/centros.unileon.es\/educacion\/wp-json\/wp\/v2\/pages\/933\/revisions\/2366"}],"wp:attachment":[{"href":"https:\/\/centros.unileon.es\/educacion\/wp-json\/wp\/v2\/media?parent=933"}],"curies":[{"name":"wp","href":"https:\/\/api.w.org\/{rel}","templated":true}]}}