{"id":88,"date":"2019-06-25T10:55:37","date_gmt":"2019-06-25T10:55:37","guid":{"rendered":"http:\/\/centros.unileon.es\/educacion\/?page_id=88"},"modified":"2019-10-07T08:33:59","modified_gmt":"2019-10-07T08:33:59","slug":"administracion","status":"publish","type":"page","link":"https:\/\/centros.unileon.es\/educacion\/administracion\/","title":{"rendered":"Administraci\u00f3n"},"content":{"rendered":"<span style=\"font-size: 14pt; color: #0000ff;\"><strong>Horario de atenci\u00f3n al p\u00fablico<\/strong><\/span>\r\nDe 9:00 h. a 14:00 h.\r\n\r\n<span style=\"color: #0000ff; font-size: 14pt;\"><strong>Tel\u00e9fonos de contacto<\/strong><\/span>\r\n987 29 11 47\r\n987 29 11 43\r\n987 29 31 38\r\n987 29 11 44\r\n\r\n<span style=\"color: #0000ff; font-size: 14pt;\"><strong>Fax<\/strong><\/span>\r\n987 29 11 45\r\n\r\n<span style=\"font-size: 14pt; color: #0000ff;\"><strong>Buz\u00f3n electr\u00f3nico<\/strong><\/span>\r\nfceadm@unileon.es","protected":false},"excerpt":{"rendered":"<p>Horario de atenci\u00f3n al p\u00fablico De 9:00 h. a 14:00 h. Tel\u00e9fonos de contacto 987 29 11 47 987 29 11 43 987 29 31 38 987 29 11 44 Fax 987 29 11 45 Buz\u00f3n electr\u00f3nico fceadm@unileon.es<\/p>\n","protected":false},"author":11,"featured_media":0,"parent":0,"menu_order":0,"comment_status":"closed","ping_status":"closed","template":"","meta":{"footnotes":""},"class_list":["post-88","page","type-page","status-publish","hentry"],"_links":{"self":[{"href":"https:\/\/centros.unileon.es\/educacion\/wp-json\/wp\/v2\/pages\/88","targetHints":{"allow":["GET"]}}],"collection":[{"href":"https:\/\/centros.unileon.es\/educacion\/wp-json\/wp\/v2\/pages"}],"about":[{"href":"https:\/\/centros.unileon.es\/educacion\/wp-json\/wp\/v2\/types\/page"}],"author":[{"embeddable":true,"href":"https:\/\/centros.unileon.es\/educacion\/wp-json\/wp\/v2\/users\/11"}],"replies":[{"embeddable":true,"href":"https:\/\/centros.unileon.es\/educacion\/wp-json\/wp\/v2\/comments?post=88"}],"version-history":[{"count":4,"href":"https:\/\/centros.unileon.es\/educacion\/wp-json\/wp\/v2\/pages\/88\/revisions"}],"predecessor-version":[{"id":250,"href":"https:\/\/centros.unileon.es\/educacion\/wp-json\/wp\/v2\/pages\/88\/revisions\/250"}],"wp:attachment":[{"href":"https:\/\/centros.unileon.es\/educacion\/wp-json\/wp\/v2\/media?parent=88"}],"curies":[{"name":"wp","href":"https:\/\/api.w.org\/{rel}","templated":true}]}}