{"id":874,"date":"2021-02-03T10:37:37","date_gmt":"2021-02-03T10:37:37","guid":{"rendered":"https:\/\/centros.unileon.es\/educacion\/?page_id=874"},"modified":"2026-03-23T11:45:52","modified_gmt":"2026-03-23T11:45:52","slug":"documentos-generales","status":"publish","type":"page","link":"https:\/\/centros.unileon.es\/educacion\/trabajo-fin-de-grado\/documentos-generales\/","title":{"rendered":"Documentos Generales TFG"},"content":{"rendered":"<p><a href=\"https:\/\/acrobat.adobe.com\/id\/urn:aaid:sc:EU:ed6b4c8b-76bd-4c0b-9446-688e060033d8\">Reglamento sobre TFG. Facultad de Educaci\u00f3n<\/a><\/p>\r\n<p><a href=\"https:\/\/centros.unileon.es\/educacion\/files\/2021\/02\/Modelo-Rubrica-evaluacion-Tutor.pdf\">R\u00fabrica Evaluaci\u00f3n Tutor<\/a><\/p>\r\n<p><a href=\"https:\/\/centros.unileon.es\/educacion\/files\/2021\/02\/Modelo-Rubrica-evaluacion-Tutor.docx\">R\u00fabrica Evaluaci\u00f3n Tutor (Word)<\/a><\/p>\r\n<p><a href=\"https:\/\/centros.unileon.es\/educacion\/files\/2021\/02\/RUBRICA-Exposicion-oral_0_0.pdf\">R\u00fabrica de la exposici\u00f3n oral<\/a><\/p>\r\n<p><a href=\"https:\/\/centros.unileon.es\/educacion\/files\/2021\/02\/RUBRICA-Exposicion-oral_0_0-1.docx\">R\u00fabrica de la exposici\u00f3n oral (Word)<\/a><\/p>\r\n<p><a href=\"https:\/\/centros.unileon.es\/educacion\/files\/2021\/02\/Modelo-Portada_TFG_0_0_0.pdf\">Modelo Portada TFG<\/a><\/p>\r\n<p><a href=\"https:\/\/centros.unileon.es\/educacion\/files\/2024\/05\/Modelo-Portada-TFG-Word.doc\">Modelo Portada TFG (Word)<\/a><\/p>","protected":false},"excerpt":{"rendered":"<p>Reglamento sobre TFG. Facultad de Educaci\u00f3n R\u00fabrica Evaluaci\u00f3n Tutor R\u00fabrica Evaluaci\u00f3n Tutor (Word) R\u00fabrica de la exposici\u00f3n oral R\u00fabrica de la exposici\u00f3n oral (Word) Modelo Portada TFG Modelo Portada TFG (Word)<\/p>\n","protected":false},"author":11,"featured_media":0,"parent":168,"menu_order":0,"comment_status":"closed","ping_status":"closed","template":"","meta":{"footnotes":""},"class_list":["post-874","page","type-page","status-publish","hentry"],"_links":{"self":[{"href":"https:\/\/centros.unileon.es\/educacion\/wp-json\/wp\/v2\/pages\/874","targetHints":{"allow":["GET"]}}],"collection":[{"href":"https:\/\/centros.unileon.es\/educacion\/wp-json\/wp\/v2\/pages"}],"about":[{"href":"https:\/\/centros.unileon.es\/educacion\/wp-json\/wp\/v2\/types\/page"}],"author":[{"embeddable":true,"href":"https:\/\/centros.unileon.es\/educacion\/wp-json\/wp\/v2\/users\/11"}],"replies":[{"embeddable":true,"href":"https:\/\/centros.unileon.es\/educacion\/wp-json\/wp\/v2\/comments?post=874"}],"version-history":[{"count":8,"href":"https:\/\/centros.unileon.es\/educacion\/wp-json\/wp\/v2\/pages\/874\/revisions"}],"predecessor-version":[{"id":5548,"href":"https:\/\/centros.unileon.es\/educacion\/wp-json\/wp\/v2\/pages\/874\/revisions\/5548"}],"up":[{"embeddable":true,"href":"https:\/\/centros.unileon.es\/educacion\/wp-json\/wp\/v2\/pages\/168"}],"wp:attachment":[{"href":"https:\/\/centros.unileon.es\/educacion\/wp-json\/wp\/v2\/media?parent=874"}],"curies":[{"name":"wp","href":"https:\/\/api.w.org\/{rel}","templated":true}]}}