{"id":86,"date":"2019-06-25T10:55:37","date_gmt":"2019-06-25T10:55:37","guid":{"rendered":"http:\/\/centros.unileon.es\/educacion\/?page_id=86"},"modified":"2019-10-07T08:32:00","modified_gmt":"2019-10-07T08:32:00","slug":"ubicacion","status":"publish","type":"page","link":"https:\/\/centros.unileon.es\/educacion\/ubicacion\/","title":{"rendered":"Ubicaci\u00f3n"},"content":{"rendered":"<h1><span style=\"font-size: 14pt; color: #0000ff;\"><strong>1. Direcci\u00f3n<\/strong><\/span><\/h1>\r\n<strong>UNIVERSIDAD DE LE\u00d3N<\/strong>\r\nFacultad de Educaci\u00f3n\r\nCampus de Vegazana, s\/n\r\n24071 LE\u00d3N\r\n<h1><span style=\"font-size: 14pt; color: #0000ff;\"><strong>2.\u00a0Transporte\u00a0p\u00fablico<\/strong><\/span><\/h1>\r\n<strong>Autobuses\u00a0Urbanos\u00a0de\u00a0Le\u00f3n:<\/strong>\r\n<ul>\r\n \t<li><span data-scayt_word=\"L\u00ednea\" data-scaytid=\"11\">L\u00ednea<\/span>\u00a03:\u00a0<a href=\"http:\/\/www.alesa-alsa.com\/lineas\/2008\/linea3.htm\" target=\"_blank\" rel=\"noopener noreferrer\">Santo Domingo &#8211; Universidad<\/a><\/li>\r\n \t<li><span data-scayt_word=\"L\u00ednea\" data-scaytid=\"12\">L\u00ednea<\/span>\u00a04:\u00a0<a href=\"http:\/\/www.alesa-alsa.com\/lineas\/2008\/linea4.htm\" target=\"_blank\" rel=\"noopener noreferrer\"><span data-scayt_word=\"Pinilla\" data-scaytid=\"14\">Pinilla<\/span>\u00a0&#8211; El\u00a0<span data-scayt_word=\"Crucero\" data-scaytid=\"16\">Crucero<\/span>\u00a0&#8211; Universidad<\/a><\/li>\r\n \t<li><span data-scayt_word=\"L\u00ednea\" data-scaytid=\"13\">L\u00ednea<\/span>\u00a012:\u00a0<a href=\"http:\/\/www.alesa-alsa.com\/lineas\/2008\/linea12.htm\" target=\"_blank\" rel=\"noopener noreferrer\"><span data-scayt_word=\"Pinilla\" data-scaytid=\"15\">Pinilla<\/span>\u00a0&#8211; Eras de\u00a0<span data-scayt_word=\"Renueva\" data-scaytid=\"18\">Renueva<\/span>\u00a0&#8211; Universidad<\/a><\/li>\r\n<\/ul>\r\n<h1><span style=\"color: #0000ff; font-size: 14pt;\"><strong>3.\u00a0Mapa<\/strong><\/span><\/h1>\r\n<a href=\"\/\/www.google.es\/maps\">https:\/\/www.google.es\/maps<\/a>\r\n\r\n&nbsp;\r\n\r\n&nbsp;","protected":false},"excerpt":{"rendered":"<p>1. Direcci\u00f3n UNIVERSIDAD DE LE\u00d3N Facultad de Educaci\u00f3n Campus de Vegazana, s\/n 24071 LE\u00d3N 2.\u00a0Transporte\u00a0p\u00fablico Autobuses\u00a0Urbanos\u00a0de\u00a0Le\u00f3n: L\u00ednea\u00a03:\u00a0Santo Domingo &#8211; Universidad L\u00ednea\u00a04:\u00a0Pinilla\u00a0&#8211; El\u00a0Crucero\u00a0&#8211; Universidad L\u00ednea\u00a012:\u00a0Pinilla\u00a0&#8211; Eras de\u00a0Renueva\u00a0&#8211; Universidad 3.\u00a0Mapa https:\/\/www.google.es\/maps &nbsp; &nbsp;<\/p>\n","protected":false},"author":11,"featured_media":0,"parent":0,"menu_order":0,"comment_status":"closed","ping_status":"closed","template":"","meta":{"footnotes":""},"class_list":["post-86","page","type-page","status-publish","hentry"],"_links":{"self":[{"href":"https:\/\/centros.unileon.es\/educacion\/wp-json\/wp\/v2\/pages\/86","targetHints":{"allow":["GET"]}}],"collection":[{"href":"https:\/\/centros.unileon.es\/educacion\/wp-json\/wp\/v2\/pages"}],"about":[{"href":"https:\/\/centros.unileon.es\/educacion\/wp-json\/wp\/v2\/types\/page"}],"author":[{"embeddable":true,"href":"https:\/\/centros.unileon.es\/educacion\/wp-json\/wp\/v2\/users\/11"}],"replies":[{"embeddable":true,"href":"https:\/\/centros.unileon.es\/educacion\/wp-json\/wp\/v2\/comments?post=86"}],"version-history":[{"count":6,"href":"https:\/\/centros.unileon.es\/educacion\/wp-json\/wp\/v2\/pages\/86\/revisions"}],"predecessor-version":[{"id":248,"href":"https:\/\/centros.unileon.es\/educacion\/wp-json\/wp\/v2\/pages\/86\/revisions\/248"}],"wp:attachment":[{"href":"https:\/\/centros.unileon.es\/educacion\/wp-json\/wp\/v2\/media?parent=86"}],"curies":[{"name":"wp","href":"https:\/\/api.w.org\/{rel}","templated":true}]}}