{"id":604,"date":"2020-12-07T12:11:25","date_gmt":"2020-12-07T12:11:25","guid":{"rendered":"https:\/\/centros.unileon.es\/educacion\/?page_id=604"},"modified":"2022-10-25T10:38:08","modified_gmt":"2022-10-25T10:38:08","slug":"sugerencias","status":"publish","type":"page","link":"https:\/\/centros.unileon.es\/educacion\/sugerencias\/","title":{"rendered":"Sugerencias o incidencias"},"content":{"rendered":"\n<div class=\"wpcf7 no-js\" id=\"wpcf7-f1549-o1\" lang=\"es-ES\" dir=\"ltr\" data-wpcf7-id=\"1549\">\n<div class=\"screen-reader-response\"><p role=\"status\" aria-live=\"polite\" aria-atomic=\"true\"><\/p> <ul><\/ul><\/div>\n<form action=\"\/educacion\/wp-json\/wp\/v2\/pages\/604#wpcf7-f1549-o1\" method=\"post\" class=\"wpcf7-form init\" aria-label=\"Formulario de contacto\" novalidate=\"novalidate\" data-status=\"init\">\n<fieldset class=\"hidden-fields-container\"><input type=\"hidden\" name=\"_wpcf7\" value=\"1549\" \/><input type=\"hidden\" name=\"_wpcf7_version\" value=\"6.1.1\" \/><input type=\"hidden\" name=\"_wpcf7_locale\" value=\"es_ES\" \/><input type=\"hidden\" name=\"_wpcf7_unit_tag\" value=\"wpcf7-f1549-o1\" \/><input type=\"hidden\" name=\"_wpcf7_container_post\" value=\"0\" \/><input type=\"hidden\" name=\"_wpcf7_posted_data_hash\" value=\"\" \/>\n<\/fieldset>\n<p>Si quieres hacernos alguna sugerencia o has detectado alguna incidencia, por favor com\u00e9ntanoslo para que podamos considerarla o solucionarla cuanto antes.<br \/>\nEste formulario es \u00fanicamente para comunicar sugerencias o incidencias, NO para solicitar informaci\u00f3n sobre la Facultad.\n<\/p>\n<p><label> Nombre y apellidos<br \/>\n<span class=\"wpcf7-form-control-wrap\" data-name=\"your-name\"><input size=\"40\" maxlength=\"400\" class=\"wpcf7-form-control wpcf7-text wpcf7-validates-as-required\" aria-required=\"true\" aria-invalid=\"false\" value=\"\" type=\"text\" name=\"your-name\" \/><\/span> <\/label>\n<\/p>\n<p><label> Correo electr\u00f3nico<br \/>\n<span class=\"wpcf7-form-control-wrap\" data-name=\"your-email\"><input size=\"40\" maxlength=\"400\" class=\"wpcf7-form-control wpcf7-email wpcf7-validates-as-required wpcf7-text wpcf7-validates-as-email\" aria-required=\"true\" aria-invalid=\"false\" value=\"\" type=\"email\" name=\"your-email\" \/><\/span> <\/label>\n<\/p>\n<p><label> Asunto<br \/>\n<span class=\"wpcf7-form-control-wrap\" data-name=\"your-subject\"><input size=\"40\" maxlength=\"400\" class=\"wpcf7-form-control wpcf7-text wpcf7-validates-as-required\" aria-required=\"true\" aria-invalid=\"false\" value=\"\" type=\"text\" name=\"your-subject\" \/><\/span> <\/label>\n<\/p>\n<p><label> Descripci\u00f3n de la sugerencia o incidencia (opcional)<br \/>\n<span class=\"wpcf7-form-control-wrap\" data-name=\"your-message\"><textarea cols=\"40\" rows=\"10\" maxlength=\"2000\" class=\"wpcf7-form-control wpcf7-textarea\" aria-invalid=\"false\" name=\"your-message\"><\/textarea><\/span> <\/label>\n<\/p>\n<p><input class=\"wpcf7-form-control wpcf7-submit has-spinner\" type=\"submit\" value=\"Enviar\" \/>\n<\/p><div class=\"wpcf7-response-output\" aria-hidden=\"true\"><\/div>\n<\/form>\n<\/div>\n\r\n<p style=\"font-weight: 400;\"><\/p>\r\n\r\n<table style=\"font-weight: 400;\" width=\"633\">\r\n<tbody>\r\n<tr>\r\n<td colspan=\"2\" width=\"633\">INFORMACI\u00d3N B\u00c1SICA SOBRE LA PROTECCI\u00d3N DE DATOS<\/td>\r\n<\/tr>\r\n<tr>\r\n<td width=\"105\"><strong>Responsable<\/strong><\/td>\r\n<td width=\"528\">Universidad de Le\u00f3n<\/td>\r\n<\/tr>\r\n<tr>\r\n<td width=\"105\"><strong>Finalidad<\/strong><\/td>\r\n<td width=\"528\">Gesti\u00f3n de reclamaciones, quejas y sugerencias de los usuarios de los servicios de la Universidad.<\/td>\r\n<\/tr>\r\n<tr>\r\n<td width=\"105\"><strong>Legitimaci\u00f3n<\/strong><\/td>\r\n<td width=\"528\">Art.6.1.c RGPD. El tratamiento es necesario para el cumplimiento de una obligaci\u00f3n legal aplicable al responsable del tratamiento<\/td>\r\n<\/tr>\r\n<tr>\r\n<td width=\"105\"><strong>Destinatarios<\/strong><\/td>\r\n<td width=\"528\">No se prev\u00e9n<\/td>\r\n<\/tr>\r\n<tr>\r\n<td width=\"105\"><strong>Derechos<\/strong><\/td>\r\n<td width=\"528\">Acceso, rectificaci\u00f3n, supresi\u00f3n, limitaci\u00f3n del tratamiento, oposici\u00f3n y, en su caso, portabilidad. Derecho a presentar una reclamaci\u00f3n ante la AEPD. Derecho a retirar su consentimiento.<\/td>\r\n<\/tr>\r\n<\/tbody>\r\n<\/table>\r\n<p style=\"font-weight: 400;\">Puede consultar informaci\u00f3n ampliada sobre protecci\u00f3n de datos en el siguiente enlace: <a href=\"https:\/\/www.unileon.es\/politica-de-privacidad\">https:\/\/www.unileon.es\/politica-de-privacidad<\/a><\/p>\r\n<p style=\"font-weight: 400;\"><a href=\"https:\/\/centros.unileon.es\/educacion\/files\/2022\/10\/Clausula-informativa-buzon-sugerencias.pdf\">Clausula informativa buz\u00f3n sugerencias<\/a><\/p>","protected":false},"excerpt":{"rendered":"<p>INFORMACI\u00d3N B\u00c1SICA SOBRE LA PROTECCI\u00d3N DE DATOS Responsable Universidad de Le\u00f3n Finalidad Gesti\u00f3n de reclamaciones, quejas y sugerencias de los usuarios de los servicios de la Universidad. Legitimaci\u00f3n Art.6.1.c RGPD. El tratamiento es necesario para el cumplimiento de una obligaci\u00f3n legal aplicable al responsable del tratamiento Destinatarios No se prev\u00e9n Derechos Acceso, rectificaci\u00f3n, supresi\u00f3n, limitaci\u00f3n [&hellip;]<\/p>\n","protected":false},"author":11,"featured_media":0,"parent":0,"menu_order":0,"comment_status":"closed","ping_status":"closed","template":"","meta":{"footnotes":""},"class_list":["post-604","page","type-page","status-publish","hentry"],"_links":{"self":[{"href":"https:\/\/centros.unileon.es\/educacion\/wp-json\/wp\/v2\/pages\/604","targetHints":{"allow":["GET"]}}],"collection":[{"href":"https:\/\/centros.unileon.es\/educacion\/wp-json\/wp\/v2\/pages"}],"about":[{"href":"https:\/\/centros.unileon.es\/educacion\/wp-json\/wp\/v2\/types\/page"}],"author":[{"embeddable":true,"href":"https:\/\/centros.unileon.es\/educacion\/wp-json\/wp\/v2\/users\/11"}],"replies":[{"embeddable":true,"href":"https:\/\/centros.unileon.es\/educacion\/wp-json\/wp\/v2\/comments?post=604"}],"version-history":[{"count":8,"href":"https:\/\/centros.unileon.es\/educacion\/wp-json\/wp\/v2\/pages\/604\/revisions"}],"predecessor-version":[{"id":2972,"href":"https:\/\/centros.unileon.es\/educacion\/wp-json\/wp\/v2\/pages\/604\/revisions\/2972"}],"wp:attachment":[{"href":"https:\/\/centros.unileon.es\/educacion\/wp-json\/wp\/v2\/media?parent=604"}],"curies":[{"name":"wp","href":"https:\/\/api.w.org\/{rel}","templated":true}]}}