{"id":570,"date":"2020-12-05T12:33:33","date_gmt":"2020-12-05T12:33:33","guid":{"rendered":"https:\/\/centros.unileon.es\/educacion\/?page_id=570"},"modified":"2025-06-11T13:29:03","modified_gmt":"2025-06-11T13:29:03","slug":"certificados","status":"publish","type":"page","link":"https:\/\/centros.unileon.es\/educacion\/certificados\/","title":{"rendered":"Solicitud de T\u00edtulo Oficial Universitario y Certificado Acad\u00e9mico Oficial (CAO)"},"content":{"rendered":"<p><span style=\"font-size: 10pt;\">Procedimiento para la solicitud del T\u00edtulo Oficial Universitario y del Certificado Acad\u00e9mico Oficial (online, a trav\u00e9s del correo electr\u00f3nico).<\/span><\/p>\r\n<p>&nbsp;<\/p>\r\n<h3><span style=\"font-size: 12pt;\">Solicitud del Titulo \/ SET<\/span><\/h3>\r\n<p><span style=\"font-size: 10pt;\">En esta p\u00e1gina: <u><a href=\"https:\/\/www.unileon.es\/estudiantes\/titulo-oficial-universitario\">https:\/\/www.unileon.es\/estudiantes\/titulo-oficial-universitario<\/a><\/u>, tiene a su disposici\u00f3n el impreso correspondiente (para Grados y M\u00e1steres, concretamente, <em>\u00abSolicitud del T\u00edtulo Oficial y S.E.T.\u00bb<\/em>) -&gt; <a href=\"https:\/\/centros.unileon.es\/educacion\/files\/2025\/06\/IMPRESO.pdf\">IMPRESO<\/a><\/span><\/p>\r\n<p><span style=\"font-size: 10pt;\">Junto a dicho impreso debe adjuntar una <u>fotocopia de su DNI<\/u> y los <strong>justificantes bancarios<\/strong> del ingreso correspondiente en el n\u00famero de cuenta corriente de Unicaja Banco correspondiente a la Facultad de Educaci\u00f3n (<strong>ES43 2103 4200 3000 3200 1362<\/strong>), cuyo importe, conforme al <a href=\"https:\/\/bocyl.jcyl.es\/boletines\/2023\/05\/22\/pdf\/BOCYL-D-22052023-2.pdf\">Decreto de Precios P\u00fablicos 2023-24<\/a>\u00a0es el siguiente:<\/span><\/p>\r\n<p><span style=\"font-size: 10pt;\">Expedici\u00f3n del t\u00edtulo: <strong>214,05 euros<\/strong> (<em>107,03<\/em> para familia numerosa de categor\u00eda general)<\/span><\/p>\r\n<p><span style=\"font-size: 10pt;\">Duplicados de t\u00edtulos universitarios oficiales y expedici\u00f3n de nuevo t\u00edtulo por inclusi\u00f3n de menciones y especialidades: <strong>42,50 euros<\/strong><\/span><\/p>\r\n<p>&nbsp;<\/p>\r\n<h3><span style=\"font-size: 12pt;\">Solicitud del Certificado de Notas (Certificado Acad\u00e9mico Oficial)<\/span><\/h3>\r\n<p><span style=\"font-size: 10pt;\">\u00daNICAMENTE debe facilitar sus <u>datos <\/u>(Nombre y apellidos, n\u00famero de DNI y Titulaci\u00f3n de la que desea el Certificado) y\u00a0adjuntar <strong>justificante bancario<\/strong> del ingreso (en el n\u00famero de cuenta antedicho) \u2014no existe ning\u00fan impreso de solicitud\u2014:<\/span><\/p>\r\n<p><span style=\"font-size: 10pt;\">Certificado de notas: <strong>32,93 euros<\/strong> (16,47 para familia numerosa categor\u00eda general)<\/span><\/p>\r\n<p>&nbsp;<\/p>\r\n<p><span style=\"font-size: 10pt;\"><strong><u>Importante: Beneficiarios de Familia Numerosa<\/u><\/strong><\/span><\/p>\r\n<p><span style=\"font-size: 10pt;\">Presentar\u00e1n original y copia para su cotejo, del t\u00edtulo oficial acreditativo en el que conste el n\u00famero de hijos, en Castilla y Le\u00f3n, desde el 2 de diciembre de 2019, se ha sustituido el Titulo de Familia Numerosa en formato libro por una resoluci\u00f3n en formato papel, por lo que pueden acreditar dicha situaci\u00f3n con el t\u00edtulo o la resoluci\u00f3n, que habr\u00e1 de estar vigente en el momento de formalizar la matr\u00edcula, al inicio del curso acad\u00e9mico o al solicitar el servicio, o bien, <u>copia que garantice su autenticidad e integridad<\/u>, (incluyendo documentos firmados electr\u00f3nicamente y\/o con CSV).<\/span><\/p>\r\n<p><span style=\"font-size: 10pt;\">Si en ese momento, estuviera tramit\u00e1ndose la obtenci\u00f3n\/renovaci\u00f3n del t\u00edtulo, ser\u00e1 suficiente la presentaci\u00f3n de copia de la solicitud, y posteriormente, la acreditaci\u00f3n de su concesi\u00f3n. Se realizan dichos tr\u00e1mites en los organismos competentes en cada comunidad aut\u00f3noma.<\/span><\/p>\r\n<p><span style=\"font-size: 10pt;\">Si no\u00a0puede desplazarse o adjuntar la documentaci\u00f3n mencionada, basta con que\u00a0<b>nos autorice expresamente<\/b> en el correo de solicitud a CONSULTAR SUS DATOS DE FAMILIA NUMEROSA en el Ministerio correspondiente.<\/span><\/p>\r\n<p><span style=\"font-size: 10pt;\">CUALQUIER OTRO DERECHO A DEDUCCI\u00d3N DEBER\u00c1 JUSTIFICARLO DOCUMENTALMENTE o <b>autorizar expresamente<\/b> a consultar dicha condici\u00f3n en el Ministerio correspondiente.<\/span><\/p>\r\n<p>&nbsp;<\/p>\r\n<p><span style=\"font-size: 10pt;\">Todos estos documentos debe\u00a0<strong>entregarlos de forma presencial\u00a0<\/strong>o\u00a0<strong>hac\u00e9rnoslos llegar<\/strong>\u00a0(a trav\u00e9s de nuestro correo electr\u00f3nico:\u00a0<a href=\"mailto:facultad.educacion@unileon.es?subject=Solicitud%20T%C3%ADtulo%20%2F%20Certificado%20Notas&amp;body=(no%20olvide%20consignar%20sus%20datos%20personales)\">facultad.educacion@unileon.es<\/a>) a la Secretar\u00eda de la Facultad.\u00a0<\/span><\/p>\r\n<p><span style=\"font-size: 10pt;\">A vuelta de correo, le remitiremos los documentos con firma digital que podr\u00e1 utilizar cuantas veces lo estime oportuno. De igual forma, si ha finalizado la titulaci\u00f3n, dispondr\u00e1 de una copia del Certificado Acad\u00e9mico Oficial en su Secretar\u00eda Virtual.<\/span><\/p>\r\n<p><span style=\"font-size: 10pt;\">Desde la Unidad de T\u00edtulos, recibir\u00e1 un correo cuando el t\u00edtulo oficial est\u00e9 disponible PARA RECOGERLO PERSONALMENTE (solamente podr\u00e1 delegar en otra persona si lo hace mediante poder notarial). Si no\u00a0puede desplazarse a recogerlo, debe solicitar el env\u00edo a una Subdelegaci\u00f3n del Gobierno, previo pago de la cantidad correspondiente, que figura en el decreto antes mencionado: si se trata de otra provincia, de la Uni\u00f3n Europea o del resto del mundo \u201420, 25 o 30 euros\u2014 (<a href=\"https:\/\/www.unileon.es\/estudiantes\/titulo-oficial-universitario\/titulos-oficiales#07\" target=\"_blank\" rel=\"noopener\" data-saferedirecturl=\"https:\/\/www.google.com\/url?q=https:\/\/www.unileon.es\/estudiantes\/titulo-oficial-universitario\/titulos-oficiales%2307&amp;source=gmail&amp;ust=1704786357363000&amp;usg=AOvVaw1EXae48oTsdlmrpUZ9xTos\">https:\/\/www.unileon.es\/<wbr \/>estudiantes\/titulo-oficial-<wbr \/>universitario\/titulos-<wbr \/>oficiales#07<\/a>)<\/span><\/p>\r\n<p><span style=\"font-size: 10pt;\">Para cualquier duda al respecto de este procedimiento, puede llamar a la Secretar\u00eda en horario de oficina o enviar un correo electr\u00f3nico a <a href=\"mailto:facultad.educacion@unileon.es?subject=Solicitud%20T%C3%ADtulo%20y%20Certificado%20de%20Notas\">facultad.educacion@unileon.es<\/a>.<\/span><\/p>","protected":false},"excerpt":{"rendered":"<p>Procedimiento para la solicitud del T\u00edtulo Oficial Universitario y del Certificado Acad\u00e9mico Oficial (online, a trav\u00e9s del correo electr\u00f3nico). &nbsp; Solicitud del Titulo \/ SET En esta p\u00e1gina: https:\/\/www.unileon.es\/estudiantes\/titulo-oficial-universitario, tiene a su disposici\u00f3n el impreso correspondiente (para Grados y M\u00e1steres, concretamente, \u00abSolicitud del T\u00edtulo Oficial y S.E.T.\u00bb) -&gt; IMPRESO Junto a dicho impreso debe adjuntar [&hellip;]<\/p>\n","protected":false},"author":11,"featured_media":0,"parent":0,"menu_order":0,"comment_status":"closed","ping_status":"closed","template":"","meta":{"footnotes":""},"class_list":["post-570","page","type-page","status-publish","hentry"],"_links":{"self":[{"href":"https:\/\/centros.unileon.es\/educacion\/wp-json\/wp\/v2\/pages\/570","targetHints":{"allow":["GET"]}}],"collection":[{"href":"https:\/\/centros.unileon.es\/educacion\/wp-json\/wp\/v2\/pages"}],"about":[{"href":"https:\/\/centros.unileon.es\/educacion\/wp-json\/wp\/v2\/types\/page"}],"author":[{"embeddable":true,"href":"https:\/\/centros.unileon.es\/educacion\/wp-json\/wp\/v2\/users\/11"}],"replies":[{"embeddable":true,"href":"https:\/\/centros.unileon.es\/educacion\/wp-json\/wp\/v2\/comments?post=570"}],"version-history":[{"count":27,"href":"https:\/\/centros.unileon.es\/educacion\/wp-json\/wp\/v2\/pages\/570\/revisions"}],"predecessor-version":[{"id":4998,"href":"https:\/\/centros.unileon.es\/educacion\/wp-json\/wp\/v2\/pages\/570\/revisions\/4998"}],"wp:attachment":[{"href":"https:\/\/centros.unileon.es\/educacion\/wp-json\/wp\/v2\/media?parent=570"}],"curies":[{"name":"wp","href":"https:\/\/api.w.org\/{rel}","templated":true}]}}