{"id":569,"date":"2020-12-05T12:33:33","date_gmt":"2020-12-05T12:33:33","guid":{"rendered":"https:\/\/centros.unileon.es\/educacion\/?page_id=569"},"modified":"2021-05-31T12:19:07","modified_gmt":"2021-05-31T12:19:07","slug":"matricula","status":"publish","type":"page","link":"https:\/\/centros.unileon.es\/educacion\/matricula\/","title":{"rendered":"Matr\u00edcula"},"content":{"rendered":"<span style=\"font-size: 10pt;\"><span id=\"inicio\">Documentaci\u00f3n a aportar con la matr\u00edcula\u00a0<\/span>(personalmente o mediante env\u00edo POR CORREO POSTAL)<\/span>\r\n\r\n&nbsp;\r\n<h3><span style=\"font-size: 12pt;\">Alumnos de nuevo ingreso (Grados)<\/span><\/h3>\r\n<ul>\r\n \t<li><span style=\"font-size: 10pt;\">Sobre e impreso de matr\u00edcula convenientemente cumplimentado, junto con la Orden de Domiciliaci\u00f3n de Adeudo firmada (forma parte del impreso)<\/span><\/li>\r\n \t<li><span style=\"font-size: 10pt;\">Original y Fotocopia del D.N.I. \/ N.I.E.<\/span><\/li>\r\n \t<li><span style=\"font-size: 10pt;\">UNA fotograf\u00eda ORIGINAL tama\u00f1o carn\u00e9<\/span><\/li>\r\n \t<li><span style=\"font-size: 10pt;\">Original y fotocopia de la Tarjeta de Selectividad \/ Certificado PAU \/ Certificado de Notas del M\u00f3dulo FP<\/span><\/li>\r\n \t<li><span style=\"font-size: 10pt;\">Original y fotocopia de la documentaci\u00f3n que acredite la condici\u00f3n de Familia Numerosa, v\u00edctima del terrorismo, incapacidad o cualquier otro motivo por el cual tenga derecho a <a href=\"https:\/\/www.unileon.es\/estudiantes\/oferta-academica\/grados\/matricula\/normativa#exenciones-y-bonificaciones\">reducci\u00f3n de tasas<\/a><\/span><\/li>\r\n \t<li><span style=\"font-size: 10pt;\">Si es mayor de 28 a\u00f1os, <a href=\"http:\/\/facultadeducacion.unileon.es\/?q=content\/documentaci%C3%B3n-matr%C3%ADcula#oncampus\">consultar al final<\/a><\/span><\/li>\r\n \t<li><span style=\"font-size: 10pt;\">Si va a solicitar beca del Ministerio de Educaci\u00f3n, <a href=\"http:\/\/facultadeducacion.unileon.es\/?q=content\/documentaci%C3%B3n-matr%C3%ADcula#beca\">consultar al final<\/a><\/span><\/li>\r\n<\/ul>\r\n<span style=\"font-size: 10pt;\">Tambi\u00e9n pueden realizar la matr\u00edcula online, enviando posteriormente por correo postal los documentos citados m\u00e1s arriba CONVENIENTEMENTE COMPULSADOS (o con firma electr\u00f3nica y CSV, en su caso), junto con la Orden de Domiciliaci\u00f3n de Adeudo que se genera con la automatr\u00edcula*<\/span>\r\n\r\n<span style=\"font-size: 10pt;\">*Si no descarg\u00f3 en su momento dicha O.D.A. puede hacerlo desde la Web de la ULE:\u00a0<\/span><a href=\"https:\/\/www.unileon.es\/files\/2020-06\/orden_domiciliacion_adeudo2020.pdf\"><span style=\"font-size: 10pt;\">https:\/\/www.unileon.es\/files\/2020-06\/orden_domiciliacion_adeudo2020.pdf<\/span><\/a>\r\n\r\n&nbsp;\r\n<h3><span style=\"font-size: 12pt;\">Alumnos ya matriculados en cursos anteriores<\/span><\/h3>\r\n<span style=\"font-size: 10pt;\">a) Matr\u00edcula presencial<\/span>\r\n<ul>\r\n \t<li><span style=\"font-size: 10pt;\">Sobre de matr\u00edcula cumplimentado debidamente, con la firma de la Orden de Domiciliaci\u00f3n de Adeudo que figura en el impreso correspondiente.<\/span><\/li>\r\n \t<li><span style=\"font-size: 10pt;\">Original y fotocopia de la documentaci\u00f3n que acredite la condici\u00f3n de Familia Numerosa, v\u00edctima del terrorismo, incapacidad o cualquier otro motivo por el cual tenga derecho a <a href=\"https:\/\/www.unileon.es\/estudiantes\/oferta-academica\/grados\/matricula\/normativa#exenciones-y-bonificaciones\">reducci\u00f3n de tasas<\/a><\/span><\/li>\r\n \t<li><span style=\"font-size: 10pt;\">Si es mayor de 28 a\u00f1os, <a href=\"http:\/\/facultadeducacion.unileon.es\/?q=content\/documentaci%C3%B3n-matr%C3%ADcula#oncampus\">consultar al final<\/a><\/span><\/li>\r\n \t<li><span style=\"font-size: 10pt;\">Si va a solicitar beca del Ministerio de Educaci\u00f3n, <a href=\"http:\/\/facultadeducacion.unileon.es\/?q=content\/documentaci%C3%B3n-matr%C3%ADcula#beca\">consultar al final<\/a><\/span><\/li>\r\n<\/ul>\r\n<span style=\"font-size: 10pt;\">b) Matr\u00edcula online. Puede entregar personalmente o enviar por correo POSTAL:<\/span>\r\n<ul>\r\n \t<li><span style=\"font-size: 10pt;\">La Orden de Domiciliaci\u00f3n de Adeudo que se gener\u00f3 con su automatr\u00edcula online* (bot\u00f3n azul) puede entregarla personalmente o enviarla por CORREO POSTAL<\/span><\/li>\r\n \t<li><span style=\"font-size: 10pt;\">Resto de documentos que justifiquen el derecho a cualquier tipo de deducci\u00f3n (familia numerosa, minusval\u00eda o similar), EN SU CASO (convenientemente compulsados o con c\u00f3digo CSV).<\/span><\/li>\r\n \t<li><span style=\"font-size: 10pt;\">SOLO si Vd. dispone de firma electr\u00f3nica u otro modo de autenticaci\u00f3n que pueda verificarse, podr\u00eda enviarlo en formato PDF por correo electr\u00f3nico<\/span><\/li>\r\n \t<li><span style=\"font-size: 10pt;\">Si es mayor de 28 a\u00f1os, <a href=\"http:\/\/facultadeducacion.unileon.es\/?q=content\/documentaci%C3%B3n-matr%C3%ADcula#oncampus\">consultar al final<\/a><\/span><\/li>\r\n \t<li><span style=\"font-size: 10pt;\">Si va a solicitar beca del Ministerio de Educaci\u00f3n, <a href=\"http:\/\/facultadeducacion.unileon.es\/?q=content\/documentaci%C3%B3n-matr%C3%ADcula#beca\">consultar al final<\/a><\/span><\/li>\r\n<\/ul>\r\n<span style=\"font-size: 10pt;\">*Si no descarg\u00f3 en su momento dicha O.D.A. puede hacerlo desde la Web de la ULE: <a href=\"https:\/\/www.unileon.es\/files\/2020-06\/orden_domiciliacion_adeudo2020.pdf\">https:\/\/www.unileon.es\/files\/2020-06\/orden_domiciliacion_adeudo2020.pdf<\/a><\/span>\r\n\r\n&nbsp;\r\n<h3>Alumnos YA MATRICULADOS\u00a0online en los M\u00e1steres impartidos en la Facultad de Educaci\u00f3n<\/h3>\r\n<span style=\"font-size: 10pt;\">Una vez realizada la automatr\u00edcula online, debe\u00a0 entregar \u00a0la siguiente documentaci\u00f3n en Secretar\u00eda\u00a0(originales y fotocopias para su cotejo) \u00a0o\u00a0 enviarla \u00a0por\u00a0 correo postal \u00a0(en este \u00faltimo caso\u00a0 es necesario que venga convenientemente compulsada\u00a0o con firma electr\u00f3nica y CSV, en su caso):<\/span>\r\n<ol>\r\n \t<li><span style=\"font-size: 10pt;\">T\u00edtulo por el que accede al M\u00e1ster\u00a0(no necesario en el caso de haber obtenido la titulaci\u00f3n en la Universidad de Le\u00f3n)<\/span><\/li>\r\n \t<li><span style=\"font-size: 10pt;\">Certificaci\u00f3n Acad\u00e9mica Oficial en la que conste la nota media\u00a0\u00a0(no necesario en el caso de haber obtenido la titulaci\u00f3n en la Universidad de Le\u00f3n)<\/span><\/li>\r\n \t<li><span style=\"font-size: 10pt;\">Acreditaci\u00f3n del nivel B1 de idioma*\u00a0(no necesario en el caso de titulaciones exentas \u2014Filolog\u00edas\u2014)<\/span><\/li>\r\n \t<li><span style=\"font-size: 10pt;\">Fotocopia del DNI<\/span><\/li>\r\n \t<li><span style=\"font-size: 10pt;\">Orden de Domiciliaci\u00f3n de Adeudo\u00a0convenientemente firmada<\/span><\/li>\r\n \t<li><span style=\"font-size: 10pt;\">UNA fotograf\u00eda tama\u00f1o carn\u00e9<\/span><\/li>\r\n \t<li><span style=\"font-size: 10pt;\">Si es mayor de 28 a\u00f1os, <a href=\"http:\/\/facultadeducacion.unileon.es\/?q=content\/documentaci%C3%B3n-matr%C3%ADcula#oncampus\">consultar al final<\/a><\/span><\/li>\r\n \t<li><span style=\"font-size: 10pt;\">Si va a solicitar beca del Ministerio de Educaci\u00f3n, <a href=\"http:\/\/facultadeducacion.unileon.es\/?q=content\/documentaci%C3%B3n-matr%C3%ADcula#beca\">consultar al final<\/a><\/span><\/li>\r\n \t<li><span style=\"font-size: 10pt;\">En el caso de tener derecho a alg\u00fan tipo de<a href=\"https:\/\/www.unileon.es\/estudiantes\/oferta-academica\/grados\/matricula\/normativa#exenciones-y-bonificaciones\">\u00a0deducci\u00f3n\u00a0en los precios p\u00fablicos<\/a> (familia numerosa, minusval\u00eda, etc.), original y copia para su cotejo de la documentaci\u00f3n que lo justifique\u00a0\u2014en el caso de familia numerosa NO SIRVE el carn\u00e9: debe aportar un documento donde FIGUREN LOS MIEMBROS DE LA UNIDAD FAMILIAR; para los censados en la Comunidad de Castilla y Le\u00f3n es necesaria la presentaci\u00f3n del LIBRO de Familia Numerosa\u2014<\/span><\/li>\r\n<\/ol>\r\n<span style=\"font-size: 10pt;\">*<a href=\"https:\/\/www.unileon.es\/estudiantes\/futuros-estudiantes\/preinscripcion\/master\/formacion\/acreditacion-idioma\">https:\/\/www.unileon.es\/estudiantes\/futuros-estudiantes\/preinscripcion\/master\/formacion\/acreditacion-idioma<\/a><\/span>\r\n\r\n<span style=\"font-size: 10pt;\">Dispone de\u00a0 diez d\u00edas h\u00e1biles \u00a0desde la formalizaci\u00f3n de la matr\u00edcula online para hacer entrega o env\u00edo de esta documentaci\u00f3n.<\/span>\r\n\r\n<span style=\"font-size: 10pt;\">Direcci\u00f3n postal:\u00a0Universidad de Le\u00f3n.\u00a0Facultad de Educaci\u00f3n (Secretar\u00eda).\u00a0Campus de Vegazana, s\/n.\u00a024071 LE\u00d3N<\/span>\r\n\r\n&nbsp;\r\n<h3><span style=\"font-size: 12pt;\">Para alumnos con 28 a\u00f1os o m\u00e1s a la hora de formalizar la matr\u00edcula<\/span><\/h3>\r\n<span style=\"font-size: 10pt;\">Documentaci\u00f3n acreditativa de estar en\u00a0situaci\u00f3n de ALTA o situaci\u00f3n asimilada en la Seguridad Social\u00a0(sirven tres documentos que se pueden obtener en la Web de la Seguridad Social: \u201cinforme de situaci\u00f3n actual del trabajador\u201d, \u201cInforme de alta laboral a fecha concreta\u201d o \u201cInforme de Vida Laboral\u201d: <a href=\"https:\/\/sede.seg-social.gob.es\/wps\/portal\/sede\/sede\/Ciudadanos\/Informes%20y%20Certificados\/\">https:\/\/sede.seg-social.gob.es\/wps\/portal\/sede\/sede\/Ciudadanos\/Informes%20y%20Certificados\/<\/a>) o resguardo de estar cubierto por un seguro de accidentes*\u00a0<\/span>\r\n\r\n<span style=\"font-size: 10pt;\">*la Universidad ofrece la contrataci\u00f3n de OnCampus (importe: 8 euros), que se puede efectuar en:\u00a0<a href=\"http:\/\/oncampus.es\/seguros\/oncampus-accidentes-basico\/\">http:\/\/oncampus.es\/seguros\/oncampus-accidentes-basico\/<\/a>\u00a0; una vez contratado debe entregar justificante de pago y certificado de seguro; al tratarse de documentos en formato PDF, puede enviarlos por correo electr\u00f3nico.\u00a0<\/span>\r\n\r\n&nbsp;\r\n<h3><span style=\"font-size: 12pt;\">En el caso de optar a Beca del Ministerio de Educaci\u00f3n*<\/span><\/h3>\r\n<span style=\"font-size: 10pt;\">Resguardo acreditativo de su solicitud (la convocatoria suele publicarse en el mes de agosto; al tratarse de documentos en formato PDF, puede enviarlo por correo electr\u00f3nico). Dicho resguardo debe hac\u00e9rnoslo llegar antes del 9 de septiembre de 2020, fecha en la que se efectuar\u00e1 la primera remesa de los pagos de matr\u00edcula, de lo contrario, se le pasar\u00e1 el primer plazo del importe total, sin descontar la beca.<\/span>\r\n\r\n<span style=\"font-size: 10pt;\">*<\/span><a href=\"http:\/\/www.educacionyfp.gob.es\/en\/servicios-al-ciudadano\/catalogo\/estudiantes\/becas-ayudas\/para-estudiar\/universidad.html\"><span style=\"font-size: 10pt;\">http:\/\/www.educacionyfp.gob.es\/en\/servicios-al-ciudadano\/catalogo\/estudiantes\/becas-ayudas\/para-estudiar\/universidad.html<\/span><\/a>\r\n\r\n&nbsp;\r\n\r\n&nbsp;\r\n\r\n<span style=\"font-size: 10pt;\">Para cualquier duda o consulta al respecto de la documentaci\u00f3n necesaria para la matr\u00edcula, puede enviar un correo electr\u00f3nico a <a href=\"mailto:facultad.educacion@unileon.es?subject=Documentaci%C3%B3n%20matr%C3%ADcula\">facultad.educacion@unileon.es<\/a><\/span>\r\n\r\n<span style=\"font-size: 10pt;\"><a href=\"https:\/\/www.unileon.es\/estudiantes\/oferta-academica\/grados\/matricula\/normativa\">NORMAS DE MATR\u00cdCULA PARA LAS TITULACIONES DE GRADO<\/a><\/span>\r\n\r\n<span style=\"font-size: 10pt;\"><a href=\"https:\/\/www.unileon.es\/estudiantes\/oferta-academica\/masteres\/matricula\/normativa\">NORMAS DE MATR\u00cdCULA PARA LAS TITULACIONES DE M\u00c1STER<\/a><\/span>","protected":false},"excerpt":{"rendered":"<p>Documentaci\u00f3n a aportar con la matr\u00edcula\u00a0(personalmente o mediante env\u00edo POR CORREO POSTAL) &nbsp; Alumnos de nuevo ingreso (Grados) Sobre e impreso de matr\u00edcula convenientemente cumplimentado, junto con la Orden de Domiciliaci\u00f3n de Adeudo firmada (forma parte del impreso) Original y Fotocopia del D.N.I. \/ N.I.E. UNA fotograf\u00eda ORIGINAL tama\u00f1o carn\u00e9 Original y fotocopia de la [&hellip;]<\/p>\n","protected":false},"author":11,"featured_media":0,"parent":0,"menu_order":0,"comment_status":"closed","ping_status":"closed","template":"","meta":{"footnotes":""},"class_list":["post-569","page","type-page","status-publish","hentry"],"_links":{"self":[{"href":"https:\/\/centros.unileon.es\/educacion\/wp-json\/wp\/v2\/pages\/569","targetHints":{"allow":["GET"]}}],"collection":[{"href":"https:\/\/centros.unileon.es\/educacion\/wp-json\/wp\/v2\/pages"}],"about":[{"href":"https:\/\/centros.unileon.es\/educacion\/wp-json\/wp\/v2\/types\/page"}],"author":[{"embeddable":true,"href":"https:\/\/centros.unileon.es\/educacion\/wp-json\/wp\/v2\/users\/11"}],"replies":[{"embeddable":true,"href":"https:\/\/centros.unileon.es\/educacion\/wp-json\/wp\/v2\/comments?post=569"}],"version-history":[{"count":10,"href":"https:\/\/centros.unileon.es\/educacion\/wp-json\/wp\/v2\/pages\/569\/revisions"}],"predecessor-version":[{"id":1577,"href":"https:\/\/centros.unileon.es\/educacion\/wp-json\/wp\/v2\/pages\/569\/revisions\/1577"}],"wp:attachment":[{"href":"https:\/\/centros.unileon.es\/educacion\/wp-json\/wp\/v2\/media?parent=569"}],"curies":[{"name":"wp","href":"https:\/\/api.w.org\/{rel}","templated":true}]}}