{"id":565,"date":"2020-12-05T12:28:45","date_gmt":"2020-12-05T12:28:45","guid":{"rendered":"https:\/\/centros.unileon.es\/educacion\/?page_id=565"},"modified":"2025-05-19T09:56:16","modified_gmt":"2025-05-19T09:56:16","slug":"preinscripcion-de-centro-2","status":"publish","type":"page","link":"https:\/\/centros.unileon.es\/educacion\/preinscripcion-de-centro-2\/","title":{"rendered":"Preinscripci\u00f3n de Centro"},"content":{"rendered":"<p><span style=\"font-size: 10pt;\">La preinscripci\u00f3n para continuar estudios de los distintos Grados que se imparten en la Facultad de Educaci\u00f3n en el curso 2025\/2026, se realiza en la Administraci\u00f3n del Centro.<\/span><\/p>\r\n<p><span style=\"font-size: 10pt;\"><strong>Plazo:<\/strong> del 10 al 23 de julio de 2025.<\/span><\/p>\r\n<p><strong><span style=\"font-size: 10pt;\">Requisitos:<\/span><\/strong><\/p>\r\n<ul>\r\n\t<li><span style=\"font-size: 10pt;\">Que se puedan reconocer al menos 30 cr\u00e9ditos ECTS (adjuntar certificaci\u00f3n acad\u00e9mica oficial y las gu\u00edas docentes selladas por el Centro donde se realizaron los estudios y que se correspondan\u00a0con el curso acad\u00e9mico en el que fue aprobada cada asignatura).<\/span><\/li>\r\n\t<li><span style=\"font-size: 10pt;\">La admisi\u00f3n se realizar\u00e1 en funci\u00f3n de la disponibilidad de plazas.<\/span><\/li>\r\n<\/ul>\r\n<p><strong><span style=\"font-size: 10pt;\">Solicitud de admisi\u00f3n:<\/span><\/strong><\/p>\r\n<p><a href=\"https:\/\/centros.unileon.es\/educacion\/files\/2023\/07\/Solicitud-de-admision-PDF.pdf\">Solicitud de admisi\u00f3n (PDF)<\/a><\/p>\r\n<p><a href=\"https:\/\/centros.unileon.es\/educacion\/files\/2023\/07\/Solicitud-de-admision-Word.doc\">Solicitud de admisi\u00f3n (Word)<\/a><\/p>\r\n<p>&nbsp;<\/p>","protected":false},"excerpt":{"rendered":"<p>La preinscripci\u00f3n para continuar estudios de los distintos Grados que se imparten en la Facultad de Educaci\u00f3n en el curso 2025\/2026, se realiza en la Administraci\u00f3n del Centro. Plazo: del 10 al 23 de julio de 2025. Requisitos: Que se puedan reconocer al menos 30 cr\u00e9ditos ECTS (adjuntar certificaci\u00f3n acad\u00e9mica oficial y las gu\u00edas docentes [&hellip;]<\/p>\n","protected":false},"author":11,"featured_media":0,"parent":0,"menu_order":0,"comment_status":"closed","ping_status":"closed","template":"","meta":{"footnotes":""},"class_list":["post-565","page","type-page","status-publish","hentry"],"_links":{"self":[{"href":"https:\/\/centros.unileon.es\/educacion\/wp-json\/wp\/v2\/pages\/565","targetHints":{"allow":["GET"]}}],"collection":[{"href":"https:\/\/centros.unileon.es\/educacion\/wp-json\/wp\/v2\/pages"}],"about":[{"href":"https:\/\/centros.unileon.es\/educacion\/wp-json\/wp\/v2\/types\/page"}],"author":[{"embeddable":true,"href":"https:\/\/centros.unileon.es\/educacion\/wp-json\/wp\/v2\/users\/11"}],"replies":[{"embeddable":true,"href":"https:\/\/centros.unileon.es\/educacion\/wp-json\/wp\/v2\/comments?post=565"}],"version-history":[{"count":12,"href":"https:\/\/centros.unileon.es\/educacion\/wp-json\/wp\/v2\/pages\/565\/revisions"}],"predecessor-version":[{"id":4924,"href":"https:\/\/centros.unileon.es\/educacion\/wp-json\/wp\/v2\/pages\/565\/revisions\/4924"}],"wp:attachment":[{"href":"https:\/\/centros.unileon.es\/educacion\/wp-json\/wp\/v2\/media?parent=565"}],"curies":[{"name":"wp","href":"https:\/\/api.w.org\/{rel}","templated":true}]}}