{"id":556,"date":"2020-12-05T12:27:27","date_gmt":"2020-12-05T12:27:27","guid":{"rendered":"https:\/\/centros.unileon.es\/educacion\/?page_id=556"},"modified":"2023-09-06T12:42:34","modified_gmt":"2023-09-06T12:42:34","slug":"otros-coordinadores-2","status":"publish","type":"page","link":"https:\/\/centros.unileon.es\/educacion\/otros-coordinadores-2\/","title":{"rendered":"Otros Coordinadores"},"content":{"rendered":"<h3>Coordinadora del Sistema de Garant\u00eda de Calidad del Centro<\/h3>\r\n<span style=\"font-size: 10pt;\"><strong>Ruth Ca\u00f1\u00f3n Rodr\u00edguez<\/strong> (<a href=\"mailto:fcevdec@unileon.es\">fcevdec@unileon.es<\/a>)<\/span>\r\n\r\n&nbsp;\r\n<h3>Coordinadora de Pr\u00e1cticas Externas Extracurriculares<\/h3>\r\n<span style=\"font-size: 10pt;\"><strong>Sheila Garc\u00eda Mart\u00edn<\/strong> (<a href=\"mailto:fcesec@unileon.es\">fcesec@unileon.es<\/a>)<\/span>","protected":false},"excerpt":{"rendered":"<p>Coordinadora del Sistema de Garant\u00eda de Calidad del Centro Ruth Ca\u00f1\u00f3n Rodr\u00edguez (fcevdec@unileon.es) &nbsp; Coordinadora de Pr\u00e1cticas Externas Extracurriculares Sheila Garc\u00eda Mart\u00edn (fcesec@unileon.es)<\/p>\n","protected":false},"author":11,"featured_media":0,"parent":0,"menu_order":0,"comment_status":"closed","ping_status":"closed","template":"","meta":{"footnotes":""},"class_list":["post-556","page","type-page","status-publish","hentry"],"_links":{"self":[{"href":"https:\/\/centros.unileon.es\/educacion\/wp-json\/wp\/v2\/pages\/556","targetHints":{"allow":["GET"]}}],"collection":[{"href":"https:\/\/centros.unileon.es\/educacion\/wp-json\/wp\/v2\/pages"}],"about":[{"href":"https:\/\/centros.unileon.es\/educacion\/wp-json\/wp\/v2\/types\/page"}],"author":[{"embeddable":true,"href":"https:\/\/centros.unileon.es\/educacion\/wp-json\/wp\/v2\/users\/11"}],"replies":[{"embeddable":true,"href":"https:\/\/centros.unileon.es\/educacion\/wp-json\/wp\/v2\/comments?post=556"}],"version-history":[{"count":6,"href":"https:\/\/centros.unileon.es\/educacion\/wp-json\/wp\/v2\/pages\/556\/revisions"}],"predecessor-version":[{"id":3723,"href":"https:\/\/centros.unileon.es\/educacion\/wp-json\/wp\/v2\/pages\/556\/revisions\/3723"}],"wp:attachment":[{"href":"https:\/\/centros.unileon.es\/educacion\/wp-json\/wp\/v2\/media?parent=556"}],"curies":[{"name":"wp","href":"https:\/\/api.w.org\/{rel}","templated":true}]}}