{"id":555,"date":"2020-12-05T12:27:27","date_gmt":"2020-12-05T12:27:27","guid":{"rendered":"https:\/\/centros.unileon.es\/educacion\/?page_id=555"},"modified":"2026-03-25T13:57:34","modified_gmt":"2026-03-25T13:57:34","slug":"coordinadores-de-master-2","status":"publish","type":"page","link":"https:\/\/centros.unileon.es\/educacion\/coordinadores-de-master-2\/","title":{"rendered":"Coordinadores de M\u00e1ster"},"content":{"rendered":"<h3>M\u00e1ster Universitario en Formaci\u00f3n del Profesorado de Educaci\u00f3n Secundaria<\/h3>\r\n<p><span style=\"font-size: 10pt;\"><em><strong>Coordinadora:<\/strong><\/em> <strong>Paula L\u00f3pez Guti\u00e9rrez<\/strong>\u00a0(<a href=\"master.educacion@unileon.es\">master.educacion@unileon.es<\/a>)<\/span><\/p>\r\n<p><span style=\"font-size: 10pt;\">Coordinadora M\u00f3dulo Gen\u00e9rico:\u00a0<strong>Paula L\u00f3pez Guti\u00e9rrez<\/strong> (<a href=\"mailto:plopg@unileon.es\">plopg@unileon.es<\/a>)<\/span><\/p>\r\n<p><span style=\"font-size: 10pt;\">Coordinador M\u00f3dulo Geograf\u00eda e Historia: <strong>Ra\u00fal Gonz\u00e1lez Gonz\u00e1lez<\/strong> (<a href=\"mailto:rgonzg@unileon.es\" target=\"_blank\" rel=\"noopener\">rgonzg@unileon.es<\/a>)<\/span><\/p>\r\n<p><span style=\"font-size: 10pt;\">Coordinadora M\u00f3dulo Lengua Castellana y Literatura: <strong>Miriam L\u00f3pez Santos<\/strong>\u00a0(<a href=\"mailto:miriam.lopez@unileon.es\">miriam.lopez@unileon.es<\/a><\/span><span style=\"font-size: 10pt;\">)<\/span><\/p>\r\n<p><span style=\"font-size: 10pt;\">Coordinadora M\u00f3dulo Biolog\u00eda y Geolog\u00eda:\u00a0<strong>Esperanza Fern\u00e1ndez Mart\u00ednez<\/strong> (<a href=\"mailto:e.fernandez@unileon.es\">e.fernandez@unileon.es<\/a>)<\/span><\/p>\r\n<p><span style=\"font-size: 10pt;\">Coordinadora M\u00f3dulo Econom\u00eda:\u00a0<strong>Mar\u00eda Teresa Tasc\u00f3n Fern\u00e1ndez<\/strong> (<a href=\"mailto:m.tascon@unileon.es\">m.tascon@unileon.es<\/a>)<\/span><\/p>\r\n<p><span style=\"font-size: 10pt;\">Coordinadora M\u00f3dulo Tecnolog\u00eda y Ciclos Formativos del sector industrial: <strong>Mar\u00eda Inmaculada Gonz\u00e1lez Alonso<\/strong> (<a href=\"mailto:igona@unileon.es\" target=\"_blank\" rel=\"noopener\">igona@unileon.es<\/a>)<\/span><\/p>\r\n<p><span style=\"font-size: 10pt;\">Coordinador M\u00f3dulo Educaci\u00f3n F\u00edsica:\u00a0<strong>\u00c1ngel P\u00e9rez Pueyo<\/strong> (<a href=\"mailto:angel.perez.pueyo@unileon.es\">angel.perez.pueyo@unileon.es<\/a>)<\/span><\/p>\r\n<p><span style=\"font-size: 10pt;\">Coordinador M\u00f3dulo Ingl\u00e9s: <strong>Sergio Lobej\u00f3n Santos<\/strong> (<a href=\"mailto:slobs@unileon.es\" target=\"_blank\" rel=\"noopener\">slobs@unileon.es<\/a>)<\/span><\/p>\r\n<p><span style=\"font-size: 10pt;\">Coordinador M\u00f3dulo Matem\u00e1ticas: <strong>Dario Bettoni<\/strong> (<a href=\"mailto:dbet@unileon.es\">dbet@unileon.e<\/a><a href=\"mailto:dbet@unileon.es\">s<\/a>)<\/span><\/p>\r\n<p><span style=\"font-size: 10pt;\">Coordinador M\u00f3dulo Formaci\u00f3n y Orientaci\u00f3n Laboral:\u00a0<strong>Roberto Fern\u00e1ndez Fern\u00e1ndez<\/strong> (<a href=\"mailto:rferf@unileon.es\">rferf@unileon.es<\/a>)<\/span><\/p>\r\n<p><span style=\"font-size: 10pt;\">Coordinador M\u00f3dulo F\u00edsica y Qu\u00edmica:\u00a0<strong>Francisco Javier Del Pino Guti\u00e9rrez<\/strong> (<a href=\"mailto:javier.delpino@unileon.es\">javier.delpino@unileon.es<\/a>)<\/span><\/p>\r\n<p><span style=\"font-size: 10pt;\">Coordinadora M\u00f3dulo de Intervenci\u00f3n Sociocomunitaria y Servicios a la Comunidad:\u00a0<strong>Alesia Cachazo Vasallo<\/strong> (<a href=\"mailto:acacv@unileon.es\">acacv@unileon.es<\/a>)<\/span><\/p>\r\n<p>&nbsp;<\/p>\r\n<h3>M\u00e1ster Universitario en Orientaci\u00f3n Educativa<\/h3>\r\n<p><span style=\"font-size: 10pt;\"><em><strong>Coordinadora<\/strong><\/em>: <strong>Paula L\u00f3pez Guti\u00e9rrez<\/strong>\u00a0(<a href=\"master.educacion@unileon.es\">master.educacion@unileon.es<\/a>)<\/span><\/p>\r\n<p>&nbsp;<\/p>","protected":false},"excerpt":{"rendered":"<p>M\u00e1ster Universitario en Formaci\u00f3n del Profesorado de Educaci\u00f3n Secundaria Coordinadora: Paula L\u00f3pez Guti\u00e9rrez\u00a0(master.educacion@unileon.es) Coordinadora M\u00f3dulo Gen\u00e9rico:\u00a0Paula L\u00f3pez Guti\u00e9rrez (plopg@unileon.es) Coordinador M\u00f3dulo Geograf\u00eda e Historia: Ra\u00fal Gonz\u00e1lez Gonz\u00e1lez (rgonzg@unileon.es) Coordinadora M\u00f3dulo Lengua Castellana y Literatura: Miriam L\u00f3pez Santos\u00a0(miriam.lopez@unileon.es) Coordinadora M\u00f3dulo Biolog\u00eda y Geolog\u00eda:\u00a0Esperanza Fern\u00e1ndez Mart\u00ednez (e.fernandez@unileon.es) Coordinadora M\u00f3dulo Econom\u00eda:\u00a0Mar\u00eda Teresa Tasc\u00f3n Fern\u00e1ndez (m.tascon@unileon.es) Coordinadora M\u00f3dulo Tecnolog\u00eda [&hellip;]<\/p>\n","protected":false},"author":11,"featured_media":0,"parent":0,"menu_order":0,"comment_status":"closed","ping_status":"closed","template":"","meta":{"footnotes":""},"class_list":["post-555","page","type-page","status-publish","hentry"],"_links":{"self":[{"href":"https:\/\/centros.unileon.es\/educacion\/wp-json\/wp\/v2\/pages\/555","targetHints":{"allow":["GET"]}}],"collection":[{"href":"https:\/\/centros.unileon.es\/educacion\/wp-json\/wp\/v2\/pages"}],"about":[{"href":"https:\/\/centros.unileon.es\/educacion\/wp-json\/wp\/v2\/types\/page"}],"author":[{"embeddable":true,"href":"https:\/\/centros.unileon.es\/educacion\/wp-json\/wp\/v2\/users\/11"}],"replies":[{"embeddable":true,"href":"https:\/\/centros.unileon.es\/educacion\/wp-json\/wp\/v2\/comments?post=555"}],"version-history":[{"count":23,"href":"https:\/\/centros.unileon.es\/educacion\/wp-json\/wp\/v2\/pages\/555\/revisions"}],"predecessor-version":[{"id":5557,"href":"https:\/\/centros.unileon.es\/educacion\/wp-json\/wp\/v2\/pages\/555\/revisions\/5557"}],"wp:attachment":[{"href":"https:\/\/centros.unileon.es\/educacion\/wp-json\/wp\/v2\/media?parent=555"}],"curies":[{"name":"wp","href":"https:\/\/api.w.org\/{rel}","templated":true}]}}