{"id":554,"date":"2020-12-05T12:27:27","date_gmt":"2020-12-05T12:27:27","guid":{"rendered":"https:\/\/centros.unileon.es\/educacion\/?page_id=554"},"modified":"2025-06-25T07:54:29","modified_gmt":"2025-06-25T07:54:29","slug":"coordinadores-de-grado-2","status":"publish","type":"page","link":"https:\/\/centros.unileon.es\/educacion\/coordinadores-de-grado-2\/","title":{"rendered":"Coordinadores de Grado"},"content":{"rendered":"<h3><span style=\"font-size: 12pt;\"><strong>Grado en Educaci\u00f3n Infantil<\/strong><\/span><\/h3>\r\n<p><span style=\"font-size: 10pt;\">Coordinadora de Grado: <strong>Teresa Garc\u00eda San Emeterio<\/strong>\u00a0(<a href=\"mailto:tgars@unileon.es\">tgars@unileon.es<\/a>)<\/span><\/p>\r\n<p style=\"padding-left: 40px;\"><span style=\"font-size: 10pt;\">Coordinadora de Primer Curso: <strong>Sara Real Castelao<\/strong> (<a href=\"mailto:sreac@unileon.es\">sreac@unileon.es<\/a>)<\/span><\/p>\r\n<p style=\"padding-left: 40px;\"><span style=\"font-size: 10pt;\">Coordinador de Segundo Curso: <strong>Diego Gonz\u00e1lez Rodr\u00edguez<\/strong>\u00a0(<a href=\"mailto:diego.gonzalez@unileon.es\">diego.gonzalez@unileon.es<\/a>)<\/span><\/p>\r\n<p style=\"padding-left: 40px;\"><span style=\"font-size: 10pt;\">Coordinadora de Tercer Curso: <strong>M.\u00aa Lourdes \u00c1lvarez Fern\u00e1ndez <\/strong>(<a href=\"mailto:mlalvf@unileon.es\">mlalvf@unileon.es<\/a><\/span><span style=\"font-size: 10pt;\">)<\/span><\/p>\r\n<p style=\"padding-left: 40px;\"><span style=\"font-size: 10pt;\">Coordinadora de Cuarto Curso: <strong>Teresa Garc\u00eda San Emeterio<\/strong> (<a href=\"mailto:tgars@unileon.es\">tgars@unileon.es<\/a>)<\/span><\/p>\r\n<p>&nbsp;<\/p>\r\n<h3><strong>Grado en Educaci\u00f3n Primaria<\/strong><\/h3>\r\n<p><span style=\"font-size: 10pt;\">Coordinadora de Grado: <strong>Bel\u00e9n Labrador de la Cruz<\/strong> (<a href=\"mailto:belen.labrador@unileon.es\">belen.labrador@unileon.es<\/a>)<\/span><\/p>\r\n<p style=\"padding-left: 40px;\"><span style=\"font-size: 10pt;\">Coordinadora de Primer Curso:\u00a0<strong>M.\u00aa de los \u00c1ngeles Diez Fern\u00e1ndez<\/strong> (<a href=\"mailto:angeles.diez@unileon.es\">angeles.diez@unileon.es<\/a>)<\/span><\/p>\r\n<p style=\"padding-left: 40px;\"><span style=\"font-size: 10pt;\">Coordinador de Segundo Curso: <strong>Francisco Balibrea Iniesta<\/strong> (<a href=\"mailto:fbali@unileon.es\">fbali@unileon.es<\/a>)<\/span><\/p>\r\n<p style=\"padding-left: 40px;\"><span style=\"font-size: 10pt;\">Coordinadora de Tercer Curso:\u00a0<strong>Ana Isabel Rodr\u00edguez Valladares<\/strong> (<a href=\"mailto:ai.rvalladares@unileon.es\">ai.rvalladares@unileon.es<\/a>)<\/span><\/p>\r\n<p style=\"padding-left: 40px;\"><span style=\"font-size: 10pt;\">Coordinadora de Cuarto Curso: <strong>Mar\u00eda Arrimada Garc\u00eda<\/strong> (<a href=\"mailto:marrg@unileon.es\">marrg@unileon.es<\/a>)<\/span><\/p>\r\n<h4>\u00a0<\/h4>\r\n<h3><strong>Grado en Educaci\u00f3n Social<\/strong><\/h3>\r\n<p><span style=\"font-size: 10pt;\">Coordinadora de Grado: <strong>Carmen Requena Hern\u00e1ndez<\/strong> (<a href=\"mailto:mcreqh@unileon.es\">mcreqh@unileon.es<\/a>)<\/span><\/p>\r\n<p style=\"padding-left: 40px;\"><span style=\"font-size: 10pt;\">Coordinadora de Primer Curso:\u00a0<strong>Adelina Rodr\u00edguez Pacios<\/strong> (<a href=\"mailto:arodpa@unileon.es\">arodpa@unileon.es<\/a>)<\/span><\/p>\r\n<p style=\"padding-left: 40px;\"><span style=\"font-size: 10pt;\">Coordinadora de Segundo Curso: <strong>Carmen Vizoso G\u00f3mez<\/strong> (<a href=\"mailto:cvizg@unileon.es\">cvizg@unileon.es<\/a>)<\/span><\/p>\r\n<p style=\"padding-left: 40px;\"><span style=\"font-size: 10pt;\">Coordinadora de Tercer Curso: <strong>Bel\u00e9n Sola Pizarro<\/strong> (<a href=\"mailto:msolp@unileon.es\">msolp<\/a><a href=\"mailto:ararig@unileon.es\">@unileon.es<\/a>)<\/span><\/p>\r\n<p style=\"padding-left: 40px;\"><span style=\"font-size: 10pt;\">Coordinadora de Cuarto Curso:\u00a0<strong>Carmen Requena Hern\u00e1ndez<\/strong> (<a href=\"mailto:mcreqh@unileon.es\">mcreqh@unileon.es<\/a>)<\/span><\/p>","protected":false},"excerpt":{"rendered":"<p>Grado en Educaci\u00f3n Infantil Coordinadora de Grado: Teresa Garc\u00eda San Emeterio\u00a0(tgars@unileon.es) Coordinadora de Primer Curso: Sara Real Castelao (sreac@unileon.es) Coordinador de Segundo Curso: Diego Gonz\u00e1lez Rodr\u00edguez\u00a0(diego.gonzalez@unileon.es) Coordinadora de Tercer Curso: M.\u00aa Lourdes \u00c1lvarez Fern\u00e1ndez (mlalvf@unileon.es) Coordinadora de Cuarto Curso: Teresa Garc\u00eda San Emeterio (tgars@unileon.es) &nbsp; Grado en Educaci\u00f3n Primaria Coordinadora de Grado: Bel\u00e9n Labrador de [&hellip;]<\/p>\n","protected":false},"author":11,"featured_media":0,"parent":0,"menu_order":0,"comment_status":"closed","ping_status":"closed","template":"","meta":{"footnotes":""},"class_list":["post-554","page","type-page","status-publish","hentry"],"_links":{"self":[{"href":"https:\/\/centros.unileon.es\/educacion\/wp-json\/wp\/v2\/pages\/554","targetHints":{"allow":["GET"]}}],"collection":[{"href":"https:\/\/centros.unileon.es\/educacion\/wp-json\/wp\/v2\/pages"}],"about":[{"href":"https:\/\/centros.unileon.es\/educacion\/wp-json\/wp\/v2\/types\/page"}],"author":[{"embeddable":true,"href":"https:\/\/centros.unileon.es\/educacion\/wp-json\/wp\/v2\/users\/11"}],"replies":[{"embeddable":true,"href":"https:\/\/centros.unileon.es\/educacion\/wp-json\/wp\/v2\/comments?post=554"}],"version-history":[{"count":37,"href":"https:\/\/centros.unileon.es\/educacion\/wp-json\/wp\/v2\/pages\/554\/revisions"}],"predecessor-version":[{"id":5013,"href":"https:\/\/centros.unileon.es\/educacion\/wp-json\/wp\/v2\/pages\/554\/revisions\/5013"}],"wp:attachment":[{"href":"https:\/\/centros.unileon.es\/educacion\/wp-json\/wp\/v2\/media?parent=554"}],"curies":[{"name":"wp","href":"https:\/\/api.w.org\/{rel}","templated":true}]}}