{"id":5296,"date":"2025-12-01T13:36:08","date_gmt":"2025-12-01T13:36:08","guid":{"rendered":"https:\/\/centros.unileon.es\/educacion\/?page_id=5296"},"modified":"2025-12-09T13:47:25","modified_gmt":"2025-12-09T13:47:25","slug":"videos-y-fotografias-de-las-graduaciones-2024-2025","status":"publish","type":"page","link":"https:\/\/centros.unileon.es\/educacion\/videos-y-fotografias-de-las-graduaciones-2024-2025\/","title":{"rendered":"Graduaciones curso 2024-2025"},"content":{"rendered":"<p style=\"text-align: left;\"><span style=\"font-size: 18pt;\"><strong>Graduaciones celebradas el 28 de noviembre de 2025<\/strong><\/span><\/p>\r\n<p>&nbsp;<\/p>\r\n<p><strong><span style=\"font-size: 14pt;\">Fotograf\u00edas: <a href=\"https:\/\/fotos.unileon.es\/index.php?album=ACTOS\/GRADUACI-N-DE-LA-FACULTAD-DE-EDUCACI-N-28-de-noviembre-\">Enlace<\/a><\/span><\/strong><\/p>\r\n<p>&nbsp;<\/p>\r\n<p><strong><span style=\"font-size: 14pt;\">Videos: <\/span><\/strong><\/p>\r\n<p><a href=\"https:\/\/www.youtube.com\/watch?v=us-FEFg2H9o\"><strong><span style=\"font-size: 14pt;\">Grado en Educaci\u00f3n Primaria y Educaci\u00f3n Social<\/span><\/strong><\/a><\/p>\r\n<p><a href=\"https:\/\/www.youtube.com\/watch?v=X8kOnv1of5k\"><span style=\"font-size: 14pt;\"><strong>Grado en Educaci\u00f3n Infantil y M\u00e1steres<\/strong><\/span><\/a><\/p>\r\n<p>&nbsp;<\/p>","protected":false},"excerpt":{"rendered":"<p>Graduaciones celebradas el 28 de noviembre de 2025 &nbsp; Fotograf\u00edas: Enlace &nbsp; Videos: Grado en Educaci\u00f3n Primaria y Educaci\u00f3n Social Grado en Educaci\u00f3n Infantil y M\u00e1steres &nbsp;<\/p>\n","protected":false},"author":11,"featured_media":0,"parent":0,"menu_order":0,"comment_status":"closed","ping_status":"closed","template":"","meta":{"footnotes":""},"class_list":["post-5296","page","type-page","status-publish","hentry"],"_links":{"self":[{"href":"https:\/\/centros.unileon.es\/educacion\/wp-json\/wp\/v2\/pages\/5296","targetHints":{"allow":["GET"]}}],"collection":[{"href":"https:\/\/centros.unileon.es\/educacion\/wp-json\/wp\/v2\/pages"}],"about":[{"href":"https:\/\/centros.unileon.es\/educacion\/wp-json\/wp\/v2\/types\/page"}],"author":[{"embeddable":true,"href":"https:\/\/centros.unileon.es\/educacion\/wp-json\/wp\/v2\/users\/11"}],"replies":[{"embeddable":true,"href":"https:\/\/centros.unileon.es\/educacion\/wp-json\/wp\/v2\/comments?post=5296"}],"version-history":[{"count":5,"href":"https:\/\/centros.unileon.es\/educacion\/wp-json\/wp\/v2\/pages\/5296\/revisions"}],"predecessor-version":[{"id":5301,"href":"https:\/\/centros.unileon.es\/educacion\/wp-json\/wp\/v2\/pages\/5296\/revisions\/5301"}],"wp:attachment":[{"href":"https:\/\/centros.unileon.es\/educacion\/wp-json\/wp\/v2\/media?parent=5296"}],"curies":[{"name":"wp","href":"https:\/\/api.w.org\/{rel}","templated":true}]}}