{"id":505,"date":"2020-12-05T11:01:10","date_gmt":"2020-12-05T11:01:10","guid":{"rendered":"https:\/\/centros.unileon.es\/educacion\/?page_id=505"},"modified":"2023-01-11T12:57:29","modified_gmt":"2023-01-11T12:57:29","slug":"master","status":"publish","type":"page","link":"https:\/\/centros.unileon.es\/educacion\/master\/","title":{"rendered":"M\u00e1ster"},"content":{"rendered":"<h3>M\u00e1ster Universitario en Formaci\u00f3n del Profesorado de Educaci\u00f3n Secundaria Obligatoria y Bachillerato, Formaci\u00f3n Profesional y Ense\u00f1anzas de Idiomas<\/h3>\r\n<ul>\r\n \t<li><a href=\"https:\/\/www.unileon.es\/estudiantes\/oferta-academica\/masteres\/mu-formacion-profesorado-eso-bachillerato-fp-idiomas\">Descripci\u00f3n del M\u00e1ster<\/a><\/li>\r\n \t<li><a href=\"https:\/\/www.unileon.es\/estudiantes\/oferta-academica\/masteres\/mu-formacion-profesorado-eso-bachillerato-fp-idiomas\/plan-estudios\">Plan de estudios<\/a><\/li>\r\n \t<li><a href=\"https:\/\/centros.unileon.es\/educacion\/files\/2021\/02\/memoria_msFormProf.pdf\">Memoria de verificaci\u00f3n<\/a><\/li>\r\n<\/ul>\r\n<h3>M\u00e1ster Universitario en Orientaci\u00f3n Educativa<\/h3>\r\n<ul>\r\n \t<li><a href=\"https:\/\/www.unileon.es\/estudiantes\/oferta-academica\/masteres\/mu-orientacion-educativa\">Descripci\u00f3n del M\u00e1ster<\/a><\/li>\r\n \t<li><a href=\"https:\/\/www.unileon.es\/estudiantes\/oferta-academica\/masteres\/mu-orientacion-educativa\/plan-estudios\">Plan de estudios<\/a><\/li>\r\n \t<li><a href=\"https:\/\/centros.unileon.es\/educacion\/files\/2021\/02\/DEF_2014-214-10-101-2014-09-03-13-49-56.pdf\">Memoria de verificaci\u00f3n<\/a><\/li>\r\n \t<li><a href=\"https:\/\/drive.google.com\/file\/d\/1D31RlgZw_u-tyxG8dJ90q70S1C78wZKc\/view?usp=share_link\">Certificado validaci\u00f3n MUOE<\/a><\/li>\r\n<\/ul>","protected":false},"excerpt":{"rendered":"<p>M\u00e1ster Universitario en Formaci\u00f3n del Profesorado de Educaci\u00f3n Secundaria Obligatoria y Bachillerato, Formaci\u00f3n Profesional y Ense\u00f1anzas de Idiomas Descripci\u00f3n del M\u00e1ster Plan de estudios Memoria de verificaci\u00f3n M\u00e1ster Universitario en Orientaci\u00f3n Educativa Descripci\u00f3n del M\u00e1ster Plan de estudios Memoria de verificaci\u00f3n Certificado validaci\u00f3n MUOE<\/p>\n","protected":false},"author":11,"featured_media":0,"parent":0,"menu_order":0,"comment_status":"closed","ping_status":"closed","template":"","meta":{"footnotes":""},"class_list":["post-505","page","type-page","status-publish","hentry"],"_links":{"self":[{"href":"https:\/\/centros.unileon.es\/educacion\/wp-json\/wp\/v2\/pages\/505","targetHints":{"allow":["GET"]}}],"collection":[{"href":"https:\/\/centros.unileon.es\/educacion\/wp-json\/wp\/v2\/pages"}],"about":[{"href":"https:\/\/centros.unileon.es\/educacion\/wp-json\/wp\/v2\/types\/page"}],"author":[{"embeddable":true,"href":"https:\/\/centros.unileon.es\/educacion\/wp-json\/wp\/v2\/users\/11"}],"replies":[{"embeddable":true,"href":"https:\/\/centros.unileon.es\/educacion\/wp-json\/wp\/v2\/comments?post=505"}],"version-history":[{"count":17,"href":"https:\/\/centros.unileon.es\/educacion\/wp-json\/wp\/v2\/pages\/505\/revisions"}],"predecessor-version":[{"id":3222,"href":"https:\/\/centros.unileon.es\/educacion\/wp-json\/wp\/v2\/pages\/505\/revisions\/3222"}],"wp:attachment":[{"href":"https:\/\/centros.unileon.es\/educacion\/wp-json\/wp\/v2\/media?parent=505"}],"curies":[{"name":"wp","href":"https:\/\/api.w.org\/{rel}","templated":true}]}}