{"id":504,"date":"2020-12-05T11:01:10","date_gmt":"2020-12-05T11:01:10","guid":{"rendered":"https:\/\/centros.unileon.es\/educacion\/?page_id=504"},"modified":"2026-02-11T10:49:39","modified_gmt":"2026-02-11T10:49:39","slug":"grados","status":"publish","type":"page","link":"https:\/\/centros.unileon.es\/educacion\/grados\/","title":{"rendered":"Grados"},"content":{"rendered":"<h3><span style=\"font-size: 12pt;\">Grado en Educaci\u00f3n Infantil<\/span><\/h3>\r\n<ul>\r\n\t<li><a href=\"https:\/\/www.unileon.es\/estudiantes\/oferta-academica\/grados\/grado-en-educacion-infantil\">Descripci\u00f3n del Grado<\/a><\/li>\r\n\t<li><a href=\"https:\/\/www.unileon.es\/estudiantes\/oferta-academica\/grados\/grado-en-educacion-infantil\/plan-estudios\">Plan de estudios<\/a><\/li>\r\n\t<li><a href=\"https:\/\/centros.unileon.es\/educacion\/files\/2026\/02\/Memoria-Verificacion-1.pdf\">Memoria de Verificaci\u00f3n<\/a><\/li>\r\n<\/ul>\r\n<h3><span style=\"font-size: 12pt;\">Grado en Educaci\u00f3n Primaria<\/span><\/h3>\r\n<ul>\r\n\t<li><a href=\"https:\/\/www.unileon.es\/estudiantes\/oferta-academica\/grados\/grado-en-educacion-primaria\">Descripci\u00f3n del Grado<\/a><\/li>\r\n\t<li><a href=\"https:\/\/www.unileon.es\/estudiantes\/oferta-academica\/grados\/grado-en-educacion-primaria\/plan-estudios\">Plan de estudios<\/a><\/li>\r\n\t<li><a href=\"https:\/\/centros.unileon.es\/educacion\/files\/2026\/02\/Memoria-de-Verificacion.pdf\">Memoria de Verificaci\u00f3n<\/a><\/li>\r\n<\/ul>\r\n<h3><span style=\"font-size: 12pt;\">Grado en Educaci\u00f3n Social<\/span><\/h3>\r\n<ul>\r\n\t<li><a href=\"https:\/\/www.unileon.es\/estudiantes\/oferta-academica\/grados\/grado-en-educacion-social\">Descripci\u00f3n del Grado<\/a><\/li>\r\n\t<li><a href=\"https:\/\/www.unileon.es\/estudiantes\/oferta-academica\/grados\/grado-en-educacion-social\/plan-estudios\">Plan de estudios<\/a><\/li>\r\n\t<li><a href=\"https:\/\/centros.unileon.es\/educacion\/files\/2026\/02\/Memoria-de-Verificacion-Social.pdf\">Memoria de Verificaci\u00f3n<\/a><\/li>\r\n<\/ul>","protected":false},"excerpt":{"rendered":"<p>Grado en Educaci\u00f3n Infantil Descripci\u00f3n del Grado Plan de estudios Memoria de Verificaci\u00f3n Grado en Educaci\u00f3n Primaria Descripci\u00f3n del Grado Plan de estudios Memoria de Verificaci\u00f3n Grado en Educaci\u00f3n Social Descripci\u00f3n del Grado Plan de estudios Memoria de Verificaci\u00f3n<\/p>\n","protected":false},"author":11,"featured_media":0,"parent":0,"menu_order":0,"comment_status":"closed","ping_status":"closed","template":"","meta":{"footnotes":""},"class_list":["post-504","page","type-page","status-publish","hentry"],"_links":{"self":[{"href":"https:\/\/centros.unileon.es\/educacion\/wp-json\/wp\/v2\/pages\/504","targetHints":{"allow":["GET"]}}],"collection":[{"href":"https:\/\/centros.unileon.es\/educacion\/wp-json\/wp\/v2\/pages"}],"about":[{"href":"https:\/\/centros.unileon.es\/educacion\/wp-json\/wp\/v2\/types\/page"}],"author":[{"embeddable":true,"href":"https:\/\/centros.unileon.es\/educacion\/wp-json\/wp\/v2\/users\/11"}],"replies":[{"embeddable":true,"href":"https:\/\/centros.unileon.es\/educacion\/wp-json\/wp\/v2\/comments?post=504"}],"version-history":[{"count":12,"href":"https:\/\/centros.unileon.es\/educacion\/wp-json\/wp\/v2\/pages\/504\/revisions"}],"predecessor-version":[{"id":5477,"href":"https:\/\/centros.unileon.es\/educacion\/wp-json\/wp\/v2\/pages\/504\/revisions\/5477"}],"wp:attachment":[{"href":"https:\/\/centros.unileon.es\/educacion\/wp-json\/wp\/v2\/media?parent=504"}],"curies":[{"name":"wp","href":"https:\/\/api.w.org\/{rel}","templated":true}]}}