{"id":498,"date":"2020-12-05T10:58:24","date_gmt":"2020-12-05T10:58:24","guid":{"rendered":"https:\/\/centros.unileon.es\/educacion\/?page_id=498"},"modified":"2025-05-19T09:56:29","modified_gmt":"2025-05-19T09:56:29","slug":"contacto","status":"publish","type":"page","link":"https:\/\/centros.unileon.es\/educacion\/contacto\/","title":{"rendered":"Contacto"},"content":{"rendered":"<p><strong>Horario de atenci\u00f3n al p\u00fablico<\/strong><br \/>\r\nDe 09:00 h. a 14:00 h. de lunes a viernes<\/p>\r\n<p><strong>Tel\u00e9fonos<\/strong><br \/>\r\n987 29 11 47<br \/>\r\n987 29 11 43<br \/>\r\n987 29 31 38<br \/>\r\n987 29 11 44<\/p>\r\n<p><strong>Fax<\/strong><br \/>\r\n987 29 11 45<\/p>\r\n<p><strong>Correo electr\u00f3nico<\/strong><br \/>\r\n<a>fceadm@unileon.es<\/a><\/p>","protected":false},"excerpt":{"rendered":"<p>Horario de atenci\u00f3n al p\u00fablico De 09:00 h. a 14:00 h. de lunes a viernes Tel\u00e9fonos 987 29 11 47 987 29 11 43 987 29 31 38 987 29 11 44 Fax 987 29 11 45 Correo electr\u00f3nico fceadm@unileon.es<\/p>\n","protected":false},"author":11,"featured_media":0,"parent":0,"menu_order":0,"comment_status":"closed","ping_status":"closed","template":"","meta":{"footnotes":""},"class_list":["post-498","page","type-page","status-publish","hentry"],"_links":{"self":[{"href":"https:\/\/centros.unileon.es\/educacion\/wp-json\/wp\/v2\/pages\/498","targetHints":{"allow":["GET"]}}],"collection":[{"href":"https:\/\/centros.unileon.es\/educacion\/wp-json\/wp\/v2\/pages"}],"about":[{"href":"https:\/\/centros.unileon.es\/educacion\/wp-json\/wp\/v2\/types\/page"}],"author":[{"embeddable":true,"href":"https:\/\/centros.unileon.es\/educacion\/wp-json\/wp\/v2\/users\/11"}],"replies":[{"embeddable":true,"href":"https:\/\/centros.unileon.es\/educacion\/wp-json\/wp\/v2\/comments?post=498"}],"version-history":[{"count":4,"href":"https:\/\/centros.unileon.es\/educacion\/wp-json\/wp\/v2\/pages\/498\/revisions"}],"predecessor-version":[{"id":4926,"href":"https:\/\/centros.unileon.es\/educacion\/wp-json\/wp\/v2\/pages\/498\/revisions\/4926"}],"wp:attachment":[{"href":"https:\/\/centros.unileon.es\/educacion\/wp-json\/wp\/v2\/media?parent=498"}],"curies":[{"name":"wp","href":"https:\/\/api.w.org\/{rel}","templated":true}]}}