{"id":482,"date":"2020-12-05T10:52:14","date_gmt":"2020-12-05T10:52:14","guid":{"rendered":"https:\/\/centros.unileon.es\/educacion\/?page_id=482"},"modified":"2021-04-12T07:55:27","modified_gmt":"2021-04-12T07:55:27","slug":"conserjeria-2","status":"publish","type":"page","link":"https:\/\/centros.unileon.es\/educacion\/conserjeria-2\/","title":{"rendered":"Conserjer\u00eda"},"content":{"rendered":"<span style=\"font-size: 10pt;\">Se encuentra en el vest\u00edbulo de la planta baja del edificio, a la derecha del acceso principal. Es el primer punto de informaci\u00f3n y atenci\u00f3n al p\u00fablico con el que cuenta la Facultad de Educaci\u00f3n.<\/span>\r\n\r\n<span style=\"font-size: 10pt;\"><strong>Funciones<\/strong><\/span>\r\n<ul>\r\n \t<li><span style=\"font-size: 10pt;\">Informaci\u00f3n general<\/span><\/li>\r\n \t<li><span style=\"font-size: 10pt;\">Apertura y cierre del Centro<\/span><\/li>\r\n \t<li><span style=\"font-size: 10pt;\">Cuidado general del Edificio y sus instalaciones<\/span><\/li>\r\n \t<li><span style=\"font-size: 10pt;\">Sistemas de informaci\u00f3n\u00a0del\u00a0Edificio<\/span><\/li>\r\n \t<li><span style=\"font-size: 10pt;\">Gesti\u00f3n del correo de la Facultad<\/span><\/li>\r\n \t<li><span style=\"font-size: 10pt;\">Control del acceso al Edificio<\/span><\/li>\r\n \t<li><span style=\"font-size: 10pt;\">Tareas log\u00edsticas y de apoyo diversas<\/span><\/li>\r\n<\/ul>\r\n<span style=\"font-size: 10pt;\"><strong>Horario del Centro<\/strong><\/span>\r\n<span style=\"font-size: 10pt;\">De 08:00 h. a 20:00 h. de lunes a viernes<\/span>\r\n\r\n<span style=\"font-size: 10pt;\"><strong>Tel\u00e9fono<\/strong><\/span>\r\n<span style=\"font-size: 10pt;\">987 29 11 37<\/span>\r\n\r\n<span style=\"font-size: 10pt;\"><strong>Correo electr\u00f3nico<\/strong>\r\nfcecon@unileon.es<\/span>","protected":false},"excerpt":{"rendered":"<p>Se encuentra en el vest\u00edbulo de la planta baja del edificio, a la derecha del acceso principal. Es el primer punto de informaci\u00f3n y atenci\u00f3n al p\u00fablico con el que cuenta la Facultad de Educaci\u00f3n. Funciones Informaci\u00f3n general Apertura y cierre del Centro Cuidado general del Edificio y sus instalaciones Sistemas de informaci\u00f3n\u00a0del\u00a0Edificio Gesti\u00f3n del [&hellip;]<\/p>\n","protected":false},"author":11,"featured_media":0,"parent":0,"menu_order":0,"comment_status":"closed","ping_status":"closed","template":"","meta":{"footnotes":""},"class_list":["post-482","page","type-page","status-publish","hentry"],"_links":{"self":[{"href":"https:\/\/centros.unileon.es\/educacion\/wp-json\/wp\/v2\/pages\/482","targetHints":{"allow":["GET"]}}],"collection":[{"href":"https:\/\/centros.unileon.es\/educacion\/wp-json\/wp\/v2\/pages"}],"about":[{"href":"https:\/\/centros.unileon.es\/educacion\/wp-json\/wp\/v2\/types\/page"}],"author":[{"embeddable":true,"href":"https:\/\/centros.unileon.es\/educacion\/wp-json\/wp\/v2\/users\/11"}],"replies":[{"embeddable":true,"href":"https:\/\/centros.unileon.es\/educacion\/wp-json\/wp\/v2\/comments?post=482"}],"version-history":[{"count":14,"href":"https:\/\/centros.unileon.es\/educacion\/wp-json\/wp\/v2\/pages\/482\/revisions"}],"predecessor-version":[{"id":1417,"href":"https:\/\/centros.unileon.es\/educacion\/wp-json\/wp\/v2\/pages\/482\/revisions\/1417"}],"wp:attachment":[{"href":"https:\/\/centros.unileon.es\/educacion\/wp-json\/wp\/v2\/media?parent=482"}],"curies":[{"name":"wp","href":"https:\/\/api.w.org\/{rel}","templated":true}]}}