{"id":480,"date":"2020-12-05T10:52:14","date_gmt":"2020-12-05T10:52:14","guid":{"rendered":"https:\/\/centros.unileon.es\/educacion\/?page_id=480"},"modified":"2025-05-19T09:48:58","modified_gmt":"2025-05-19T09:48:58","slug":"administracion-2","status":"publish","type":"page","link":"https:\/\/centros.unileon.es\/educacion\/administracion-2\/","title":{"rendered":"Administraci\u00f3n"},"content":{"rendered":"<p><strong><span style=\"font-size: 10pt;\">Horario de atenci\u00f3n al p\u00fablico<\/span><\/strong><br \/>\r\n<span style=\"font-size: 10pt;\">De 09:00 h. a 14:00 h. de lunes a viernes<\/span><\/p>\r\n<p><strong><span style=\"font-size: 10pt;\">Tel\u00e9fonos<\/span><\/strong><br \/>\r\n<span style=\"font-size: 10pt;\">987 29 11 47<\/span><br \/>\r\n<span style=\"font-size: 10pt;\">987 29 11 43<\/span><br \/>\r\n<span style=\"font-size: 10pt;\">987 29 31 38<\/span><br \/>\r\n<span style=\"font-size: 10pt;\">987 29 11 44<\/span><\/p>\r\n<p><strong><span style=\"font-size: 10pt;\">Fax<\/span><\/strong><br \/>\r\n<span style=\"font-size: 10pt;\">987 29 11 45<\/span><\/p>\r\n<p><strong><span style=\"font-size: 10pt;\">Correo electr\u00f3nico<\/span><\/strong><br \/>\r\n<span style=\"font-size: 10pt;\"><a>fceadm@unileon.es<\/a><\/span><\/p>","protected":false},"excerpt":{"rendered":"<p>Horario de atenci\u00f3n al p\u00fablico De 09:00 h. a 14:00 h. de lunes a viernes Tel\u00e9fonos 987 29 11 47 987 29 11 43 987 29 31 38 987 29 11 44 Fax 987 29 11 45 Correo electr\u00f3nico fceadm@unileon.es<\/p>\n","protected":false},"author":11,"featured_media":0,"parent":0,"menu_order":0,"comment_status":"closed","ping_status":"closed","template":"","meta":{"footnotes":""},"class_list":["post-480","page","type-page","status-publish","hentry"],"_links":{"self":[{"href":"https:\/\/centros.unileon.es\/educacion\/wp-json\/wp\/v2\/pages\/480","targetHints":{"allow":["GET"]}}],"collection":[{"href":"https:\/\/centros.unileon.es\/educacion\/wp-json\/wp\/v2\/pages"}],"about":[{"href":"https:\/\/centros.unileon.es\/educacion\/wp-json\/wp\/v2\/types\/page"}],"author":[{"embeddable":true,"href":"https:\/\/centros.unileon.es\/educacion\/wp-json\/wp\/v2\/users\/11"}],"replies":[{"embeddable":true,"href":"https:\/\/centros.unileon.es\/educacion\/wp-json\/wp\/v2\/comments?post=480"}],"version-history":[{"count":5,"href":"https:\/\/centros.unileon.es\/educacion\/wp-json\/wp\/v2\/pages\/480\/revisions"}],"predecessor-version":[{"id":4911,"href":"https:\/\/centros.unileon.es\/educacion\/wp-json\/wp\/v2\/pages\/480\/revisions\/4911"}],"wp:attachment":[{"href":"https:\/\/centros.unileon.es\/educacion\/wp-json\/wp\/v2\/media?parent=480"}],"curies":[{"name":"wp","href":"https:\/\/api.w.org\/{rel}","templated":true}]}}