{"id":479,"date":"2020-12-05T10:52:14","date_gmt":"2020-12-05T10:52:14","guid":{"rendered":"https:\/\/centros.unileon.es\/educacion\/?page_id=479"},"modified":"2025-05-18T19:24:35","modified_gmt":"2025-05-18T19:24:35","slug":"departamentos-2","status":"publish","type":"page","link":"https:\/\/centros.unileon.es\/educacion\/departamentos-2\/","title":{"rendered":"Departamentos"},"content":{"rendered":"<h3>Docencia en Grados<\/h3>\r\n<ul>\r\n    <li><a href=\"http:\/\/departamentos.unileon.es\/biodiversidad-y-gestion-ambiental\" target=\"_blank\" rel=\"noopener\">Departamento de Biodiversidad y Gesti\u00f3n Ambiental<\/a><\/li>\r\n    <li><a href=\"http:\/\/departamentos.unileon.es\/biologia-molecular\" target=\"_blank\" rel=\"noopener\">Departamento de Ciencias Biom\u00e9dicas<\/a><\/li>\r\n    <li><a href=\"http:\/\/departamentos.unileon.es\/didactica-general-especifica-y-teoria-de-la-educacion\" target=\"_blank\" rel=\"noopener\">Departamento de Did\u00e1ctica General, Espec\u00edficas y Teor\u00eda de la Educaci\u00f3n<\/a><\/li>\r\n    <li><a href=\"http:\/\/departamentos.unileon.es\/educacion-fisica-y-deportiva\" target=\"_blank\" rel=\"noopener\">Departamento de Educaci\u00f3n F\u00edsica y Deportiva<\/a><\/li>\r\n    <li><a href=\"http:\/\/departamentos.unileon.es\/filologia-hispanica-y-clasica\" target=\"_blank\" rel=\"noopener\">Departamento de Filolog\u00eda Hisp\u00e1nica y Cl\u00e1sica<\/a><\/li>\r\n    <li><a href=\"http:\/\/departamentos.unileon.es\/filologia-moderna\" target=\"_blank\" rel=\"noopener\">Departamento de Filolog\u00eda Moderna<\/a><\/li>\r\n    <li><a href=\"http:\/\/departamentos.unileon.es\/geografia-y-geologia\" target=\"_blank\" rel=\"noopener\">Departamento de Geograf\u00eda y Geolog\u00eda<\/a><\/li>\r\n    <li><a href=\"http:\/\/departamentos.unileon.es\/historia\" target=\"_blank\" rel=\"noopener\">Departamento de Historia<\/a><\/li>\r\n    <li><a href=\"http:\/\/departamentos.unileon.es\/matematicas\" target=\"_blank\" rel=\"noopener\">Departamento de Matem\u00e1ticas<\/a><\/li>\r\n    <li><a href=\"http:\/\/departamentos.unileon.es\/psicologia-sociologia-y-filosofia\" target=\"_blank\" rel=\"noopener\">Departamento de Psicolog\u00eda, Sociolog\u00eda y Filosof\u00eda<\/a><\/li>\r\n    <li><a href=\"http:\/\/departamentos.unileon.es\/higiene-y-tecnologia-de-los-alimentos\" target=\"_blank\" rel=\"noopener\">Departamento de Higiene y Tecnolog\u00eda de los Alimentos<\/a><\/li>\r\n    <li><a href=\"http:\/\/departamentos.unileon.es\/patrimonio-artistico-y-documental\" target=\"_blank\" rel=\"noopener\">Departamento de Patrimonio Art\u00edstico y Documental<\/a><\/li>\r\n<\/ul>\r\n&nbsp;\r\n<h3>Docencia en Posgrado<\/h3>\r\n<h4>M\u00e1ster Universitario en Formaci\u00f3n del Profesorado de Educaci\u00f3n Secundaria<\/h4>\r\n<h4>M\u00f3dulo Biolog\u00eda y Geolog\u00eda<\/h4>\r\n<ul>\r\n    <li><a href=\"http:\/\/departamentos.unileon.es\/didactica-general-especifica-y-teoria-de-la-educacion\" target=\"_blank\" rel=\"noopener\">Departamento de Did\u00e1ctica General, Espec\u00edficas y Teor\u00eda de la Educaci\u00f3n<\/a><\/li>\r\n    <li><a href=\"http:\/\/departamentos.unileon.es\/psicologia-sociologia-y-filosofia\" target=\"_blank\" rel=\"noopener\">Departamento de Psicolog\u00eda, Sociolog\u00eda y Filosof\u00eda<\/a><\/li>\r\n    <li><a href=\"http:\/\/departamentos.unileon.es\/biodiversidad-y-gestion-ambiental\" target=\"_blank\" rel=\"noopener\">Departamento de Biodiversidad y Gesti\u00f3n Ambiental<\/a><\/li>\r\n    <li><a href=\"http:\/\/departamentos.unileon.es\/geografia-y-geologia\" target=\"_blank\" rel=\"noopener\">Departamento de Geograf\u00eda y Geolog\u00eda<\/a><\/li>\r\n<\/ul>\r\n<h4>M\u00f3dulo F\u00edsica y Qu\u00edmica<\/h4>\r\n<ul>\r\n    <li><a href=\"http:\/\/departamentos.unileon.es\/didactica-general-especifica-y-teoria-de-la-educacion\" target=\"_blank\" rel=\"noopener\">Departamento de Did\u00e1ctica General, Espec\u00edficas y Teor\u00eda de la Educaci\u00f3n<\/a><\/li>\r\n    <li><a href=\"http:\/\/departamentos.unileon.es\/psicologia-sociologia-y-filosofia\" target=\"_blank\" rel=\"noopener\">Departamento de Psicolog\u00eda, Sociolog\u00eda y Filosof\u00eda<\/a><\/li>\r\n    <li><a href=\"http:\/\/departamentos.unileon.es\/quimica-y-fisica-aplicadas\" target=\"_blank\" rel=\"noopener\">Departamento de Qu\u00edmica y F\u00edsica Aplicadas<\/a><\/li>\r\n<\/ul>\r\n<h4>M\u00f3dulo Lengua Castellana y Literatura<\/h4>\r\n<ul>\r\n    <li><a href=\"http:\/\/departamentos.unileon.es\/didactica-general-especifica-y-teoria-de-la-educacion\" target=\"_blank\" rel=\"noopener\">Departamento de Did\u00e1ctica General, Espec\u00edficas y Teor\u00eda de la Educaci\u00f3n<\/a><\/li>\r\n    <li><a href=\"http:\/\/departamentos.unileon.es\/psicologia-sociologia-y-filosofia\" target=\"_blank\" rel=\"noopener\">Departamento de Psicolog\u00eda, Sociolog\u00eda y Filosof\u00eda<\/a><\/li>\r\n    <li><a href=\"http:\/\/departamentos.unileon.es\/filologia-hispanica-y-clasica\" target=\"_blank\" rel=\"noopener\">Departamento de Filolog\u00eda Hisp\u00e1nica y Cl\u00e1sica<\/a><\/li>\r\n<\/ul>\r\n<h4>M\u00f3dulo Ingl\u00e9s<\/h4>\r\n<ul>\r\n    <li><a href=\"http:\/\/departamentos.unileon.es\/didactica-general-especifica-y-teoria-de-la-educacion\" target=\"_blank\" rel=\"noopener\">Departamento de Did\u00e1ctica General, Espec\u00edficas y Teor\u00eda de la Educaci\u00f3n<\/a><\/li>\r\n    <li><a href=\"http:\/\/departamentos.unileon.es\/psicologia-sociologia-y-filosofia\" target=\"_blank\" rel=\"noopener\">Departamento de Psicolog\u00eda, Sociolog\u00eda y Filosof\u00eda<\/a><\/li>\r\n    <li><a href=\"http:\/\/departamentos.unileon.es\/filologia-moderna\" target=\"_blank\" rel=\"noopener\">Departamento de Filolog\u00eda Moderna<\/a><\/li>\r\n<\/ul>\r\n<h4>M\u00f3dulo Geograf\u00eda e Historia<\/h4>\r\n<ul>\r\n    <li><a href=\"http:\/\/departamentos.unileon.es\/didactica-general-especifica-y-teoria-de-la-educacion\" target=\"_blank\" rel=\"noopener\">Departamento de Did\u00e1ctica General, Espec\u00edficas y Teor\u00eda de la Educaci\u00f3n<\/a><\/li>\r\n    <li><a href=\"http:\/\/departamentos.unileon.es\/psicologia-sociologia-y-filosofia\" target=\"_blank\" rel=\"noopener\">Departamento de Psicolog\u00eda, Sociolog\u00eda y Filosof\u00eda<\/a><\/li>\r\n    <li><a href=\"http:\/\/departamentos.unileon.es\/geografia-y-geologia\" target=\"_blank\" rel=\"noopener\">Departamento de Geograf\u00eda y Geolog\u00eda<\/a><\/li>\r\n    <li><a href=\"http:\/\/departamentos.unileon.es\/historia\" target=\"_blank\" rel=\"noopener\">Departamento de Historia<\/a><\/li>\r\n    <li><a href=\"http:\/\/departamentos.unileon.es\/patrimonio-artistico-y-documental\" target=\"_blank\" rel=\"noopener\">Departamento de Patrimonio Art\u00edstico y Documental<\/a><\/li>\r\n<\/ul>\r\n<h4>M\u00f3dulo Tecnolog\u00edas y Ciclos Formativos del Sector Industrial<\/h4>\r\n<ul>\r\n    <li><a href=\"http:\/\/departamentos.unileon.es\/didactica-general-especifica-y-teoria-de-la-educacion\" target=\"_blank\" rel=\"noopener\">Departamento de Did\u00e1ctica General, Espec\u00edficas y Teor\u00eda de la Educaci\u00f3n<\/a><\/li>\r\n    <li><a href=\"http:\/\/departamentos.unileon.es\/psicologia-sociologia-y-filosofia\" target=\"_blank\" rel=\"noopener\">Departamento de Psicolog\u00eda, Sociolog\u00eda y Filosof\u00eda<\/a><\/li>\r\n    <li><a href=\"http:\/\/departamentos.unileon.es\/ingenieria-electrica-y-de-sistemas-y-automatica\" target=\"_blank\" rel=\"noopener\">Departamento de Ingenier\u00eda El\u00e9ctrica y de Sistemas y de Autom\u00e1tica<\/a><\/li>\r\n    <li><a href=\"http:\/\/departamentos.unileon.es\/ingenierias-mecanica-informatica-y-aeroespacial\" target=\"_blank\" rel=\"noopener\">Departamento de Ingenier\u00edas Mec\u00e1nica, Inform\u00e1tica y Aeroespacial<\/a><\/li>\r\n<\/ul>\r\n<h4>M\u00f3dulo Econom\u00eda<\/h4>\r\n<ul>\r\n    <li><a href=\"http:\/\/departamentos.unileon.es\/didactica-general-especifica-y-teoria-de-la-educacion\" target=\"_blank\" rel=\"noopener\">Departamento de Did\u00e1ctica General, Espec\u00edficas y Teor\u00eda de la Educaci\u00f3n<\/a><\/li>\r\n    <li><a href=\"http:\/\/departamentos.unileon.es\/psicologia-sociologia-y-filosofia\" target=\"_blank\" rel=\"noopener\">Departamento de Psicolog\u00eda, Sociolog\u00eda y Filosof\u00eda<\/a><\/li>\r\n    <li><a href=\"http:\/\/departamentos.unileon.es\/direccion-y-economia-de-la-empresa\" target=\"_blank\" rel=\"noopener\">Departamento de Direcci\u00f3n y Econom\u00eda de la Empresa<\/a><\/li>\r\n    <li><a href=\"http:\/\/departamentos.unileon.es\/economia-y-estadistica\" target=\"_blank\" rel=\"noopener\">Departamento de Econom\u00eda y Estad\u00edstica<\/a><\/li>\r\n<\/ul>\r\n<h4>M\u00f3dulo Formaci\u00f3n y Orientaci\u00f3n Laboral<\/h4>\r\n<ul>\r\n    <li><a href=\"http:\/\/departamentos.unileon.es\/didactica-general-especifica-y-teoria-de-la-educacion\" target=\"_blank\" rel=\"noopener\">Departamento de Did\u00e1ctica General, Espec\u00edficas y Teor\u00eda de la Educaci\u00f3n<\/a><\/li>\r\n    <li><a href=\"http:\/\/departamentos.unileon.es\/psicologia-sociologia-y-filosofia\" target=\"_blank\" rel=\"noopener\">Departamento de Psicolog\u00eda, Sociolog\u00eda y Filosof\u00eda<\/a><\/li>\r\n    <li><a href=\"http:\/\/departamentos.unileon.es\/derecho-privado-y-de-la-empresa\" target=\"_blank\" rel=\"noopener\">Departamento de Derecho Privado y de la Empresa<\/a><\/li>\r\n    <li><a href=\"http:\/\/departamentos.unileon.es\/direccion-y-economia-de-la-empresa\" target=\"_blank\" rel=\"noopener\">Departamento de Direcci\u00f3n y Econom\u00eda de la Empresa<\/a><\/li>\r\n<\/ul>\r\n<h4>M\u00f3dulo Intervenci\u00f3n Sociocomunitaria y Servicios a la Comunidad<\/h4>\r\n<ul>\r\n    <li><a href=\"http:\/\/departamentos.unileon.es\/didactica-general-especifica-y-teoria-de-la-educacion\" target=\"_blank\" rel=\"noopener\">Departamento de Did\u00e1ctica General, Espec\u00edficas y Teor\u00eda de la Educaci\u00f3n<\/a><\/li>\r\n    <li><a href=\"http:\/\/departamentos.unileon.es\/psicologia-sociologia-y-filosofia\" target=\"_blank\" rel=\"noopener\">Departamento de Psicolog\u00eda, Sociolog\u00eda y Filosof\u00eda<\/a><\/li>\r\n<\/ul>\r\n<h4>M\u00f3dulo Educaci\u00f3n F\u00edsica<\/h4>\r\n<ul>\r\n    <li><a href=\"http:\/\/departamentos.unileon.es\/didactica-general-especifica-y-teoria-de-la-educacion\" target=\"_blank\" rel=\"noopener\">Departamento de Did\u00e1ctica General, Espec\u00edficas y Teor\u00eda de la Educaci\u00f3n<\/a><\/li>\r\n    <li><a href=\"http:\/\/departamentos.unileon.es\/psicologia-sociologia-y-filosofia\" target=\"_blank\" rel=\"noopener\">Departamento de Psicolog\u00eda, Sociolog\u00eda y Filosof\u00eda<\/a><\/li>\r\n    <li><a href=\"http:\/\/departamentos.unileon.es\/educacion-fisica-y-deportiva\" target=\"_blank\" rel=\"noopener\">Departamento de Educaci\u00f3n F\u00edsica y Deportiva<\/a><\/li>\r\n<\/ul>\r\n<h4>M\u00f3dulo Matem\u00e1ticas<\/h4>\r\n<ul>\r\n    <li><a href=\"http:\/\/departamentos.unileon.es\/didactica-general-especifica-y-teoria-de-la-educacion\" target=\"_blank\" rel=\"noopener\">Departamento de Did\u00e1ctica General, Espec\u00edficas y Teor\u00eda de la Educaci\u00f3n<\/a><\/li>\r\n    <li><a href=\"http:\/\/departamentos.unileon.es\/psicologia-sociologia-y-filosofia\" target=\"_blank\" rel=\"noopener\">Departamento de Psicolog\u00eda, Sociolog\u00eda y Filosof\u00eda<\/a><\/li>\r\n    <li><a href=\"http:\/\/departamentos.unileon.es\/matematicas\" target=\"_blank\" rel=\"noopener\">Departamento de Matem\u00e1ticas<\/a><\/li>\r\n<\/ul>","protected":false},"excerpt":{"rendered":"<p>Docencia en Grados Departamento de Biodiversidad y Gesti\u00f3n Ambiental Departamento de Ciencias Biom\u00e9dicas Departamento de Did\u00e1ctica General, Espec\u00edficas y Teor\u00eda de la Educaci\u00f3n Departamento de Educaci\u00f3n F\u00edsica y Deportiva Departamento de Filolog\u00eda Hisp\u00e1nica y Cl\u00e1sica Departamento de Filolog\u00eda Moderna Departamento de Geograf\u00eda y Geolog\u00eda Departamento de Historia Departamento de Matem\u00e1ticas Departamento de Psicolog\u00eda, Sociolog\u00eda y [&hellip;]<\/p>\n","protected":false},"author":11,"featured_media":0,"parent":0,"menu_order":0,"comment_status":"closed","ping_status":"closed","template":"","meta":{"footnotes":""},"class_list":["post-479","page","type-page","status-publish","hentry"],"_links":{"self":[{"href":"https:\/\/centros.unileon.es\/educacion\/wp-json\/wp\/v2\/pages\/479","targetHints":{"allow":["GET"]}}],"collection":[{"href":"https:\/\/centros.unileon.es\/educacion\/wp-json\/wp\/v2\/pages"}],"about":[{"href":"https:\/\/centros.unileon.es\/educacion\/wp-json\/wp\/v2\/types\/page"}],"author":[{"embeddable":true,"href":"https:\/\/centros.unileon.es\/educacion\/wp-json\/wp\/v2\/users\/11"}],"replies":[{"embeddable":true,"href":"https:\/\/centros.unileon.es\/educacion\/wp-json\/wp\/v2\/comments?post=479"}],"version-history":[{"count":9,"href":"https:\/\/centros.unileon.es\/educacion\/wp-json\/wp\/v2\/pages\/479\/revisions"}],"predecessor-version":[{"id":4896,"href":"https:\/\/centros.unileon.es\/educacion\/wp-json\/wp\/v2\/pages\/479\/revisions\/4896"}],"wp:attachment":[{"href":"https:\/\/centros.unileon.es\/educacion\/wp-json\/wp\/v2\/media?parent=479"}],"curies":[{"name":"wp","href":"https:\/\/api.w.org\/{rel}","templated":true}]}}