{"id":476,"date":"2020-12-05T10:52:14","date_gmt":"2020-12-05T10:52:14","guid":{"rendered":"https:\/\/centros.unileon.es\/educacion\/?page_id=476"},"modified":"2026-04-08T07:47:57","modified_gmt":"2026-04-08T07:47:57","slug":"decanato-2","status":"publish","type":"page","link":"https:\/\/centros.unileon.es\/educacion\/decanato-2\/","title":{"rendered":"Decanato"},"content":{"rendered":"<h3><span data-scayt_word=\"Decano\" data-scaytid=\"1\">Decana<\/span><\/h3>\r\n<p><b>Ana Mar\u00eda de Caso Fuertes<\/b><\/p>\r\n<p><span data-scayt_word=\"Tfno\" data-scaytid=\"5\">Tfno.<\/span>:\u00a0987 29 11 41 \u00a0 \u00a0 e-mail: <a>fcedec@unileon.es<\/a><\/p>\r\n<p>&nbsp;<\/p>\r\n<h3><span data-scayt_word=\"Vicedecana\" data-scaytid=\"7\">Vicedecana<\/span> de Actividad <span data-scayt_word=\"Acad\u00e9mica\" data-scaytid=\"9\">Acad\u00e9mica<\/span><\/h3>\r\n<p><b>Ruth Ca\u00f1\u00f3n Rodr\u00edguez<\/b><\/p>\r\n<p><span data-scayt_word=\"Tfno\" data-scaytid=\"6\">Tfno.<\/span>:\u00a0987 29 11 38 \u00a0 \u00a0 e-mail: <a>fcevdec@unileon.es<\/a><\/p>\r\n<p>&nbsp;<\/p>\r\n<h3><span data-scayt_word=\"Vicedecana\" data-scaytid=\"13\">Vicedecana<\/span> de Pr\u00e1cticum<\/h3>\r\n<p><b>Sheila Garc\u00eda Mart\u00edn<\/b><\/p>\r\n<p><span data-scayt_word=\"Tfno\" data-scaytid=\"15\">Tfno.<\/span>:\u00a0987 29 11 39 \u00a0 \u00a0 e-mail: <a>fcevdec2@unileon.es<\/a><\/p>\r\n<p>&nbsp;<\/p>\r\n<h3><span data-scayt_word=\"Vicedecana\" data-scaytid=\"19\">Vicedecano<\/span>\u00a0de <span data-scayt_word=\"Estudiantes\" data-scaytid=\"22\">Estudiantes<\/span> y <span data-scayt_word=\"Movilidad\" data-scaytid=\"23\">Movilidad<\/span><\/h3>\r\n<p><b>Diego Gonz\u00e1lez Rodr\u00edguez<\/b><\/p>\r\n<p><span data-scayt_word=\"Tfno\" data-scaytid=\"20\">Tfno.<\/span>:\u00a0987 29 11 42 \u00a0 \u00a0 e-mail: <a>fcevdec3@unileon.es<\/a><\/p>\r\n<p>&nbsp;<\/p>\r\n<h3><span data-scayt_word=\"Secretario\" data-scaytid=\"26\">Secretaria Acad\u00e9mica<\/span><\/h3>\r\n<p><b>Mar\u00eda Ben\u00e9itez Bay\u00f3n<\/b><\/p>\r\n<p><span data-scayt_word=\"Tfno\" data-scaytid=\"30\">Tfno.<\/span>:\u00a0987 29 31 39 \u00a0 \u00a0 e-mail: <a>fcesec@unileon.es<\/a><\/p>\r\n<p>&nbsp;<\/p>\r\n<h3><span data-scayt_word=\"Secretario\" data-scaytid=\"26\">Delegada del Decanato para Coordinaci\u00f3n de M\u00e1ster de Profesorado<\/span><\/h3>\r\n<p><b>Paula L\u00f3pez Guti\u00e9rrez<\/b><\/p>\r\n<p>e-mail: <a href=\"mailto:master.educacion@unileon.es\">master.educacion@unileon.es<\/a><\/p>","protected":false},"excerpt":{"rendered":"<p>Decana Ana Mar\u00eda de Caso Fuertes Tfno.:\u00a0987 29 11 41 \u00a0 \u00a0 e-mail: fcedec@unileon.es &nbsp; Vicedecana de Actividad Acad\u00e9mica Ruth Ca\u00f1\u00f3n Rodr\u00edguez Tfno.:\u00a0987 29 11 38 \u00a0 \u00a0 e-mail: fcevdec@unileon.es &nbsp; Vicedecana de Pr\u00e1cticum Sheila Garc\u00eda Mart\u00edn Tfno.:\u00a0987 29 11 39 \u00a0 \u00a0 e-mail: fcevdec2@unileon.es &nbsp; Vicedecano\u00a0de Estudiantes y Movilidad Diego Gonz\u00e1lez Rodr\u00edguez Tfno.:\u00a0987 29 [&hellip;]<\/p>\n","protected":false},"author":11,"featured_media":0,"parent":0,"menu_order":0,"comment_status":"closed","ping_status":"closed","template":"","meta":{"footnotes":""},"class_list":["post-476","page","type-page","status-publish","hentry"],"_links":{"self":[{"href":"https:\/\/centros.unileon.es\/educacion\/wp-json\/wp\/v2\/pages\/476","targetHints":{"allow":["GET"]}}],"collection":[{"href":"https:\/\/centros.unileon.es\/educacion\/wp-json\/wp\/v2\/pages"}],"about":[{"href":"https:\/\/centros.unileon.es\/educacion\/wp-json\/wp\/v2\/types\/page"}],"author":[{"embeddable":true,"href":"https:\/\/centros.unileon.es\/educacion\/wp-json\/wp\/v2\/users\/11"}],"replies":[{"embeddable":true,"href":"https:\/\/centros.unileon.es\/educacion\/wp-json\/wp\/v2\/comments?post=476"}],"version-history":[{"count":17,"href":"https:\/\/centros.unileon.es\/educacion\/wp-json\/wp\/v2\/pages\/476\/revisions"}],"predecessor-version":[{"id":5559,"href":"https:\/\/centros.unileon.es\/educacion\/wp-json\/wp\/v2\/pages\/476\/revisions\/5559"}],"wp:attachment":[{"href":"https:\/\/centros.unileon.es\/educacion\/wp-json\/wp\/v2\/media?parent=476"}],"curies":[{"name":"wp","href":"https:\/\/api.w.org\/{rel}","templated":true}]}}