{"id":3627,"date":"2023-07-05T11:04:20","date_gmt":"2023-07-05T11:04:20","guid":{"rendered":"https:\/\/centros.unileon.es\/educacion\/?page_id=3627"},"modified":"2024-06-20T07:07:14","modified_gmt":"2024-06-20T07:07:14","slug":"examenes-2023-24","status":"publish","type":"page","link":"https:\/\/centros.unileon.es\/educacion\/examenes-2023-24\/","title":{"rendered":"Ex\u00e1menes 2023\/24"},"content":{"rendered":"<strong>Primera Convocatoria<\/strong>\r\n\r\n<a href=\"https:\/\/centros.unileon.es\/educacion\/files\/2024\/05\/Grado-en-Educacion-Infantil-3.pdf\">Grado en Educaci\u00f3n Infantil<\/a>\r\n\r\n<a href=\"https:\/\/centros.unileon.es\/educacion\/files\/2024\/05\/Grado-en-Educacion-Primaria.pdf\">Grado en Educaci\u00f3n Primaria<\/a>\r\n\r\n<a href=\"https:\/\/centros.unileon.es\/educacion\/files\/2024\/05\/Grado-en-Educacion-Social.pdf\">Grado en Educaci\u00f3n Social<\/a>\r\n\r\n<a href=\"https:\/\/centros.unileon.es\/educacion\/files\/2023\/07\/Master-Universitario-en-Formacion-del-Profesorado-de-Educacion-Secundaria-Obligatoria-y-Bachillerato-Formacion-Profesional-y-Ensenanzas-de-Idiomas-2023-24.pdf\">M\u00e1ster Universitario en Formaci\u00f3n del Profesorado de Educaci\u00f3n Secundaria Obligatoria y Bachillerato, Formaci\u00f3n Profesional y Ense\u00f1anzas de Idiomas<\/a>\r\n\r\n<a href=\"https:\/\/centros.unileon.es\/educacion\/files\/2023\/07\/Master-Universitario-en-Orientacion-Educativa.pdf\">M\u00e1ster Universitario en Orientaci\u00f3n Educativa<\/a>\r\n\r\n&nbsp;\r\n\r\n<strong>Segunda Convocatoria<\/strong>\r\n\r\n<a href=\"https:\/\/centros.unileon.es\/educacion\/files\/2024\/02\/Grado-en-Educacion-Infantil-1.pdf\">Grado en Educaci\u00f3n Infantil<\/a>\r\n\r\n<a href=\"https:\/\/centros.unileon.es\/educacion\/files\/2024\/06\/Grado-en-Educacion-Primaria-3.pdf\">Grado en Educaci\u00f3n Primaria<\/a>\r\n\r\n<a href=\"https:\/\/centros.unileon.es\/educacion\/files\/2024\/05\/Grado-en-Educacion-Social-1.pdf\">Grado en Educaci\u00f3n Social<\/a>\r\n\r\n<a href=\"https:\/\/centros.unileon.es\/educacion\/files\/2023\/07\/Examenes-Segunda-Convocatoria-Master-Universitario-en-Formacion-del-Profesorado-de-Educacion-Secundaria-Obligatoria-y-Bachillerato-Formacion-Profesional-y-Ensenanzas-de-Idiomas-2023-24-3.pdf\">M\u00e1ster Universitario en Formaci\u00f3n del Profesorado de Educaci\u00f3n Secundaria Obligatoria y Bachillerato, Formaci\u00f3n Profesional y Ense\u00f1anzas de Idiomas<\/a>\r\n\r\n<a href=\"https:\/\/centros.unileon.es\/educacion\/files\/2023\/07\/Examenes-Segunda-Convocatoria-Master-Universitario-en-Orientacion-Educativa-2023-24-1.pdf\">M\u00e1ster Universitario en Orientaci\u00f3n Educativa<\/a>","protected":false},"excerpt":{"rendered":"<p>Primera Convocatoria Grado en Educaci\u00f3n Infantil Grado en Educaci\u00f3n Primaria Grado en Educaci\u00f3n Social M\u00e1ster Universitario en Formaci\u00f3n del Profesorado de Educaci\u00f3n Secundaria Obligatoria y Bachillerato, Formaci\u00f3n Profesional y Ense\u00f1anzas de Idiomas M\u00e1ster Universitario en Orientaci\u00f3n Educativa &nbsp; Segunda Convocatoria Grado en Educaci\u00f3n Infantil Grado en Educaci\u00f3n Primaria Grado en Educaci\u00f3n Social M\u00e1ster Universitario en [&hellip;]<\/p>\n","protected":false},"author":11,"featured_media":0,"parent":0,"menu_order":0,"comment_status":"closed","ping_status":"closed","template":"","meta":{"footnotes":""},"class_list":["post-3627","page","type-page","status-publish","hentry"],"_links":{"self":[{"href":"https:\/\/centros.unileon.es\/educacion\/wp-json\/wp\/v2\/pages\/3627","targetHints":{"allow":["GET"]}}],"collection":[{"href":"https:\/\/centros.unileon.es\/educacion\/wp-json\/wp\/v2\/pages"}],"about":[{"href":"https:\/\/centros.unileon.es\/educacion\/wp-json\/wp\/v2\/types\/page"}],"author":[{"embeddable":true,"href":"https:\/\/centros.unileon.es\/educacion\/wp-json\/wp\/v2\/users\/11"}],"replies":[{"embeddable":true,"href":"https:\/\/centros.unileon.es\/educacion\/wp-json\/wp\/v2\/comments?post=3627"}],"version-history":[{"count":30,"href":"https:\/\/centros.unileon.es\/educacion\/wp-json\/wp\/v2\/pages\/3627\/revisions"}],"predecessor-version":[{"id":4279,"href":"https:\/\/centros.unileon.es\/educacion\/wp-json\/wp\/v2\/pages\/3627\/revisions\/4279"}],"wp:attachment":[{"href":"https:\/\/centros.unileon.es\/educacion\/wp-json\/wp\/v2\/media?parent=3627"}],"curies":[{"name":"wp","href":"https:\/\/api.w.org\/{rel}","templated":true}]}}