{"id":336,"date":"2019-10-07T13:46:43","date_gmt":"2019-10-07T13:46:43","guid":{"rendered":"https:\/\/centros.unileon.es\/educacion\/?page_id=336"},"modified":"2019-10-07T13:58:18","modified_gmt":"2019-10-07T13:58:18","slug":"master-universitario-en-orientacion-educativa","status":"publish","type":"page","link":"https:\/\/centros.unileon.es\/educacion\/master-universitario-en-orientacion-educativa\/","title":{"rendered":"M\u00e1ster Universitario en Orientaci\u00f3n Educativa"},"content":{"rendered":"<p style=\"text-align: justify;\"><span style=\"font-family: georgia, palatino, serif;\">El M\u00e1ster Universitario en Orientaci\u00f3n Educativa de la Universidad de Le\u00f3n habilita para el ejercicio de profesiones reguladas, seg\u00fan se recoge en la Disposici\u00f3n adicional \u00fanica de la Orden EDU\/3498\/2011 (BOE, n\u00ba 310) de acuerdo con lo establecido en el Real Decreto 1834\/2008, de 8 de noviembre, por el que se establecen las especialidades de los cuerpos docentes de Ense\u00f1anza Secundaria Obligatoria y Bachillerato, Formaci\u00f3n Profesional y Ense\u00f1anzas de Idiomas. As\u00ed mismo, el citado M\u00e1ster est\u00e1 recogido con el N\u00ba de registro 4314873 en la Resoluci\u00f3n de 25 de febrero de 2015, de la Secretar\u00eda General de Universidades por el que se establece el car\u00e1cter oficial de determinados t\u00edtulos de M\u00e1ster y su inscripci\u00f3n en el Registro de Universidades, Centros y T\u00edtulos. BOE n\u00fam. 66, de 18 de marzo de 2015, p\u00e1ginas 24281 a 24286.<\/span><\/p>\r\nhttps:\/\/www.educacion.gob.es\/ruct\/estudio.action?codigoCiclo=SC&#038;codigoTipo=M&#038;CodigoEstudio=4314873&#038;actual=estudios\r\n\r\n<a href=\"https:\/\/centros.unileon.es\/educacion\/files\/2019\/10\/TRIPTICO-Master_Orientacion_Educativa_0.pdf\">TRIPTICO-Master_Orientacion_Educativa_0<\/a>\r\n\r\n<a href=\"https:\/\/centros.unileon.es\/educacion\/files\/2019\/10\/Convenio_JCYL-ULE_septiembre2013.pdf\">Convenio_JCYL-ULE_septiembre2013<\/a>\r\n\r\n<a href=\"https:\/\/centros.unileon.es\/educacion\/files\/2019\/10\/SuplementoEuropeoTitulo_MUOE.pdf\">SuplementoEuropeoTitulo_<\/a>\r\n<h1><a href=\"https:\/\/www.unileon.es\/estudiantes\/estudiantes-que-desean-acceder\/solicitudes-iniciar-estudios\/master\"><span style=\"color: #0000ff;\"><strong><span style=\"font-size: 14pt;\">Preinscripci\u00f3n<\/span><\/strong><\/span><\/a><\/h1>\r\n<h1><a href=\"https:\/\/www.unileon.es\/files\/MODELO%20TABLA%20ACCESO-ORIENTACION_1.pdf\"><span style=\"color: #0000ff;\"><strong><span style=\"font-size: 14pt;\">Titulaciones sin prueba de acceso<\/span><\/strong><\/span><\/a><\/h1>\r\n<h1><span style=\"color: #0000ff;\"><strong><span style=\"font-size: 14pt;\">Documentaci\u00f3n a aportar por los alumnos ya matriculados<\/span><\/strong><\/span><\/h1>\r\n<p style=\"text-align: justify;\">Una vez realizada la automatr\u00edcula online, debe entregar la siguiente documentaci\u00f3n en Secretar\u00eda (originales y fotocopias para su cotejo) o enviarla por correo postal (en este \u00faltimo caso es necesario que venga convenientemente compulsada):<\/p>\r\n\r\n<ol>\r\n \t<li style=\"text-align: justify;\">T\u00edtulo por el que accede al M\u00e1ster (no necesario en el caso de haber obtenido la titulaci\u00f3n en la Universidad de Le\u00f3n)<\/li>\r\n \t<li style=\"text-align: justify;\">Certificaci\u00f3n Acad\u00e9mica Oficial en la que conste la nota media\u00a0 (no necesario en el caso de haber obtenido la titulaci\u00f3n en la Universidad de Le\u00f3n)<\/li>\r\n \t<li style=\"text-align: justify;\">Acreditaci\u00f3n del nivel B1 de idioma (no necesario en el caso de titulaciones exentas \u2014Filolog\u00edas\u2014)<\/li>\r\n \t<li style=\"text-align: justify;\">Fotocopia del DNI<\/li>\r\n \t<li style=\"text-align: justify;\">Orden de Domiciliaci\u00f3n de Adeudo convenientemente firmada<\/li>\r\n \t<li style=\"text-align: justify;\">Una fotograf\u00eda tama\u00f1o carn\u00e9<\/li>\r\n \t<li style=\"text-align: justify;\">Si es mayor de 28 a\u00f1os, documentaci\u00f3n acreditativa de estar en situaci\u00f3n de ALTA en la Seguridad Social o resguardo de estar cubierto por un seguro (la Universidad ofrece la contrataci\u00f3n de OnCampus, que se puede efectuar en: http:\/\/oncampus.es\/seguros\/oncampus-accidentes-basico\/ ; una vez contratado debe entregar justificante de pago y certificado de seguro)<\/li>\r\n \t<li style=\"text-align: justify;\">En el caso de optar a Beca del Ministerio de Educaci\u00f3n, resguardo acreditativo de su solicitud.<\/li>\r\n \t<li style=\"text-align: justify;\">En el caso de tener derecho a alg\u00fan tipo de deducci\u00f3n en los precios p\u00fablicos (familia numerosa, minusval\u00eda, etc.), original y copia para su cotejo de la documentaci\u00f3n que lo justifique \u2014en el caso de familia numerosa NO SIRVE el carn\u00e9: debe aportar un documento donde FIGUREN LOS MIEMBROS DE LA UNIDAD FAMILIAR; para los censados en la Comunidad de Castilla y Le\u00f3n es necesaria la presentaci\u00f3n del LIBRO de Familia Numerosa\u2014<\/li>\r\n<\/ol>\r\n<p style=\"text-align: justify;\">Dispone de diez d\u00edas h\u00e1biles desde la formalizaci\u00f3n de la matr\u00edcula online para hacer entrega o env\u00edo de esta documentaci\u00f3n.<\/p>\r\n<p style=\"text-align: justify;\">La direcci\u00f3n para el env\u00edo por correo postal es la siguiente:<\/p>\r\n<p style=\"text-align: center;\">Facultad de Educaci\u00f3n<\/p>\r\n<p style=\"text-align: center;\">Universidad de Le\u00f3n<\/p>\r\n<p style=\"text-align: center;\">Campus de Vegazana, s\/n<\/p>\r\n<p style=\"text-align: center;\">24007 LE\u00d3N<\/p>","protected":false},"excerpt":{"rendered":"<p>El M\u00e1ster Universitario en Orientaci\u00f3n Educativa de la Universidad de Le\u00f3n habilita para el ejercicio de profesiones reguladas, seg\u00fan se recoge en la Disposici\u00f3n adicional \u00fanica de la Orden EDU\/3498\/2011 (BOE, n\u00ba 310) de acuerdo con lo establecido en el Real Decreto 1834\/2008, de 8 de noviembre, por el que se establecen las especialidades de [&hellip;]<\/p>\n","protected":false},"author":11,"featured_media":0,"parent":0,"menu_order":0,"comment_status":"closed","ping_status":"closed","template":"","meta":{"footnotes":""},"class_list":["post-336","page","type-page","status-publish","hentry"],"_links":{"self":[{"href":"https:\/\/centros.unileon.es\/educacion\/wp-json\/wp\/v2\/pages\/336","targetHints":{"allow":["GET"]}}],"collection":[{"href":"https:\/\/centros.unileon.es\/educacion\/wp-json\/wp\/v2\/pages"}],"about":[{"href":"https:\/\/centros.unileon.es\/educacion\/wp-json\/wp\/v2\/types\/page"}],"author":[{"embeddable":true,"href":"https:\/\/centros.unileon.es\/educacion\/wp-json\/wp\/v2\/users\/11"}],"replies":[{"embeddable":true,"href":"https:\/\/centros.unileon.es\/educacion\/wp-json\/wp\/v2\/comments?post=336"}],"version-history":[{"count":8,"href":"https:\/\/centros.unileon.es\/educacion\/wp-json\/wp\/v2\/pages\/336\/revisions"}],"predecessor-version":[{"id":350,"href":"https:\/\/centros.unileon.es\/educacion\/wp-json\/wp\/v2\/pages\/336\/revisions\/350"}],"wp:attachment":[{"href":"https:\/\/centros.unileon.es\/educacion\/wp-json\/wp\/v2\/media?parent=336"}],"curies":[{"name":"wp","href":"https:\/\/api.w.org\/{rel}","templated":true}]}}