{"id":292,"date":"2019-10-07T11:09:19","date_gmt":"2019-10-07T11:09:19","guid":{"rendered":"https:\/\/centros.unileon.es\/educacion\/?page_id=292"},"modified":"2019-10-07T13:56:20","modified_gmt":"2019-10-07T13:56:20","slug":"master-universitario-en-formacion-del-profesorado-de-educacion-secundaria-obligatoria-y-bachillerato-formacion-profesional-y-ensenanzas-de-idiomas","status":"publish","type":"page","link":"https:\/\/centros.unileon.es\/educacion\/master-universitario-en-formacion-del-profesorado-de-educacion-secundaria-obligatoria-y-bachillerato-formacion-profesional-y-ensenanzas-de-idiomas\/","title":{"rendered":"M\u00e1ster Universitario en Formaci\u00f3n del Profesorado de Educaci\u00f3n Secundaria Obligatoria y Bachillerato, Formaci\u00f3n Profesional y Ense\u00f1anzas de Idiomas"},"content":{"rendered":"<p style=\"text-align: justify;\">El nuevo sistema de titulaciones, se basa en dos niveles, denominados Grado y Posgrado. El primer nivel, o de Grado, comprende las ense\u00f1anzas universitarias de primer ciclo y tiene como objetivo lograrla capacitaci\u00f3n de los estudiantes para integrarse directamente en el \u00e1mbito laboral europeo con una cualificaci\u00f3n profesional apropiada. El segundo nivel, comprensivo de las ense\u00f1anzas de Posgrado, integra el segundo ciclo de estudios, dedicado a la formaci\u00f3n avanzada y conducente a la obtenci\u00f3n del t\u00edtulo de M\u00e1ster.<\/p>\r\n<p style=\"text-align: justify;\">\u00a0La Ley Org\u00e1nica 2\/2006 de 3 de mayo, de Educaci\u00f3n establece que las profesiones de Profesor de Educaci\u00f3n Secundaria Obligatoria y Bachillerato, Formaci\u00f3n Profesional y Ense\u00f1anzas de Idiomas son profesiones reguladas, cuyo ejercicio requiere estar en posesi\u00f3n del correspondiente M\u00e1ster, obtenido con lo dispuesto en el art\u00edculo 15.4 del Real Decreto 1393\/2007, de 29 de octubre por el que se establece la ordenaci\u00f3n de las ense\u00f1anzas universitarias oficiales.<\/p>\r\n\r\n<h1 style=\"text-align: justify;\"><span style=\"color: #0000ff; font-size: 14pt;\"><strong>\u00bfPARA QU\u00c9 SIRVE?<\/strong><\/span><\/h1>\r\n<p style=\"text-align: justify;\">Mediante el Real Decreto 1834\/2008, de 8 de noviembre, se establecen las condiciones de formaci\u00f3n para el ejercicio de\u00a0la docencia en la Educaci\u00f3n Secundaria Obligatoria, el Bachillerato, la Formaci\u00f3n Profesional y las Ense\u00f1anzas de r\u00e9gimen especial.<\/p>\r\n<p style=\"text-align: justify;\">Al tratarse de una titulaci\u00f3n que afecta a profesiones reguladas\u00a0y dado que en la ORDEN ECI\/3858\/2007, de 27 de diciembre,\u00a0se establecen los requisitos para la verificaci\u00f3n de esta titulaci\u00f3n de M\u00e1ster, as\u00ed como los m\u00f3dulos, Gen\u00e9rico y Espec\u00edfico junto con el Pr\u00e1cticum y Trabajo Fin de M\u00e1ster con la asignaci\u00f3n de 60 cr\u00e9ditos, contenidos y competencias en cada caso, los titulados que superen\u00a0estas ense\u00f1anzas estar\u00e1n capacitados para el desempe\u00f1o de sus tareas profesionales.<\/p>\r\n<p style=\"text-align: justify;\">Dado que es un requisito que deben cumplir todos los profesionales que deseen acceder a integrarse en el sistema educativo espa\u00f1ol\u00a0en los niveles de Secundaria, Bachillerato, Formaci\u00f3n Profesional y Ense\u00f1anza de Idiomas, se puede considerar que la empleabilidad de estos titulados est\u00e1 en cierta manera garantizada, sobre todo si el n\u00famero de alumnos admitidos a la realizaci\u00f3n de este M\u00e1ster\u00a0se ajusta de alguna manera a la demanda existente.<\/p>\r\n\r\n<h1 style=\"text-align: justify;\"><span style=\"color: #0000ff;\"><strong><span style=\"font-size: 14pt;\">DATOS B\u00c1SICOS<\/span><\/strong><\/span><\/h1>\r\n<p style=\"text-align: justify;\"><strong>Denominaci\u00f3n:\u00a0<\/strong>M\u00e1ster Universitario en Formaci\u00f3n del Profesorado de Educaci\u00f3n Secundaria Obligatoria y Bachillerato,\u00a0Formaci\u00f3n Profesional\u00a0y\u00a0Ense\u00f1anzas\u00a0de\u00a0Idiomas<\/p>\r\n<p style=\"text-align: justify;\"><strong>Rama:\u00a0<\/strong>Ciencias Sociales y Jur\u00eddicas<\/p>\r\n<p style=\"text-align: justify;\"><strong>Universidad:\u00a0<\/strong>Universidad de Le\u00f3n<\/p>\r\n<p style=\"text-align: justify;\"><strong>Centro:\u00a0<\/strong>Facultad de Educaci\u00f3n<\/p>\r\n<p style=\"text-align: justify;\"><strong>Tipo de ense\u00f1anza:\u00a0<\/strong>Presencial<\/p>\r\n<p style=\"text-align: justify;\"><strong>N\u00ba de plazas:\u00a0<\/strong>M\u00c1XIMO 20 ALUMNOS POR M\u00d3DULO<\/p>\r\n<p style=\"text-align: justify;\"><strong>Idioma:<\/strong>Castellano<\/p>\r\n<p style=\"text-align: justify;\"><strong>Profesiones para las que capacita:<\/strong>Profesor de Educaci\u00f3n Secundaria y Bachillerato, Formaci\u00f3n Profesional y Ense\u00f1anza de Idiomas<\/p>\r\n\r\n<h1 style=\"text-align: justify;\"><span style=\"font-size: 14pt; color: #0000ff;\"><strong>DISTRIBUCI\u00d3N DE CR\u00c9DITOS<\/strong><\/span><\/h1>\r\n<table border=\"1\" cellspacing=\"0\" cellpadding=\"0\">\r\n<tbody>\r\n<tr>\r\n<td><strong>TIPO DE MATERIA<\/strong><\/td>\r\n<td><strong>CR\u00c9DITOS ECTS<\/strong><\/td>\r\n<\/tr>\r\n<tr>\r\n<td>Obligatorias<\/td>\r\n<td>36<\/td>\r\n<\/tr>\r\n<tr>\r\n<td>Optativas<\/td>\r\n<td>8<\/td>\r\n<\/tr>\r\n<tr>\r\n<td>Pr\u00e1cticum<\/td>\r\n<td>10<\/td>\r\n<\/tr>\r\n<tr>\r\n<td>Trabajo Fin de M\u00e1ster (Obligatorio)<\/td>\r\n<td>6<\/td>\r\n<\/tr>\r\n<tr>\r\n<td>Cr\u00e9ditos Totales<\/td>\r\n<td>60<\/td>\r\n<\/tr>\r\n<\/tbody>\r\n<\/table>\r\n<p style=\"text-align: justify;\">Los estudiantes matriculados, adem\u00e1s de las\u00a05 asignaturas obligatorias\u00a0(36 cr\u00e9ditos ECTS), deber\u00e1n elegir 2 materias optativas\u00a0(8 cr\u00e9ditos ECTS), pertenecientes al bloque de formaci\u00f3n espec\u00edfica y, concretamente, a los complementos de formaci\u00f3n. El programa formativo de este M\u00e1ster se completa con\u00a0pr\u00e1cticas externas (10 cr\u00e9ditos ECTS) y el\u00a0trabajo fin de m\u00e1ster\u00a0-TFM- (6 cr\u00e9ditos ECTS) que tambi\u00e9n tienen car\u00e1cter obligatorio para todos los matriculados en\u00a0este T\u00edtulo Oficial.<\/p>\r\n\r\n<h1><a href=\"https:\/\/www.unileon.es\/estudiantes\/estudiantes-que-desean-acceder\/solicitudes-iniciar-estudios\/master\"><span style=\"color: #0000ff;\"><strong><span style=\"font-size: 14pt;\">PREINSCRIPCI\u00d3N<\/span><\/strong><\/span><\/a><\/h1>\r\n<h1><a href=\"http:\/\/facultadeducacion.unileon.es\/sites\/default\/files\/m%C3%A1ster%20profesorado%202016-05-31.pdf\"><span style=\"color: #0000ff;\"><strong><span style=\"font-size: 14pt;\">TITULACIONES SIN PRUEBA DE ACCESO<\/span><\/strong><\/span><\/a><\/h1>\r\n<h1><span style=\"font-size: 14pt; color: #0000ff;\"><strong>DOCUMENTACI\u00d3N A APORTAR POR LOS ALUMNOS YA MATRICULADOS<\/strong><\/span><\/h1>\r\n<span style=\"font-size: 12pt; font-family: georgia, palatino, serif;\">Una vez realizada la automatr\u00edcula online, debe\u00a0<strong>entregar<\/strong>\u00a0la siguiente documentaci\u00f3n en Secretar\u00eda\u00a0<em>(originales y fotocopias para su cotejo)<\/em>\u00a0o\u00a0<u>enviarla<\/u>\u00a0por\u00a0<strong>correo postal<\/strong>\u00a0(en este \u00faltimo caso\u00a0<em><u>es necesario que venga convenientemente compulsada<\/u><\/em>):<\/span>\r\n<ol>\r\n \t<li style=\"text-align: justify;\"><span style=\"font-size: 12pt;\">T\u00edtulo por el que accede al M\u00e1ster\u00a0<em>(no necesario en el caso de haber obtenido la titulaci\u00f3n en la Universidad de Le\u00f3n)<\/em><\/span><\/li>\r\n \t<li style=\"text-align: justify;\"><span style=\"font-size: 12pt;\">Certificaci\u00f3n Acad\u00e9mica Oficial en la que conste la nota media\u00a0\u00a0<em>(no necesario en el caso de haber obtenido la titulaci\u00f3n en la Universidad de Le\u00f3n)<\/em><\/span><\/li>\r\n \t<li style=\"text-align: justify;\"><span style=\"font-size: 12pt;\">Acreditaci\u00f3n del nivel B1 de idioma\u00a0<em>(no necesario en el caso de titulaciones exentas \u2014Filolog\u00edas\u2014)<\/em><\/span><\/li>\r\n \t<li style=\"text-align: justify;\"><span style=\"font-size: 12pt;\">Fotocopia del DNI<\/span><\/li>\r\n \t<li style=\"text-align: justify;\"><span style=\"font-size: 12pt;\"><strong>Orden de Domiciliaci\u00f3n de Adeudo<\/strong>\u00a0convenientemente firmada<\/span><\/li>\r\n \t<li style=\"text-align: justify;\"><span style=\"font-size: 12pt;\">Una fotograf\u00eda tama\u00f1o carn\u00e9<\/span><\/li>\r\n \t<li style=\"text-align: justify;\"><span style=\"font-size: 12pt;\">Si es\u00a0<strong>mayor de 28 a\u00f1os<\/strong>, documentaci\u00f3n acreditativa de estar en\u00a0<u>situaci\u00f3n de ALTA en la Seguridad Social<\/u>\u00a0o resguardo de estar cubierto por un seguro\u00a0(la Universidad ofrece la contrataci\u00f3n de OnCampus, que se puede efectuar en:\u00a0<a href=\"http:\/\/oncampus.es\/seguros\/oncampus-accidentes-basico\/\">http:\/\/oncampus.es\/seguros\/oncampus-accidentes-basico\/<\/a>\u00a0; una vez contratado debe entregar justificante de pago y certificado de seguro)\u00a0<\/span><\/li>\r\n \t<li style=\"text-align: justify;\"><span style=\"font-size: 12pt;\">En el caso de optar a Beca del Ministerio de Educaci\u00f3n, resguardo acreditativo de su solicitud<\/span><\/li>\r\n \t<li style=\"text-align: justify;\"><span style=\"font-size: 12pt;\">En el caso de tener derecho a alg\u00fan tipo de\u00a0<strong>deducci\u00f3n\u00a0<\/strong>en los precios p\u00fablicos (familia numerosa, minusval\u00eda, etc.), original y copia para su cotejo de la documentaci\u00f3n que lo justifique\u00a0\u2014en el caso de familia numerosa NO SIRVE el carn\u00e9: debe aportar un documento donde FIGUREN LOS MIEMBROS DE LA UNIDAD FAMILIAR; para los censados en la Comunidad de Castilla y Le\u00f3n es necesaria la presentaci\u00f3n del LIBRO de Familia Numerosa\u2014<\/span><\/li>\r\n<\/ol>\r\n<p style=\"text-align: justify;\"><span style=\"font-size: 12pt;\">Dispone de\u00a0<strong>diez d\u00edas h\u00e1biles<\/strong>\u00a0desde la formalizaci\u00f3n de la matr\u00edcula online para hacer entrega o env\u00edo de esta documentaci\u00f3n.<\/span><\/p>\r\n<p style=\"text-align: justify;\"><span style=\"font-size: 12pt;\">La direcci\u00f3n para el env\u00edo por correo postal es la siguiente:<\/span><\/p>\r\n<p style=\"text-align: center;\"><span style=\"font-size: 12pt; font-family: georgia, palatino, serif;\">Facultad de Educaci\u00f3n<\/span><\/p>\r\n<p style=\"text-align: center;\"><span style=\"font-size: 12pt; font-family: georgia, palatino, serif;\">Universidad de Le\u00f3n<\/span><\/p>\r\n<p style=\"text-align: center;\"><span style=\"font-size: 12pt; font-family: georgia, palatino, serif;\">Campus de Vegazana, s\/n<\/span><\/p>\r\n<p style=\"text-align: center;\"><span style=\"font-size: 12pt; font-family: georgia, palatino, serif;\">24007 LE\u00d3N<\/span><\/p>\r\n&nbsp;\r\n\r\n<a href=\"https:\/\/centros.unileon.es\/educacion\/files\/2019\/10\/MEMORIA-VERIFICACI\u00d3N-MUFPES.pdf\">MEMORIA VERIFICACI\u00d3N MUFPES<\/a>\r\n\r\n<a href=\"https:\/\/centros.unileon.es\/educacion\/files\/2019\/10\/TR\u00cdPTICO-MUFPES.pdf\">TR\u00cdPTICO MUFPES<\/a>","protected":false},"excerpt":{"rendered":"<p>El nuevo sistema de titulaciones, se basa en dos niveles, denominados Grado y Posgrado. El primer nivel, o de Grado, comprende las ense\u00f1anzas universitarias de primer ciclo y tiene como objetivo lograrla capacitaci\u00f3n de los estudiantes para integrarse directamente en el \u00e1mbito laboral europeo con una cualificaci\u00f3n profesional apropiada. El segundo nivel, comprensivo de las [&hellip;]<\/p>\n","protected":false},"author":11,"featured_media":0,"parent":0,"menu_order":0,"comment_status":"closed","ping_status":"closed","template":"","meta":{"footnotes":""},"class_list":["post-292","page","type-page","status-publish","hentry"],"_links":{"self":[{"href":"https:\/\/centros.unileon.es\/educacion\/wp-json\/wp\/v2\/pages\/292","targetHints":{"allow":["GET"]}}],"collection":[{"href":"https:\/\/centros.unileon.es\/educacion\/wp-json\/wp\/v2\/pages"}],"about":[{"href":"https:\/\/centros.unileon.es\/educacion\/wp-json\/wp\/v2\/types\/page"}],"author":[{"embeddable":true,"href":"https:\/\/centros.unileon.es\/educacion\/wp-json\/wp\/v2\/users\/11"}],"replies":[{"embeddable":true,"href":"https:\/\/centros.unileon.es\/educacion\/wp-json\/wp\/v2\/comments?post=292"}],"version-history":[{"count":8,"href":"https:\/\/centros.unileon.es\/educacion\/wp-json\/wp\/v2\/pages\/292\/revisions"}],"predecessor-version":[{"id":349,"href":"https:\/\/centros.unileon.es\/educacion\/wp-json\/wp\/v2\/pages\/292\/revisions\/349"}],"wp:attachment":[{"href":"https:\/\/centros.unileon.es\/educacion\/wp-json\/wp\/v2\/media?parent=292"}],"curies":[{"name":"wp","href":"https:\/\/api.w.org\/{rel}","templated":true}]}}