{"id":2317,"date":"2022-01-25T05:53:25","date_gmt":"2022-01-25T05:53:25","guid":{"rendered":"https:\/\/centros.unileon.es\/educacion\/?page_id=2317"},"modified":"2024-02-15T11:13:08","modified_gmt":"2024-02-15T11:13:08","slug":"delegacion-de-alumnos","status":"publish","type":"page","link":"https:\/\/centros.unileon.es\/educacion\/delegacion-de-alumnos\/","title":{"rendered":"Delegaci\u00f3n de estudiantes"},"content":{"rendered":"<h3>DELEGACI\u00d3N DE ESTUDIANTES FACULTAD DE EDUCACI\u00d3N<\/h3>\r\n<table style=\"width: 0%; height: 96px;\" width=\"595\">\r\n<tbody>\r\n<tr style=\"height: 24px;\">\r\n<td style=\"height: 24px; width: 50.738517%;\" width=\"172\">Delegada de centro<\/td>\r\n<td style=\"height: 24px; width: 236.187986%;\" width=\"179\">Marina Cuesta Vega (Ed. Social)<\/td>\r\n<\/tr>\r\n<tr style=\"height: 24px;\">\r\n<td style=\"height: 24px; width: 50.738517%;\" width=\"172\">Subdelegado de centro<\/td>\r\n<td style=\"height: 24px; width: 236.187986%;\" width=\"179\">Miguel \u00c1ngel Prieto Valladares (Ed. Primaria)<\/td>\r\n<\/tr>\r\n<tr style=\"height: 24px;\">\r\n<td style=\"height: 24px; width: 50.738517%;\" width=\"172\">Secretario<\/td>\r\n<td style=\"height: 24px; width: 236.187986%;\" width=\"179\">Lleir Santamarta Castro (Ed. Primaria)<\/td>\r\n<\/tr>\r\n<tr style=\"height: 24px;\">\r\n<td style=\"height: 24px; width: 50.738517%;\" width=\"172\">Tesorera<\/td>\r\n<td style=\"height: 24px; width: 236.187986%;\" width=\"179\">Alba Diez Lorenzana (Ed. Primaria)<\/td>\r\n<\/tr>\r\n<\/tbody>\r\n<\/table>\r\n<table style=\"width: 0%; height: 82px;\" width=\"595\">\r\n<tbody>\r\n<tr style=\"height: 24px;\">\r\n<td style=\"height: 24px; width: 34.71191%;\" width=\"172\">Delegado de E. Infantil<\/td>\r\n<td style=\"height: 24px; width: 151.641421%;\" width=\"179\">Hugo Matilla Fern\u00e1ndez<\/td>\r\n<\/tr>\r\n<tr style=\"height: 24px;\">\r\n<td style=\"height: 24px; width: 34.71191%;\" width=\"172\">Delegado de E. Primaria<\/td>\r\n<td style=\"height: 24px; width: 151.641421%;\" width=\"179\">Alejandro Tocino Carro<\/td>\r\n<\/tr>\r\n<tr style=\"height: 24px;\">\r\n<td style=\"height: 24px; width: 34.71191%;\" width=\"172\">Delegado de E. Social<\/td>\r\n<td style=\"height: 24px; width: 151.641421%;\" width=\"179\">Guillermo Blanco Atienza<\/td>\r\n<\/tr>\r\n<tr>\r\n<td style=\"width: 34.71191%;\">Delegados de M\u00e1ster<\/td>\r\n<td style=\"width: 151.641421%;\">Jos\u00e9 Manuel Dout\u00f3n Carracedo (MUFPES) y Adri\u00e1n Mor\u00e1n Moratiel (MUOE)<\/td>\r\n<\/tr>\r\n<\/tbody>\r\n<\/table>\r\nCorreo electr\u00f3nico de contacto: <a href=\"mailto:uledae@unileon.es\">uledae@unileon.es<\/a>\r\n\r\nDespacho 152\r\n\r\nTel\u00e9fono:\u00a0987 291 873\r\n\r\n&nbsp;\r\n<div><\/div>\r\n<h3>DELEGACI\u00d3N DE ESTUDIANTES DE LA ULE<\/h3>\r\nCorreo electr\u00f3nico de contacto: <a href=\"mailto:ULE%3Arecjeule@unileon.es\" target=\"_blank\" rel=\"noopener\">recjeule@unileon.es<\/a>","protected":false},"excerpt":{"rendered":"<p>DELEGACI\u00d3N DE ESTUDIANTES FACULTAD DE EDUCACI\u00d3N Delegada de centro Marina Cuesta Vega (Ed. Social) Subdelegado de centro Miguel \u00c1ngel Prieto Valladares (Ed. Primaria) Secretario Lleir Santamarta Castro (Ed. Primaria) Tesorera Alba Diez Lorenzana (Ed. Primaria) Delegado de E. Infantil Hugo Matilla Fern\u00e1ndez Delegado de E. Primaria Alejandro Tocino Carro Delegado de E. Social Guillermo Blanco [&hellip;]<\/p>\n","protected":false},"author":11,"featured_media":0,"parent":0,"menu_order":0,"comment_status":"closed","ping_status":"closed","template":"","meta":{"footnotes":""},"class_list":["post-2317","page","type-page","status-publish","hentry"],"_links":{"self":[{"href":"https:\/\/centros.unileon.es\/educacion\/wp-json\/wp\/v2\/pages\/2317","targetHints":{"allow":["GET"]}}],"collection":[{"href":"https:\/\/centros.unileon.es\/educacion\/wp-json\/wp\/v2\/pages"}],"about":[{"href":"https:\/\/centros.unileon.es\/educacion\/wp-json\/wp\/v2\/types\/page"}],"author":[{"embeddable":true,"href":"https:\/\/centros.unileon.es\/educacion\/wp-json\/wp\/v2\/users\/11"}],"replies":[{"embeddable":true,"href":"https:\/\/centros.unileon.es\/educacion\/wp-json\/wp\/v2\/comments?post=2317"}],"version-history":[{"count":14,"href":"https:\/\/centros.unileon.es\/educacion\/wp-json\/wp\/v2\/pages\/2317\/revisions"}],"predecessor-version":[{"id":3990,"href":"https:\/\/centros.unileon.es\/educacion\/wp-json\/wp\/v2\/pages\/2317\/revisions\/3990"}],"wp:attachment":[{"href":"https:\/\/centros.unileon.es\/educacion\/wp-json\/wp\/v2\/media?parent=2317"}],"curies":[{"name":"wp","href":"https:\/\/api.w.org\/{rel}","templated":true}]}}