{"id":220,"date":"2019-06-26T13:10:10","date_gmt":"2019-06-26T13:10:10","guid":{"rendered":"http:\/\/centros.unileon.es\/educacion\/?page_id=220"},"modified":"2020-10-21T12:00:00","modified_gmt":"2020-10-21T12:00:00","slug":"normativa-tfg","status":"publish","type":"page","link":"https:\/\/centros.unileon.es\/educacion\/normativa-tfg\/","title":{"rendered":"Normativa TFG"},"content":{"rendered":"<p style=\"text-align: justify;\">El <strong><span data-scayt_word=\"Trabajo\" data-scaytid=\"1\">Trabajo<\/span> Fin de <span data-scayt_word=\"Grado\" data-scaytid=\"2\">Grado<\/span><\/strong> (<span data-scayt_word=\"TFG\" data-scaytid=\"4\">TFG<\/span>) <span data-scayt_word=\"es\" data-scaytid=\"5\">es<\/span> un <span data-scayt_word=\"trabajo\" data-scaytid=\"6\">trabajo<\/span> <span data-scayt_word=\"aut\u00f3nomo\" data-scaytid=\"7\">aut\u00f3nomo<\/span> e individual <span data-scayt_word=\"que\" data-scaytid=\"8\">que<\/span> <span data-scayt_word=\"cada\" data-scaytid=\"9\">cada<\/span> <span data-scayt_word=\"estudiante\" data-scaytid=\"10\">estudiante<\/span> <span data-scayt_word=\"realizar\u00e1\" data-scaytid=\"12\">realizar\u00e1<\/span> <span data-scayt_word=\"bajo\" data-scaytid=\"13\">bajo<\/span> la <span data-scayt_word=\"orientaci\u00f3n\" data-scaytid=\"14\">orientaci\u00f3n<\/span> de un tutor. <span data-scayt_word=\"Permitir\u00e1\" data-scaytid=\"15\">Permitir\u00e1<\/span> al <span data-scayt_word=\"estudiante\" data-scaytid=\"11\">estudiante<\/span> <span data-scayt_word=\"mostrar\" data-scaytid=\"16\">mostrar<\/span> de forma <span data-scayt_word=\"integrada\" data-scaytid=\"17\">integrada<\/span> los <span data-scayt_word=\"contenidos\" data-scaytid=\"18\">contenidos<\/span> <span data-scayt_word=\"formativos\" data-scaytid=\"19\">formativos<\/span> <span data-scayt_word=\"recibidos\" data-scaytid=\"20\">recibidos<\/span> y <span data-scayt_word=\"las\" data-scaytid=\"21\">las<\/span> <span data-scayt_word=\"competencias\" data-scaytid=\"22\">competencias<\/span> <span data-scayt_word=\"adquiridas\" data-scaytid=\"23\">adquiridas<\/span> <span data-scayt_word=\"asociadas\" data-scaytid=\"24\">asociadas<\/span> al <span data-scayt_word=\"t\u00edtulo\" data-scaytid=\"25\">t\u00edtulo<\/span> de <span data-scayt_word=\"Grado\" data-scaytid=\"3\">Grado<\/span>.<\/p>\r\n<p style=\"text-align: justify;\">El <span data-scayt_word=\"TFG\" data-scaytid=\"51\">TFG<\/span> de los <span data-scayt_word=\"Grados\" data-scaytid=\"80\">Grados<\/span> en <span data-scayt_word=\"Educaci\u00f3n\" data-scaytid=\"81\">Educaci\u00f3n<\/span> <span data-scayt_word=\"Infantil\" data-scaytid=\"84\">Infantil<\/span>, <span data-scayt_word=\"Educaci\u00f3n\" data-scaytid=\"82\">Educaci\u00f3n<\/span> <span data-scayt_word=\"Primaria\" data-scaytid=\"85\">Primaria<\/span> y <span data-scayt_word=\"Educaci\u00f3n\" data-scaytid=\"83\">Educaci\u00f3n<\/span> Social <span data-scayt_word=\"tiene\" data-scaytid=\"86\">tiene<\/span> <strong>8 <span data-scayt_word=\"ECTS\" data-scaytid=\"87\">ECTS<\/span><\/strong> (200 <span data-scayt_word=\"horas\" data-scaytid=\"88\">horas<\/span> de <span data-scayt_word=\"trabajo\" data-scaytid=\"52\">trabajo<\/span> del <span data-scayt_word=\"estudiante\" data-scaytid=\"53\">estudiante<\/span>). <strong><span data-scayt_word=\"Es\" data-scaytid=\"94\">Es<\/span> <span data-scayt_word=\"necesario\" data-scaytid=\"95\">necesario<\/span> <span data-scayt_word=\"haber\" data-scaytid=\"96\">haber<\/span> <span data-scayt_word=\"superado\" data-scaytid=\"97\">superado<\/span> el <span data-scayt_word=\"resto\" data-scaytid=\"98\">resto<\/span> de <span data-scayt_word=\"las\" data-scaytid=\"91\">las<\/span> <span data-scayt_word=\"materias\" data-scaytid=\"100\">materias<\/span> antes de <span data-scayt_word=\"poder\" data-scaytid=\"101\">poder<\/span> <span data-scayt_word=\"presentar\" data-scaytid=\"102\">presentar<\/span> el <span data-scayt_word=\"TFG\" data-scaytid=\"92\">TFG<\/span>.<\/strong><\/p>\r\n<a href=\"https:\/\/centros.unileon.es\/educacion\/files\/2020\/10\/REGLAMENTO-TFG-F_EDU-2020.pdf\">REGLAMENTO TFG F_EDU 2020<\/a>\r\n\r\n<a href=\"https:\/\/centros.unileon.es\/educacion\/files\/2020\/10\/NORMAS-PARA-EL-ACTO-DE-DEFENSA-ONLINE-DE-TFG.pdf\">NORMAS PARA EL ACTO DE DEFENSA ONLINE DE TFG<\/a>\r\n\r\n<a href=\"https:\/\/centros.unileon.es\/educacion\/files\/2020\/10\/Modelo-R\u00fabrica-evaluaci\u00f3n-Tutor.pdf\">Modelo R\u00fabrica evaluaci\u00f3n Tutor<\/a>\r\n\r\n<a href=\"https:\/\/centros.unileon.es\/educacion\/files\/2020\/10\/Modelo-R\u00fabrica-evaluaci\u00f3n-Tutor-1.docx\">Modelo R\u00fabrica evaluaci\u00f3n Tutor (1)<\/a>\r\n\r\n<a href=\"https:\/\/centros.unileon.es\/educacion\/files\/2020\/10\/R\u00daBRICA-Exposici\u00f3n-oral_0_0-1-2.docx\">R\u00daBRICA Exposici\u00f3n oral_0_0 (1) (2)<\/a>\r\n\r\n<a href=\"https:\/\/centros.unileon.es\/educacion\/files\/2020\/10\/Modelo-Portada_TFG_0_0_0.pdf\">Modelo Portada_TFG_0_0_0<\/a>","protected":false},"excerpt":{"rendered":"<p>El Trabajo Fin de Grado (TFG) es un trabajo aut\u00f3nomo e individual que cada estudiante realizar\u00e1 bajo la orientaci\u00f3n de un tutor. Permitir\u00e1 al estudiante mostrar de forma integrada los contenidos formativos recibidos y las competencias adquiridas asociadas al t\u00edtulo de Grado. El TFG de los Grados en Educaci\u00f3n Infantil, Educaci\u00f3n Primaria y Educaci\u00f3n Social [&hellip;]<\/p>\n","protected":false},"author":11,"featured_media":0,"parent":0,"menu_order":0,"comment_status":"closed","ping_status":"closed","template":"","meta":{"footnotes":""},"class_list":["post-220","page","type-page","status-publish","hentry"],"_links":{"self":[{"href":"https:\/\/centros.unileon.es\/educacion\/wp-json\/wp\/v2\/pages\/220","targetHints":{"allow":["GET"]}}],"collection":[{"href":"https:\/\/centros.unileon.es\/educacion\/wp-json\/wp\/v2\/pages"}],"about":[{"href":"https:\/\/centros.unileon.es\/educacion\/wp-json\/wp\/v2\/types\/page"}],"author":[{"embeddable":true,"href":"https:\/\/centros.unileon.es\/educacion\/wp-json\/wp\/v2\/users\/11"}],"replies":[{"embeddable":true,"href":"https:\/\/centros.unileon.es\/educacion\/wp-json\/wp\/v2\/comments?post=220"}],"version-history":[{"count":4,"href":"https:\/\/centros.unileon.es\/educacion\/wp-json\/wp\/v2\/pages\/220\/revisions"}],"predecessor-version":[{"id":469,"href":"https:\/\/centros.unileon.es\/educacion\/wp-json\/wp\/v2\/pages\/220\/revisions\/469"}],"wp:attachment":[{"href":"https:\/\/centros.unileon.es\/educacion\/wp-json\/wp\/v2\/media?parent=220"}],"curies":[{"name":"wp","href":"https:\/\/api.w.org\/{rel}","templated":true}]}}