{"id":2031,"date":"2021-11-16T16:27:30","date_gmt":"2021-11-16T16:27:30","guid":{"rendered":"https:\/\/centros.unileon.es\/educacion\/?page_id=2031"},"modified":"2025-05-19T10:01:09","modified_gmt":"2025-05-19T10:01:09","slug":"alumnos-entrantes-incoming-students-master","status":"publish","type":"page","link":"https:\/\/centros.unileon.es\/educacion\/alumnos-entrantes-incoming-students-master\/","title":{"rendered":"Alumnos entrantes\/Incoming Students M\u00e1ster"},"content":{"rendered":"<p>Informaci\u00f3n Movilidad de la ULE: <a href=\"https:\/\/www.unileon.es\/internacional\/estudiantes\/movilidad-internacional-entrantes\">https:\/\/www.unileon.es\/internacional\/estudiantes\/movilidad-internacional-entrantes<\/a><\/p>\r\n<h3>Planes de estudios en la Facultad de Educaci\u00f3n<\/h3>\r\n<p>M\u00e1ster U. en Formaci\u00f3n del Profesorado de ESO y Bachillerato, FP y Ense\u00f1anza de Idiomas: <a href=\"https:\/\/www.unileon.es\/estudiantes\/oferta-academica\/masteres\/mu-formacion-profesorado-eso-bachillerato-fp-idiomas\/plan-estudios\">https:\/\/www.unileon.es\/estudiantes\/oferta-academica\/masteres\/mu-formacion-profesorado-eso-bachillerato-fp-idiomas\/plan-estudios<\/a><\/p>\r\n<p>M\u00e1ster U. en Orientaci\u00f3n Educativa: <a href=\"https:\/\/www.unileon.es\/estudiantes\/estudiantes-master\/oferta-titulaciones\/mu-orientacion-educativa\">https:\/\/www.unileon.es\/estudiantes\/estudiantes-master\/oferta-titulaciones\/mu-orientacion-educativa<\/a><\/p>\r\n<h3>Contacto<\/h3>\r\n<p>Vicedecanato de Estudiantes y Movilidad (<a href=\"mailto:fcevdec3@unileon.es\">fcevdec3@unileon.es<\/a>). Despacho 034. Facultad de Educaci\u00f3n.<\/p>","protected":false},"excerpt":{"rendered":"<p>Informaci\u00f3n Movilidad de la ULE: https:\/\/www.unileon.es\/internacional\/estudiantes\/movilidad-internacional-entrantes Planes de estudios en la Facultad de Educaci\u00f3n M\u00e1ster U. en Formaci\u00f3n del Profesorado de ESO y Bachillerato, FP y Ense\u00f1anza de Idiomas: https:\/\/www.unileon.es\/estudiantes\/oferta-academica\/masteres\/mu-formacion-profesorado-eso-bachillerato-fp-idiomas\/plan-estudios M\u00e1ster U. en Orientaci\u00f3n Educativa: https:\/\/www.unileon.es\/estudiantes\/estudiantes-master\/oferta-titulaciones\/mu-orientacion-educativa Contacto Vicedecanato de Estudiantes y Movilidad (fcevdec3@unileon.es). Despacho 034. Facultad de Educaci\u00f3n.<\/p>\n","protected":false},"author":11,"featured_media":0,"parent":0,"menu_order":0,"comment_status":"closed","ping_status":"closed","template":"","meta":{"footnotes":""},"class_list":["post-2031","page","type-page","status-publish","hentry"],"_links":{"self":[{"href":"https:\/\/centros.unileon.es\/educacion\/wp-json\/wp\/v2\/pages\/2031","targetHints":{"allow":["GET"]}}],"collection":[{"href":"https:\/\/centros.unileon.es\/educacion\/wp-json\/wp\/v2\/pages"}],"about":[{"href":"https:\/\/centros.unileon.es\/educacion\/wp-json\/wp\/v2\/types\/page"}],"author":[{"embeddable":true,"href":"https:\/\/centros.unileon.es\/educacion\/wp-json\/wp\/v2\/users\/11"}],"replies":[{"embeddable":true,"href":"https:\/\/centros.unileon.es\/educacion\/wp-json\/wp\/v2\/comments?post=2031"}],"version-history":[{"count":3,"href":"https:\/\/centros.unileon.es\/educacion\/wp-json\/wp\/v2\/pages\/2031\/revisions"}],"predecessor-version":[{"id":4959,"href":"https:\/\/centros.unileon.es\/educacion\/wp-json\/wp\/v2\/pages\/2031\/revisions\/4959"}],"wp:attachment":[{"href":"https:\/\/centros.unileon.es\/educacion\/wp-json\/wp\/v2\/media?parent=2031"}],"curies":[{"name":"wp","href":"https:\/\/api.w.org\/{rel}","templated":true}]}}