{"id":2006,"date":"2021-11-16T15:44:08","date_gmt":"2021-11-16T15:44:08","guid":{"rendered":"https:\/\/centros.unileon.es\/educacion\/?page_id=2006"},"modified":"2026-01-27T11:58:20","modified_gmt":"2026-01-27T11:58:20","slug":"alumnos-salientes","status":"publish","type":"page","link":"https:\/\/centros.unileon.es\/educacion\/alumnos-salientes\/","title":{"rendered":"Estudiantes salientes"},"content":{"rendered":"<p>Informaci\u00f3n Movilidad de la ULE: <a href=\"https:\/\/www.unileon.es\/internacional\/estudiantes\">https:\/\/www.unileon.es\/internacional\/estudiantes<\/a><\/p>\r\n<h3>MOVILIDAD NACIONAL (SICUE)<\/h3>\r\n<ul>\r\n\t<li style=\"list-style-type: none;\">\r\n<ul>\r\n\t<li>Convocatorias, impresos y FAQs (incluye Acuerdo acad\u00e9mico): <a href=\"https:\/\/www.unileon.es\/internacional\/estudiantes\/movilidad-nacional-salientes\">https:\/\/www.unileon.es\/internacional\/estudiantes\/movilidad-nacional-salientes<\/a><\/li>\r\n\t<li>Destinos <a href=\"https:\/\/docs.google.com\/spreadsheets\/d\/1mHxT6Qb_CrO0YUXlUI1g1Z0YZbg0n9OH\/edit?usp=sharing&amp;ouid=114036457894648192247&amp;rtpof=true&amp;sd=true\">Facultad de Educaci\u00f3n<\/a><\/li>\r\n\t<li>Responsable: M. de los \u00c1ngeles Diez Fern\u00e1ndez (<a href=\"mailto:fcevdec3@unileon.es\">fcevdec3@unileon.es<\/a>)<\/li>\r\n<\/ul>\r\n<\/li>\r\n<\/ul>\r\n<p>&nbsp;<\/p>\r\n<h3>MOVILIDAD INTERNACIONAL (ERASMUS ESTUDIO, ERASMUS+KA107 y AMICUS)<\/h3>\r\n<p><a href=\"https:\/\/www.unileon.es\/internacional\/estudiantes\/movilidad-internacional-salientes\">https:\/\/www.unileon.es\/internacional\/estudiantes\/movilidad-internacional-salientes<\/a><\/p>\r\n<ul>\r\n\t<li style=\"list-style-type: none;\">\r\n<ul>\r\n\t<li>Convocatorias e impresos <strong>ERASMUS ESTUDIO<\/strong>: <a href=\"https:\/\/www.unileon.es\/internacional\/estudiantes\/movilidad-internacional-salientes\/erasmus-estudio\">https:\/\/www.unileon.es\/internacional\/estudiantes\/movilidad-internacional-salientes\/erasmus-estudio<\/a><\/li>\r\n\t<li>Destinos ERASMUS ESTUDIO Facultad de Educaci\u00f3n: <a href=\"https:\/\/www.unileon.es\/estudiantes\/internacional-movilidad\/estudiantes\/movilidad-internacional\/erasmus-estudio\/plazas?&amp;sr=7&amp;c=10\">https:\/\/www.unileon.es\/estudiantes\/internacional-movilidad\/estudiantes\/movilidad-internacional\/erasmus-estudio\/plazas?&amp;sr=7&amp;c=10<\/a><\/li>\r\n\t<li><a href=\"https:\/\/centros.unileon.es\/educacion\/files\/2025\/05\/Responsables-destinos-ERASMUS-F.-de-Educacion-2.pdf\">Responsables destinos ERASMUS F. de Educaci\u00f3n<\/a><\/li>\r\n<\/ul>\r\n<\/li>\r\n<\/ul>\r\n<p>&nbsp;<\/p>\r\n<ul>\r\n\t<li>Convocatorias e impresos <strong>ERASMUS+KA107<\/strong>: <a href=\"https:\/\/www.unileon.es\/internacional\/estudiantes\/movilidad-internacional-salientes\/ka107\">https:\/\/www.unileon.es\/internacional\/estudiantes\/movilidad-internacional-salientes\/ka107<\/a><\/li>\r\n\t<li>Destinos ERASMUS+KA107:\u00a0<a href=\"https:\/\/www.unileon.es\/files\/2021-03\/anexo_i_destinos_facultades_titulaciones_erasmus_ka107grado.pdf\">https:\/\/www.unileon.es\/files\/2021-03\/anexo_i_destinos_facultades_titulaciones_erasmus_ka107grado.pdf<\/a><\/li>\r\n\t<li>Vicedecanato de Estudiantes y Movilidad (<a href=\"mailto:fcevdec3@unileon.es\">fcevdec3@unileon.es<\/a>). Despacho 034. Facultad de Educaci\u00f3n<\/li>\r\n<\/ul>\r\n<p>&nbsp;<\/p>\r\n<ul>\r\n\t<li>Convocatorias e impresos <strong>AMICUS<\/strong> (incluye <em>Learning agreement<\/em>): <a href=\"https:\/\/www.unileon.es\/internacional\/estudiantes\/movilidad-internacional-salientes\/amicus\">https:\/\/www.unileon.es\/internacional\/estudiantes\/movilidad-internacional-salientes\/amicus<\/a><\/li>\r\n\t<li>Destinos AMICUS (compartidos con dem\u00e1s facultades): al final de la convocatoria<\/li>\r\n\t<li>Responsable AMICUS: M. de los \u00c1ngeles Diez Fern\u00e1ndez\u00a0(<a href=\"mailto:fcevdec3@unileon.es\">fcevdec3@unileon.es<\/a>)<\/li>\r\n<\/ul>\r\n<h4>\u00a0<\/h4>\r\n<p>&nbsp;<\/p>\r\n<h4><strong>Ayuda para cumplimentar el acuerdo acad\u00e9mico<\/strong><\/h4>\r\n<ul>\r\n\t<li>Para la selecci\u00f3n de las asignaturas de la ULE:<\/li>\r\n<\/ul>\r\n<ul>\r\n\t<li style=\"list-style-type: none;\">\r\n<ul>\r\n\t<li style=\"list-style-type: none;\">\r\n<ul>\r\n\t<li><a href=\"https:\/\/centros.unileon.es\/educacion\/files\/2025\/10\/Hoja-de-matricula-de-E.-Infantil.pdf\">Hoja de matr\u00edcula de E. Infantil<\/a><\/li>\r\n\t<li><a href=\"https:\/\/centros.unileon.es\/educacion\/files\/2025\/10\/Hoja-de-matricula-de-E.-Primaria.pdf\">Hoja de matr\u00edcula de E. Primaria<\/a><\/li>\r\n\t<li><a href=\"https:\/\/centros.unileon.es\/educacion\/files\/2025\/10\/Hoja-de-matricula-de-E.-Social-1.pdf\">Hoja de matr\u00edcula de E. Social<\/a><\/li>\r\n<\/ul>\r\n<\/li>\r\n<\/ul>\r\n<\/li>\r\n<\/ul>\r\n<ul>\r\n\t<li>Enlace a Drive con <span style=\"color: #800000;\"><strong>ALGUNAS POSIBLES<\/strong><\/span> convalidaciones de asignaturas (deber\u00e1n ser aceptadas por los tutores de los destinos)\r\n\r\n<ul>\r\n\t<li><span style=\"color: #3366ff;\">ENLACES<\/span><\/li>\r\n<\/ul>\r\n<\/li>\r\n<\/ul>\r\n<div>\r\n<div class=\"gmail_default\" style=\"padding-left: 80px;\">AMICUS: <a href=\"https:\/\/tinyurl.com\/2233fbg5\">https:\/\/tinyurl.com\/2233fbg5\u00a0<\/a><\/div>\r\n<div class=\"gmail_default\" style=\"padding-left: 80px;\">ERASMUS ITALIA:\u00a0<a href=\"https:\/\/tinyurl.com\/24jdxqpw\" target=\"_blank\" rel=\"noopener\" data-saferedirecturl=\"https:\/\/www.google.com\/url?q=http:\/\/surl.li\/oxoiui&amp;source=gmail&amp;ust=1734694474800000&amp;usg=AOvVaw1x91G3OZP9NbqpejBE0YJw\">https:\/\/tinyurl.com\/24jdxqpw<\/a><\/div>\r\n<div class=\"gmail_default\" style=\"padding-left: 80px;\">ERASMUS PORTUGAL:\u00a0<a href=\"https:\/\/tinyurl.com\/2ydctz77\" target=\"_blank\" rel=\"noopener\" data-saferedirecturl=\"https:\/\/www.google.com\/url?q=http:\/\/surl.li\/mpvdmq&amp;source=gmail&amp;ust=1734694474800000&amp;usg=AOvVaw0HCMMDSvJi6T2V6KLdnWEL\">https:\/\/tinyurl.com\/2ydctz77<\/a><\/div>\r\n<\/div>\r\n<div style=\"padding-left: 80px;\"><span class=\"gmail_default\">OTROS DESTINOS EUROPEOS:\u00a0<\/span><a href=\"https:\/\/tinyurl.com\/2ajlpwtf\" target=\"_blank\" rel=\"noopener\" data-saferedirecturl=\"https:\/\/www.google.com\/url?q=http:\/\/surl.li\/ggqapi&amp;source=gmail&amp;ust=1734694474800000&amp;usg=AOvVaw3vl6OETYkj5IW0aB1U_rCw\">https:\/\/tinyurl.com\/2ajlpwtf<\/a><\/div>\r\n<div>\u00a0<\/div>\r\n<ul>\r\n\t<li><a href=\"https:\/\/centros.unileon.es\/educacion\/files\/2024\/11\/Equivalencia-de-notas-en-destinos-internacionales.pdf\">Equivalencia de notas en destinos internacionales<\/a><\/li>\r\n<\/ul>\r\n<h4>\u00a0<\/h4>\r\n<p>&nbsp;<\/p>\r\n<h4><strong>Alumna colaboradora curso 2025\/26:<\/strong><\/h4>\r\n<ul>\r\n\t<li>Mar\u00eda Campoy. Para solicitar su ayuda escribir a <a href=\"mailto:mcampd02@estudiantes.unileon.es\" target=\"_blank\" rel=\"noopener\">mcampd02@estudiantes.unileon.<wbr \/>es<\/a><\/li>\r\n<\/ul>","protected":false},"excerpt":{"rendered":"<p>Informaci\u00f3n Movilidad de la ULE: https:\/\/www.unileon.es\/internacional\/estudiantes MOVILIDAD NACIONAL (SICUE) Convocatorias, impresos y FAQs (incluye Acuerdo acad\u00e9mico): https:\/\/www.unileon.es\/internacional\/estudiantes\/movilidad-nacional-salientes Destinos Facultad de Educaci\u00f3n Responsable: M. de los \u00c1ngeles Diez Fern\u00e1ndez (fcevdec3@unileon.es) &nbsp; MOVILIDAD INTERNACIONAL (ERASMUS ESTUDIO, ERASMUS+KA107 y AMICUS) https:\/\/www.unileon.es\/internacional\/estudiantes\/movilidad-internacional-salientes Convocatorias e impresos ERASMUS ESTUDIO: https:\/\/www.unileon.es\/internacional\/estudiantes\/movilidad-internacional-salientes\/erasmus-estudio Destinos ERASMUS ESTUDIO Facultad de Educaci\u00f3n: https:\/\/www.unileon.es\/estudiantes\/internacional-movilidad\/estudiantes\/movilidad-internacional\/erasmus-estudio\/plazas?&amp;sr=7&amp;c=10 Responsables destinos ERASMUS F. [&hellip;]<\/p>\n","protected":false},"author":11,"featured_media":0,"parent":0,"menu_order":0,"comment_status":"closed","ping_status":"closed","template":"","meta":{"footnotes":""},"class_list":["post-2006","page","type-page","status-publish","hentry"],"_links":{"self":[{"href":"https:\/\/centros.unileon.es\/educacion\/wp-json\/wp\/v2\/pages\/2006","targetHints":{"allow":["GET"]}}],"collection":[{"href":"https:\/\/centros.unileon.es\/educacion\/wp-json\/wp\/v2\/pages"}],"about":[{"href":"https:\/\/centros.unileon.es\/educacion\/wp-json\/wp\/v2\/types\/page"}],"author":[{"embeddable":true,"href":"https:\/\/centros.unileon.es\/educacion\/wp-json\/wp\/v2\/users\/11"}],"replies":[{"embeddable":true,"href":"https:\/\/centros.unileon.es\/educacion\/wp-json\/wp\/v2\/comments?post=2006"}],"version-history":[{"count":40,"href":"https:\/\/centros.unileon.es\/educacion\/wp-json\/wp\/v2\/pages\/2006\/revisions"}],"predecessor-version":[{"id":5388,"href":"https:\/\/centros.unileon.es\/educacion\/wp-json\/wp\/v2\/pages\/2006\/revisions\/5388"}],"wp:attachment":[{"href":"https:\/\/centros.unileon.es\/educacion\/wp-json\/wp\/v2\/media?parent=2006"}],"curies":[{"name":"wp","href":"https:\/\/api.w.org\/{rel}","templated":true}]}}