{"id":1841,"date":"2021-09-24T12:39:30","date_gmt":"2021-09-24T12:39:30","guid":{"rendered":"https:\/\/centros.unileon.es\/educacion\/?page_id=1841"},"modified":"2021-10-06T13:22:58","modified_gmt":"2021-10-06T13:22:58","slug":"agrupaciones-master-2021-2022","status":"publish","type":"page","link":"https:\/\/centros.unileon.es\/educacion\/agrupaciones-master-2021-2022\/","title":{"rendered":"Agrupaciones M\u00e1ster 2021\/22"},"content":{"rendered":"<h3><span style=\"font-size: 14pt;\">Primer Semestre<\/span><\/h3>\r\n<a href=\"https:\/\/centros.unileon.es\/educacion\/files\/2021\/02\/F-Educacion_Distribucion-de-aulas-por-piso.pdf\">Distribuci\u00f3n de aulas por piso. Facultad de Educaci\u00f3n<\/a>\r\n<h4><strong><span style=\"font-size: 12pt;\">M\u00e1ster Universitario en Formaci\u00f3n de Profesorado de ESO, Bachillerato, FP y Ense\u00f1anza de Idiomas (MUFPES)<\/span><\/strong><\/h4>\r\n<h4><span style=\"font-family: georgia, palatino, serif; font-size: 12pt;\"><a href=\"https:\/\/centros.unileon.es\/educacion\/files\/2021\/10\/Agrupaciones-ACTUALIZADO-Grupo-A-MUFPES-EF-y-Mat.-1.pdf\">Agrupaciones Grupo A: Educaci\u00f3n F\u00edsica\/Matem\u00e1ticas (Actualizado 04.10.21)<\/a><\/span><\/h4>\r\n<h4><a href=\"https:\/\/centros.unileon.es\/educacion\/files\/2021\/10\/Agrupaciones-Grupo-B-ACTUALIZADO-MUFPES-ByGFyQ.-Tecn.-1.pdf\"><span style=\"font-family: georgia, palatino, serif; font-size: 12pt;\">Agrupaciones Grupo B: Biolog\u00eda y Geolog\u00eda\/F\u00edsica y Qu\u00edmica\/Tecnolog\u00edas (Actualizado 04.10.21)<\/span><\/a><\/h4>\r\n<h4><span style=\"font-family: georgia, palatino, serif; font-size: 12pt;\"><a href=\"https:\/\/centros.unileon.es\/educacion\/files\/2021\/10\/Agrupaciones-Grupo-C-ACTUALIZADO-MUFPES-Ing-Int-SC-LyL.-1.pdf\">Agrupaciones Grupo C: Ingl\u00e9s\/Intervenci\u00f3n Socio-Comunitaria\/Lengua (Actualizado 04.10.21)<\/a><\/span><\/h4>\r\n<h4><a href=\"https:\/\/centros.unileon.es\/educacion\/files\/2021\/10\/Agrupaciones-Grupo-D-ACTUALIZADO-MUFPES-GeH-FOL-Ec.-2.pdf\"><span style=\"font-family: georgia, palatino, serif; font-size: 12pt;\">Agrupaciones Grupo D: Econom\u00eda\/FOL\/Geograf\u00eda e Historia (Actualizado 06.10.21)<\/span><\/a><\/h4>\r\n&nbsp;\r\n<h4><strong><span style=\"font-size: 12pt;\">M\u00e1ster Universitario en Orientaci\u00f3n Educativa<\/span><\/strong><\/h4>\r\n<h4><span style=\"font-family: georgia, palatino, serif; font-size: 12pt;\"><a href=\"https:\/\/centros.unileon.es\/educacion\/files\/2021\/09\/MUOE-24-09-21.pdf\">Agrupaciones M\u00e1ster Universitario de Orientaci\u00f3n Educativa (Actualizado 24.9.21)<\/a><\/span><\/h4>\r\n<h5><\/h5>","protected":false},"excerpt":{"rendered":"<p>Primer Semestre Distribuci\u00f3n de aulas por piso. Facultad de Educaci\u00f3n M\u00e1ster Universitario en Formaci\u00f3n de Profesorado de ESO, Bachillerato, FP y Ense\u00f1anza de Idiomas (MUFPES) Agrupaciones Grupo A: Educaci\u00f3n F\u00edsica\/Matem\u00e1ticas (Actualizado 04.10.21) Agrupaciones Grupo B: Biolog\u00eda y Geolog\u00eda\/F\u00edsica y Qu\u00edmica\/Tecnolog\u00edas (Actualizado 04.10.21) Agrupaciones Grupo C: Ingl\u00e9s\/Intervenci\u00f3n Socio-Comunitaria\/Lengua (Actualizado 04.10.21) Agrupaciones Grupo D: Econom\u00eda\/FOL\/Geograf\u00eda e Historia [&hellip;]<\/p>\n","protected":false},"author":11,"featured_media":0,"parent":0,"menu_order":0,"comment_status":"closed","ping_status":"closed","template":"","meta":{"footnotes":""},"class_list":["post-1841","page","type-page","status-publish","hentry"],"_links":{"self":[{"href":"https:\/\/centros.unileon.es\/educacion\/wp-json\/wp\/v2\/pages\/1841","targetHints":{"allow":["GET"]}}],"collection":[{"href":"https:\/\/centros.unileon.es\/educacion\/wp-json\/wp\/v2\/pages"}],"about":[{"href":"https:\/\/centros.unileon.es\/educacion\/wp-json\/wp\/v2\/types\/page"}],"author":[{"embeddable":true,"href":"https:\/\/centros.unileon.es\/educacion\/wp-json\/wp\/v2\/users\/11"}],"replies":[{"embeddable":true,"href":"https:\/\/centros.unileon.es\/educacion\/wp-json\/wp\/v2\/comments?post=1841"}],"version-history":[{"count":15,"href":"https:\/\/centros.unileon.es\/educacion\/wp-json\/wp\/v2\/pages\/1841\/revisions"}],"predecessor-version":[{"id":1874,"href":"https:\/\/centros.unileon.es\/educacion\/wp-json\/wp\/v2\/pages\/1841\/revisions\/1874"}],"wp:attachment":[{"href":"https:\/\/centros.unileon.es\/educacion\/wp-json\/wp\/v2\/media?parent=1841"}],"curies":[{"name":"wp","href":"https:\/\/api.w.org\/{rel}","templated":true}]}}