{"id":164,"date":"2019-06-26T11:34:08","date_gmt":"2019-06-26T11:34:08","guid":{"rendered":"http:\/\/centros.unileon.es\/educacion\/?page_id=164"},"modified":"2019-10-07T11:00:21","modified_gmt":"2019-10-07T11:00:21","slug":"grado-en-educacion-primaria","status":"publish","type":"page","link":"https:\/\/centros.unileon.es\/educacion\/grado-en-educacion-primaria\/","title":{"rendered":"Grado en Educaci\u00f3n Primaria"},"content":{"rendered":"<h1><span style=\"font-size: 14pt; color: #0000ff;\"><strong>1. Informaci\u00f3n General<\/strong><\/span><\/h1>\r\n<p style=\"text-align: justify;\">La <span data-scayt_word=\"Ley\" data-scaytid=\"2\">Ley<\/span> <span data-scayt_word=\"Org\u00e1nica\" data-scaytid=\"3\">Org\u00e1nica<\/span> de <span data-scayt_word=\"Educaci\u00f3n\" data-scaytid=\"4\">Educaci\u00f3n<\/span> en <span data-scayt_word=\"su\" data-scaytid=\"7\">su<\/span> <span data-scayt_word=\"art\u00edculo\" data-scaytid=\"8\">art\u00edculo<\/span> 93 <span data-scayt_word=\"establece\" data-scaytid=\"9\">establece<\/span> la <span data-scayt_word=\"profesi\u00f3n\" data-scaytid=\"10\">profesi\u00f3n<\/span> de Maestro en <span data-scayt_word=\"Educaci\u00f3n\" data-scaytid=\"5\">Educaci\u00f3n<\/span> <span data-scayt_word=\"Primaria\" data-scaytid=\"12\">Primaria<\/span> <span data-scayt_word=\"como\" data-scaytid=\"14\">como<\/span> <span data-scayt_word=\"profesi\u00f3n\" data-scaytid=\"11\">profesi\u00f3n<\/span> <span data-scayt_word=\"regulada\" data-scaytid=\"15\">regulada<\/span> <span data-scayt_word=\"cuyo\" data-scaytid=\"16\">cuyo<\/span> <span data-scayt_word=\"ejercicio\" data-scaytid=\"17\">ejercicio<\/span> <span data-scayt_word=\"requiere\" data-scaytid=\"18\">requiere<\/span> <span data-scayt_word=\"estar\" data-scaytid=\"19\">estar<\/span> en <span data-scayt_word=\"posesi\u00f3n\" data-scaytid=\"20\">posesi\u00f3n<\/span> del <span data-scayt_word=\"correspondiente\" data-scaytid=\"21\">correspondiente<\/span> <span data-scayt_word=\"t\u00edtulo\" data-scaytid=\"22\">t\u00edtulo<\/span> <span data-scayt_word=\"oficial\" data-scaytid=\"23\">oficial<\/span> de <span data-scayt_word=\"Grado\" data-scaytid=\"24\">Grado<\/span> en <span data-scayt_word=\"Educaci\u00f3n\" data-scaytid=\"6\">Educaci\u00f3n<\/span> <span data-scayt_word=\"Primaria\" data-scaytid=\"13\">Primaria<\/span>, <span data-scayt_word=\"obtenido\" data-scaytid=\"25\">obtenido<\/span> de <span data-scayt_word=\"acuerdo\" data-scaytid=\"26\">acuerdo<\/span> con lo <span data-scayt_word=\"previsto\" data-scaytid=\"27\">previsto<\/span> en el art. 12.9 del Real <span data-scayt_word=\"Decreto\" data-scaytid=\"28\">Decreto<\/span> 1393\/2007, <span data-scayt_word=\"conforme\" data-scaytid=\"29\">conforme<\/span> a <span data-scayt_word=\"las\" data-scaytid=\"30\">las<\/span> <span data-scayt_word=\"condiciones\" data-scaytid=\"31\">condiciones<\/span> <span data-scayt_word=\"establecidas\" data-scaytid=\"32\">establecidas<\/span> en el BOE de 21 de <span data-scayt_word=\"diciembre\" data-scaytid=\"33\">diciembre<\/span> de 2007.El <span data-scayt_word=\"Grado\" data-scaytid=\"67\">Grado<\/span> en <span data-scayt_word=\"Educaci\u00f3n\" data-scaytid=\"68\">Educaci\u00f3n<\/span> <span data-scayt_word=\"Primaria\" data-scaytid=\"72\">Primaria<\/span> <span data-scayt_word=\"tiene\" data-scaytid=\"113\">tiene<\/span> <span data-scayt_word=\"una\" data-scaytid=\"114\">una<\/span> <span data-scayt_word=\"carga\" data-scaytid=\"115\">carga<\/span> <span data-scayt_word=\"lectiva\" data-scaytid=\"116\">lectiva<\/span> de 240 <span data-scayt_word=\"ECTS\" data-scaytid=\"117\">ECTS<\/span> <span data-scayt_word=\"que\" data-scaytid=\"118\">que<\/span> se <span data-scayt_word=\"distribuyen\" data-scaytid=\"119\">distribuyen<\/span> en <span data-scayt_word=\"cuatro\" data-scaytid=\"120\">cuatro<\/span> <span data-scayt_word=\"cursos\" data-scaytid=\"121\">cursos<\/span> <span data-scayt_word=\"lectivos\" data-scaytid=\"123\">lectivos<\/span>.<\/p>\r\n<p style=\"text-align: justify;\">Los dos <span data-scayt_word=\"primeros\" data-scaytid=\"124\">primeros<\/span> <span data-scayt_word=\"cursos\" data-scaytid=\"122\">cursos<\/span> son <span data-scayt_word=\"comunes\" data-scaytid=\"125\">comunes<\/span> <span data-scayt_word=\"para\" data-scaytid=\"126\">para<\/span> <span data-scayt_word=\"todos\" data-scaytid=\"127\">todos<\/span> los <span data-scayt_word=\"alumnos\" data-scaytid=\"128\">alumnos<\/span> y en 3\u00ba y 4\u00ba se <span data-scayt_word=\"ofertan\" data-scaytid=\"130\">ofertan<\/span> <span data-scayt_word=\"las\" data-scaytid=\"73\">las<\/span> <span data-scayt_word=\"siguientes\" data-scaytid=\"132\">siguientes<\/span> <span data-scayt_word=\"menciones\" data-scaytid=\"133\">menciones<\/span>: <span data-scayt_word=\"Lengua\" data-scaytid=\"134\">Lengua<\/span> <span data-scayt_word=\"Inglesa\" data-scaytid=\"135\">Inglesa<\/span>, <span data-scayt_word=\"Educaci\u00f3n\" data-scaytid=\"69\">Educaci\u00f3n<\/span> Especial, <span data-scayt_word=\"Educaci\u00f3n\" data-scaytid=\"70\">Educaci\u00f3n<\/span> <span data-scayt_word=\"F\u00edsica\" data-scaytid=\"136\">F\u00edsica<\/span>, <span data-scayt_word=\"Educaci\u00f3n\" data-scaytid=\"71\">Educaci\u00f3n<\/span> Musical y <span data-scayt_word=\"Audici\u00f3n\" data-scaytid=\"137\">Audici\u00f3n<\/span> y <span data-scayt_word=\"Lenguaje\" data-scaytid=\"138\">Lenguaje<\/span>.<\/p>\r\n\r\n<div><\/div>\r\n<h1><span style=\"color: #0000ff; font-size: 14pt;\"><strong>2. Acceso alumnos<\/strong><\/span><\/h1>\r\n<p style=\"text-align: justify;\">Para <span data-scayt_word=\"iniciar\" data-scaytid=\"184\">iniciar<\/span> los <span data-scayt_word=\"estudios\" data-scaytid=\"185\">estudios<\/span> en el <span data-scayt_word=\"Grado\" data-scaytid=\"173\">Grado<\/span> de <span data-scayt_word=\"Educaci\u00f3n\" data-scaytid=\"174\">Educaci\u00f3n<\/span> <span data-scayt_word=\"Primaria\" data-scaytid=\"175\">Primaria<\/span> <span data-scayt_word=\"es\" data-scaytid=\"189\">es<\/span> <span data-scayt_word=\"necesario\" data-scaytid=\"190\">necesario<\/span> <span data-scayt_word=\"superar\" data-scaytid=\"191\">superar<\/span> <span data-scayt_word=\"las\" data-scaytid=\"176\">las<\/span> <span data-scayt_word=\"pruebas\" data-scaytid=\"193\">pruebas<\/span> de <span data-scayt_word=\"acceso\" data-scaytid=\"194\">acceso<\/span> a la Universidad o, en <span data-scayt_word=\"su\" data-scaytid=\"177\">su<\/span> <span data-scayt_word=\"caso\" data-scaytid=\"196\">caso<\/span>, <span data-scayt_word=\"haber\" data-scaytid=\"198\">haber<\/span> <span data-scayt_word=\"obtenido\" data-scaytid=\"178\">obtenido<\/span> el <span data-scayt_word=\"t\u00edtulo\" data-scaytid=\"179\">t\u00edtulo<\/span> de F.P. de 2\u00ba <span data-scayt_word=\"grado\" data-scaytid=\"201\">grado<\/span> <span data-scayt_word=\"correspondiente\" data-scaytid=\"180\">correspondiente<\/span>. <span data-scayt_word=\"Posteriormente\" data-scaytid=\"203\">Posteriormente<\/span>, <span data-scayt_word=\"mediante\" data-scaytid=\"204\">mediante<\/span> <span data-scayt_word=\"preinscripci\u00f3n\" data-scaytid=\"205\">preinscripci\u00f3n<\/span> en la <span data-scayt_word=\"Secci\u00f3n\" data-scaytid=\"206\">Secci\u00f3n<\/span> de <span data-scayt_word=\"Acceso\" data-scaytid=\"181\">Acceso<\/span> de la Universidad, se <span data-scayt_word=\"solicita\" data-scaytid=\"208\">solicita<\/span> plaza y en <span data-scayt_word=\"caso\" data-scaytid=\"197\">caso<\/span> de <span data-scayt_word=\"ser\" data-scaytid=\"209\">ser<\/span> <span data-scayt_word=\"concedida\" data-scaytid=\"210\">concedida<\/span> se <span data-scayt_word=\"procede\" data-scaytid=\"211\">procede<\/span> a <span data-scayt_word=\"realizar\" data-scaytid=\"212\">realizar<\/span> la <span data-scayt_word=\"matr\u00edcula\" data-scaytid=\"213\">matr\u00edcula<\/span> en los <span data-scayt_word=\"plazos\" data-scaytid=\"214\">plazos<\/span> <span data-scayt_word=\"establecidos\" data-scaytid=\"215\">establecidos<\/span> <span data-scayt_word=\"para\" data-scaytid=\"182\">para<\/span> <span data-scayt_word=\"ello\" data-scaytid=\"217\">ello<\/span> en la <span data-scayt_word=\"Unidad\" data-scaytid=\"218\">Unidad<\/span> <span data-scayt_word=\"Administrativa\" data-scaytid=\"219\">Administrativa<\/span> del Centro en el <span data-scayt_word=\"que\" data-scaytid=\"183\">que<\/span> se <span data-scayt_word=\"imparte\" data-scaytid=\"221\">imparte<\/span> la <span data-scayt_word=\"Titulaci\u00f3n\" data-scaytid=\"222\">Titulaci\u00f3n<\/span>.<\/p>\r\n\r\n<div><\/div>\r\n<h1><span style=\"font-size: 14pt; color: #0000ff;\"><strong>3. Salidas profesionales<\/strong><\/span><\/h1>\r\n<p style=\"text-align: justify;\">La <span data-scayt_word=\"profesi\u00f3n\" data-scaytid=\"266\">profesi\u00f3n<\/span> de Maestro de <span data-scayt_word=\"Educaci\u00f3n\" data-scaytid=\"269\">Educaci\u00f3n<\/span> <span data-scayt_word=\"Primaria\" data-scaytid=\"272\">Primaria<\/span> <span data-scayt_word=\"es\" data-scaytid=\"275\">es<\/span> <span data-scayt_word=\"una\" data-scaytid=\"276\">una<\/span> <span data-scayt_word=\"profesi\u00f3n\" data-scaytid=\"267\">profesi\u00f3n<\/span> <span data-scayt_word=\"regulada\" data-scaytid=\"277\">regulada<\/span> a la <span data-scayt_word=\"que\" data-scaytid=\"278\">que<\/span> se accede, <span data-scayt_word=\"\u00fanicamente\" data-scaytid=\"339\">\u00fanicamente<\/span>, <span data-scayt_word=\"cursando\" data-scaytid=\"340\">cursando<\/span> el <span data-scayt_word=\"correspondiente\" data-scaytid=\"279\">correspondiente<\/span> <span data-scayt_word=\"grado\" data-scaytid=\"281\">grado<\/span> en <span data-scayt_word=\"Educaci\u00f3n\" data-scaytid=\"270\">Educaci\u00f3n<\/span> <span data-scayt_word=\"Primaria\" data-scaytid=\"273\">Primaria<\/span>. La <span data-scayt_word=\"etapa\" data-scaytid=\"344\">etapa<\/span> de <span data-scayt_word=\"Educaci\u00f3n\" data-scaytid=\"271\">Educaci\u00f3n<\/span> <span data-scayt_word=\"Primaria\" data-scaytid=\"274\">Primaria<\/span> <span data-scayt_word=\"abarca\" data-scaytid=\"345\">abarca<\/span> <span data-scayt_word=\"desde\" data-scaytid=\"346\">desde<\/span> los 6 a los 12 <span data-scayt_word=\"a\u00f1os\" data-scaytid=\"347\">a\u00f1os<\/span>. <span data-scayt_word=\"Estos\" data-scaytid=\"348\">Estos<\/span> maestros <span data-scayt_word=\"pueden\" data-scaytid=\"349\">pueden<\/span> <span data-scayt_word=\"ejercer\" data-scaytid=\"350\">ejercer<\/span> <span data-scayt_word=\"su\" data-scaytid=\"282\">su<\/span> <span data-scayt_word=\"profesi\u00f3n\" data-scaytid=\"268\">profesi\u00f3n<\/span> en <span data-scayt_word=\"colegios\" data-scaytid=\"352\">colegios<\/span> <span data-scayt_word=\"concertados\" data-scaytid=\"354\">concertados<\/span> y <span data-scayt_word=\"privados\" data-scaytid=\"355\">privados<\/span> <span data-scayt_word=\"mediante\" data-scaytid=\"283\">mediante<\/span> <span data-scayt_word=\"contrato\" data-scaytid=\"357\">contrato<\/span> <span data-scayt_word=\"laboral\" data-scaytid=\"358\">laboral<\/span> y en <span data-scayt_word=\"colegios\" data-scaytid=\"353\">colegios<\/span> <span data-scayt_word=\"p\u00fablicos\" data-scaytid=\"359\">p\u00fablicos<\/span> <span data-scayt_word=\"como\" data-scaytid=\"284\">como<\/span> <span data-scayt_word=\"interinos\" data-scaytid=\"361\">interinos<\/span> o <span data-scayt_word=\"funcionarios\" data-scaytid=\"362\">funcionarios<\/span> <span data-scayt_word=\"si\" data-scaytid=\"363\">si<\/span> <span data-scayt_word=\"superan\" data-scaytid=\"364\">superan<\/span> la <span data-scayt_word=\"correspondiente\" data-scaytid=\"280\">correspondiente<\/span> <span data-scayt_word=\"oposici\u00f3n\" data-scaytid=\"365\">oposici\u00f3n<\/span>.<\/p>\r\n\r\n<div><\/div>\r\n<div><\/div>\r\n<a href=\"\/\/facultadeducacion.unileon.es\/sites\/default\/files\/memoriasV\/memoria_grEP.pdf\">Memoria de Verificaci\u00f3n<\/a>","protected":false},"excerpt":{"rendered":"<p>1. Informaci\u00f3n General La Ley Org\u00e1nica de Educaci\u00f3n en su art\u00edculo 93 establece la profesi\u00f3n de Maestro en Educaci\u00f3n Primaria como profesi\u00f3n regulada cuyo ejercicio requiere estar en posesi\u00f3n del correspondiente t\u00edtulo oficial de Grado en Educaci\u00f3n Primaria, obtenido de acuerdo con lo previsto en el art. 12.9 del Real Decreto 1393\/2007, conforme a las [&hellip;]<\/p>\n","protected":false},"author":11,"featured_media":0,"parent":0,"menu_order":0,"comment_status":"closed","ping_status":"closed","template":"","meta":{"footnotes":""},"class_list":["post-164","page","type-page","status-publish","hentry"],"_links":{"self":[{"href":"https:\/\/centros.unileon.es\/educacion\/wp-json\/wp\/v2\/pages\/164","targetHints":{"allow":["GET"]}}],"collection":[{"href":"https:\/\/centros.unileon.es\/educacion\/wp-json\/wp\/v2\/pages"}],"about":[{"href":"https:\/\/centros.unileon.es\/educacion\/wp-json\/wp\/v2\/types\/page"}],"author":[{"embeddable":true,"href":"https:\/\/centros.unileon.es\/educacion\/wp-json\/wp\/v2\/users\/11"}],"replies":[{"embeddable":true,"href":"https:\/\/centros.unileon.es\/educacion\/wp-json\/wp\/v2\/comments?post=164"}],"version-history":[{"count":7,"href":"https:\/\/centros.unileon.es\/educacion\/wp-json\/wp\/v2\/pages\/164\/revisions"}],"predecessor-version":[{"id":287,"href":"https:\/\/centros.unileon.es\/educacion\/wp-json\/wp\/v2\/pages\/164\/revisions\/287"}],"wp:attachment":[{"href":"https:\/\/centros.unileon.es\/educacion\/wp-json\/wp\/v2\/media?parent=164"}],"curies":[{"name":"wp","href":"https:\/\/api.w.org\/{rel}","templated":true}]}}