{"id":162,"date":"2019-06-26T11:33:38","date_gmt":"2019-06-26T11:33:38","guid":{"rendered":"http:\/\/centros.unileon.es\/educacion\/?page_id=162"},"modified":"2019-10-07T10:59:50","modified_gmt":"2019-10-07T10:59:50","slug":"grado-ei","status":"publish","type":"page","link":"https:\/\/centros.unileon.es\/educacion\/grado-ei\/","title":{"rendered":"Grado en Educaci\u00f3n Infantil"},"content":{"rendered":"<h1><span style=\"font-size: 14pt; color: #0000ff;\"><strong>1. Informaci\u00f3n General<\/strong><\/span><\/h1>\r\n<p style=\"text-align: justify;\">La ley Org\u00e1nica de Educaci\u00f3n en su art\u00edculo 92 establece la profesi\u00f3n de Maestro en Educaci\u00f3n Infantil como profesi\u00f3n regulada cuyo ejercicio requiere estar en posesi\u00f3n del correspondiente t\u00edtulo oficial de Grado en Educaci\u00f3n Infantil, obtenido de acuerdo con lo previsto en el art. 12.9 del Real Decreto 1393\/2007, conforme a las condiciones establecidas en el BOE de 21 de diciembre de 2007.\r\nEl Grado en Educaci\u00f3n Infantil tiene una carga lectiva de 240 ECTS que se distribuyen en cuatro cursos lectivos.<\/p>\r\n\r\n<h1><span style=\"font-size: 14pt; color: #0000ff;\"><strong>2. Acceso Alumnos<\/strong><\/span><\/h1>\r\n<p style=\"text-align: justify;\">Para iniciar los estudios en el Grado de Educaci\u00f3n Infantil es necesario superar las pruebas de acceso a la Universidad o, en su caso, haber\r\nobtenido el t\u00edtulo de F.P. de 2\u00ba grado correspondiente. Posteriormente, mediante preinscripci\u00f3n en la Secci\u00f3n de Acceso de la Universidad, se solicita plaza y en caso de ser concedida se procede a realizar la matr\u00edcula en los plazos establecidos para ello en la Unidad Administrativa del Centro en el que se imparte la Titulaci\u00f3n.<\/p>\r\n\r\n<h1><span style=\"font-size: 14pt; color: #0000ff;\"><strong>3. Salidas Profesionales<\/strong><\/span><\/h1>\r\n<p style=\"text-align: justify;\">La profesi\u00f3n de Maestro de Educaci\u00f3n Infantil es una profesi\u00f3n regulada a la que se accede, \u00fanicamente, cursando el correspondiente grado en Educaci\u00f3n Infantil. La etapa de Educaci\u00f3n Infantil abarca desde los 0 a los 6 a\u00f1os. Estos maestros pueden ejercer su profesi\u00f3n en colegios\r\nconcertados y privados mediante contrato laboral y en colegios p\u00fablicos como interinos o funcionarios si superan la correspondiente oposici\u00f3n.<\/p>\r\n&nbsp;\r\n\r\n<a href=\"\/\/facultadeducacion.unileon.es\/sites\/default\/files\/memoriasV\/memoria_grEI.pdf\">Memoria de Verificaci\u00f3n<\/a>","protected":false},"excerpt":{"rendered":"<p>1. Informaci\u00f3n General La ley Org\u00e1nica de Educaci\u00f3n en su art\u00edculo 92 establece la profesi\u00f3n de Maestro en Educaci\u00f3n Infantil como profesi\u00f3n regulada cuyo ejercicio requiere estar en posesi\u00f3n del correspondiente t\u00edtulo oficial de Grado en Educaci\u00f3n Infantil, obtenido de acuerdo con lo previsto en el art. 12.9 del Real Decreto 1393\/2007, conforme a las [&hellip;]<\/p>\n","protected":false},"author":11,"featured_media":0,"parent":0,"menu_order":0,"comment_status":"closed","ping_status":"closed","template":"","meta":{"footnotes":""},"class_list":["post-162","page","type-page","status-publish","hentry"],"_links":{"self":[{"href":"https:\/\/centros.unileon.es\/educacion\/wp-json\/wp\/v2\/pages\/162","targetHints":{"allow":["GET"]}}],"collection":[{"href":"https:\/\/centros.unileon.es\/educacion\/wp-json\/wp\/v2\/pages"}],"about":[{"href":"https:\/\/centros.unileon.es\/educacion\/wp-json\/wp\/v2\/types\/page"}],"author":[{"embeddable":true,"href":"https:\/\/centros.unileon.es\/educacion\/wp-json\/wp\/v2\/users\/11"}],"replies":[{"embeddable":true,"href":"https:\/\/centros.unileon.es\/educacion\/wp-json\/wp\/v2\/comments?post=162"}],"version-history":[{"count":9,"href":"https:\/\/centros.unileon.es\/educacion\/wp-json\/wp\/v2\/pages\/162\/revisions"}],"predecessor-version":[{"id":286,"href":"https:\/\/centros.unileon.es\/educacion\/wp-json\/wp\/v2\/pages\/162\/revisions\/286"}],"wp:attachment":[{"href":"https:\/\/centros.unileon.es\/educacion\/wp-json\/wp\/v2\/media?parent=162"}],"curies":[{"name":"wp","href":"https:\/\/api.w.org\/{rel}","templated":true}]}}