{"id":1568,"date":"2021-05-31T09:48:35","date_gmt":"2021-05-31T09:48:35","guid":{"rendered":"https:\/\/centros.unileon.es\/educacion\/?page_id=1568"},"modified":"2025-05-19T10:01:40","modified_gmt":"2025-05-19T10:01:40","slug":"enlaces-de-interes","status":"publish","type":"page","link":"https:\/\/centros.unileon.es\/educacion\/enlaces-de-interes\/","title":{"rendered":"Enlaces de inter\u00e9s"},"content":{"rendered":"<div class=\"gmail_default\">\r\n<p><span style=\"font-size: 10pt;\"><a href=\"https:\/\/servicios.unileon.es\/actividad-estudiantil\/programa-de-apoyo-psicologico\/\">Programa de apoyo psicol\u00f3gico a los estudiantes<\/a><\/span><\/p>\r\n<\/div>\r\n<p><span style=\"font-size: 10pt;\"><a href=\"https:\/\/www.unileon.es\/modelos\/archivo\/norregint\/20195151124792_n_reglamento_evaluacion_y_calificacion_del_aprendizaje.pdf\">Reglamento de evaluaci\u00f3n y calificaci\u00f3n<\/a><\/span><\/p>\r\n<p><span style=\"font-size: 10pt;\"><a href=\"https:\/\/www.unileon.es\/files\/2021-04\/reglamento_de_evaluaciaon_compensacion2017_modificado24032021.pdf\">Reglamento de evaluaci\u00f3n por compensaci\u00f3n<\/a><\/span><\/p>\r\n<p style=\"padding-left: 40px;\"><span style=\"font-size: 10pt;\"><a href=\"https:\/\/www.unileon.es\/files\/2022-06\/solicitud_evaluacion_compensacion2022.pdf\">Solicitud de evaluaci\u00f3n por compensaci\u00f3n<\/a><\/span><\/p>\r\n<p><span style=\"font-size: 10pt;\"><a href=\"https:\/\/www.unileon.es\/modelos\/archivo\/norregint\/20167812345493_n_materias_de_libre_elecciaon._normativa_.pdf\">Normativa reguladora de los cr\u00e9ditos de libre elecci\u00f3n<\/a><\/span><\/p>\r\n<p><span style=\"font-size: 10pt;\"><a href=\"https:\/\/www7.unileon.es\/ead\/\">Encuesta de evaluaci\u00f3n docente<\/a><\/span><\/p>\r\n<p><span style=\"font-size: 10pt;\"><a href=\"http:\/\/fgulem.unileon.es\/fgulem\/\">Fundaci\u00f3n General de la ULE y de la Empresa<\/a><\/span><\/p>\r\n<p><a href=\"http:\/\/fgulem.unileon.es\/fgulem\/practicas.aspx\">Informaci\u00f3n sobre pr\u00e1cticas<\/a>.<\/p>\r\n<p><a href=\"http:\/\/fgulem.unileon.es\/fgulem\/destacado.aspx?id=682\">Programas de pr\u00e1cticas internacionales<\/a>: Este programa de pr\u00e1cticas en pa\u00edses europeos tiene como objetivo mejorar la empleabilidad de j\u00f3venes apuntados al Sistema de Garant\u00eda Juvenil o en situaci\u00f3n o riesgo de exclusi\u00f3n social y\/o figuren inscritos como demandantes de empleo en el Servicio P\u00fablico de Empleo de Castilla y Le\u00f3n. Esta iniciativa est\u00e1 cofinanciada por el Programa Operativo de Empleo Juvenil de la Junta de Castilla y Le\u00f3n y el Programa Operativo del Fondo Social Europeo.<\/p>\r\n<p><a href=\"http:\/\/fgulem.unileon.es\/fgulem\/destacado.aspx?id=1375\">Pr\u00e1cticas laborales<\/a>:\u00a0Destinado a titulados universitarios, de formaci\u00f3n profesional y de ense\u00f1anzas escolares de r\u00e9gimen especial, tiene como objetivo retener el talento generado en la Comunidad, proporcionar una primera experiencia laboral, tender puentes entre la universidad y la empresa y, a medio y largo plazo, generar empleo de calidad.<\/p>\r\n<p><a href=\"http:\/\/fgulem.unileon.es\/fgulem\/destacado.aspx?id=684\">Programas de emprendimiento<\/a>:\u00a0El programa est\u00e1 dirigido a los promotores de\u00a0ideas y proyectos\u00a0de emprendimiento con base tecnol\u00f3gica y\/o innovadora, en cualquier fase de maduraci\u00f3n. Buscamos emprendedores que hayan iniciado o se planteen iniciar una actividad empresarial y necesitan apoyos para validaci\u00f3n, puesta en marcha o crecimiento de su proyecto.<\/p>\r\n<p><a href=\"http:\/\/fgulem.unileon.es\/fgulem\/imodernos.aspx\">Idiomas<\/a>:\u00a0El Centro de Idiomas de la Universidad de Le\u00f3n lleva m\u00e1s de 50 a\u00f1os desarrollando cursos de idiomas modernos y de espa\u00f1ol para extranjeros aplicando un modelo pedag\u00f3gico de contrastada calidad.<\/p>\r\n<div>\r\n<p>&nbsp;<\/p>\r\n<\/div>\r\n<h3><a href=\"https:\/\/coie.unileon.es\/\">Centro de Orientaci\u00f3n e Informaci\u00f3n del Empleo (C.O.I.E.)<\/a><\/h3>\r\n<div>\r\n<p>El Centro de Orientaci\u00f3n e Informaci\u00f3n de Empleo (C.O.I.E.), es el Servicio de la Universidad de Le\u00f3n que ayuda a gestionar las pr\u00e1cticas extracurriculares en empresas, es decir, aquellas que los estudiantes realicen al margen de las previstas en su plan de estudios. Tambi\u00e9n atendemos las demandas informativas y de orientaci\u00f3n acad\u00e9mico laboral de los estudiantes y graduados universitarios de la ULE y servimos de nexo de uni\u00f3n entre empresas y estudiantes y graduados universitarios a fin de favorecer vuestra inserci\u00f3n laboral.<\/p>\r\n<\/div>","protected":false},"excerpt":{"rendered":"<p>Programa de apoyo psicol\u00f3gico a los estudiantes Reglamento de evaluaci\u00f3n y calificaci\u00f3n Reglamento de evaluaci\u00f3n por compensaci\u00f3n Solicitud de evaluaci\u00f3n por compensaci\u00f3n Normativa reguladora de los cr\u00e9ditos de libre elecci\u00f3n Encuesta de evaluaci\u00f3n docente Fundaci\u00f3n General de la ULE y de la Empresa Informaci\u00f3n sobre pr\u00e1cticas. Programas de pr\u00e1cticas internacionales: Este programa de pr\u00e1cticas en [&hellip;]<\/p>\n","protected":false},"author":11,"featured_media":0,"parent":0,"menu_order":0,"comment_status":"closed","ping_status":"closed","template":"","meta":{"footnotes":""},"class_list":["post-1568","page","type-page","status-publish","hentry"],"_links":{"self":[{"href":"https:\/\/centros.unileon.es\/educacion\/wp-json\/wp\/v2\/pages\/1568","targetHints":{"allow":["GET"]}}],"collection":[{"href":"https:\/\/centros.unileon.es\/educacion\/wp-json\/wp\/v2\/pages"}],"about":[{"href":"https:\/\/centros.unileon.es\/educacion\/wp-json\/wp\/v2\/types\/page"}],"author":[{"embeddable":true,"href":"https:\/\/centros.unileon.es\/educacion\/wp-json\/wp\/v2\/users\/11"}],"replies":[{"embeddable":true,"href":"https:\/\/centros.unileon.es\/educacion\/wp-json\/wp\/v2\/comments?post=1568"}],"version-history":[{"count":18,"href":"https:\/\/centros.unileon.es\/educacion\/wp-json\/wp\/v2\/pages\/1568\/revisions"}],"predecessor-version":[{"id":4961,"href":"https:\/\/centros.unileon.es\/educacion\/wp-json\/wp\/v2\/pages\/1568\/revisions\/4961"}],"wp:attachment":[{"href":"https:\/\/centros.unileon.es\/educacion\/wp-json\/wp\/v2\/media?parent=1568"}],"curies":[{"name":"wp","href":"https:\/\/api.w.org\/{rel}","templated":true}]}}