{"id":1561,"date":"2021-05-29T19:41:38","date_gmt":"2021-05-29T19:41:38","guid":{"rendered":"https:\/\/centros.unileon.es\/educacion\/?page_id=1561"},"modified":"2025-05-19T10:03:11","modified_gmt":"2025-05-19T10:03:11","slug":"ayuda-a-la-tecnologia","status":"publish","type":"page","link":"https:\/\/centros.unileon.es\/educacion\/ayuda-a-la-tecnologia\/","title":{"rendered":"Ayuda a la tecnolog\u00eda"},"content":{"rendered":"<p><a href=\"https:\/\/centros.unileon.es\/educacion\/files\/2021\/02\/Pestana-de-incognito-en-Google.pdf\">Pesta\u00f1a de inc\u00f3gnito en Google<\/a><\/p>\r\n<p><a href=\"https:\/\/centros.unileon.es\/educacion\/files\/2021\/03\/GUIA-DE-LAS-TABLETAS-WACOM.pdf\">Gu\u00eda para tabletas WACOM<\/a><\/p>\r\n<ul>\r\n\t<li><a href=\"https:\/\/drive.google.com\/file\/d\/1G7eBJ7cL-AnpdgM7VrcasOmi7nBR3Ax6\/view\">C\u00f3mo guardar un documento<\/a><\/li>\r\n\t<li><a href=\"https:\/\/drive.google.com\/file\/d\/12a-NXFnkJPE-1Ec1v-4Y9T65y7B-itBb\/view\">C\u00f3mo importar un documento<\/a><\/li>\r\n\t<li><a href=\"https:\/\/drive.google.com\/file\/d\/1cvswiav1Cv7-SL-CHw1u_dCsQJpnda5G\/view\">Mostrar escritorio<\/a><\/li>\r\n<\/ul>","protected":false},"excerpt":{"rendered":"<p>Pesta\u00f1a de inc\u00f3gnito en Google Gu\u00eda para tabletas WACOM C\u00f3mo guardar un documento C\u00f3mo importar un documento Mostrar escritorio<\/p>\n","protected":false},"author":11,"featured_media":0,"parent":0,"menu_order":0,"comment_status":"closed","ping_status":"closed","template":"","meta":{"footnotes":""},"class_list":["post-1561","page","type-page","status-publish","hentry"],"_links":{"self":[{"href":"https:\/\/centros.unileon.es\/educacion\/wp-json\/wp\/v2\/pages\/1561","targetHints":{"allow":["GET"]}}],"collection":[{"href":"https:\/\/centros.unileon.es\/educacion\/wp-json\/wp\/v2\/pages"}],"about":[{"href":"https:\/\/centros.unileon.es\/educacion\/wp-json\/wp\/v2\/types\/page"}],"author":[{"embeddable":true,"href":"https:\/\/centros.unileon.es\/educacion\/wp-json\/wp\/v2\/users\/11"}],"replies":[{"embeddable":true,"href":"https:\/\/centros.unileon.es\/educacion\/wp-json\/wp\/v2\/comments?post=1561"}],"version-history":[{"count":3,"href":"https:\/\/centros.unileon.es\/educacion\/wp-json\/wp\/v2\/pages\/1561\/revisions"}],"predecessor-version":[{"id":4968,"href":"https:\/\/centros.unileon.es\/educacion\/wp-json\/wp\/v2\/pages\/1561\/revisions\/4968"}],"wp:attachment":[{"href":"https:\/\/centros.unileon.es\/educacion\/wp-json\/wp\/v2\/media?parent=1561"}],"curies":[{"name":"wp","href":"https:\/\/api.w.org\/{rel}","templated":true}]}}