{"id":137,"date":"2019-06-26T10:58:48","date_gmt":"2019-06-26T10:58:48","guid":{"rendered":"http:\/\/centros.unileon.es\/educacion\/?page_id=137"},"modified":"2020-10-19T12:03:22","modified_gmt":"2020-10-19T12:03:22","slug":"coordinadores-y-tutores-del-pat","status":"publish","type":"page","link":"https:\/\/centros.unileon.es\/educacion\/coordinadores-y-tutores-del-pat\/","title":{"rendered":"Coordinadores y Tutores del PAT"},"content":{"rendered":"&nbsp;\r\n<h1><span style=\"font-size: 14pt; color: #0000ff;\"><strong>Coordinadora PAT:<\/strong><\/span><\/h1>\r\nRuth Ca\u00f1\u00f3n Rodr\u00edguez\u00a0 \u00a0 \u00a0 \u00a0 \u00a0 \u00a0 \u00a0 \u00a0 <a href=\"mailto:fcesec@unileon.es\">fcesec@unileon.es<\/a>\r\n\r\n&nbsp;\r\n<h1><span style=\"font-size: 14pt; color: #0000ff;\"><strong>Grado en Educaci\u00f3n Infantil:<\/strong><\/span><\/h1>\r\n<strong>1\u00ba curso:\u00a0<\/strong>\u00a0 Paula L\u00f3pez Guti\u00e9rrez\u00a0 \u00a0 <a href=\"mailto:plopg@unileon.es\">plopg@unileon.e<\/a>s\r\n\r\n<strong>2\u00ba curso:\u00a0<\/strong>\u00a0 Raquel Poy Castro\u00a0 \u00a0 \u00a0 \u00a0\u00a0\u00a0\u00a0\u00a0<a href=\"mailto:rpoy@unileon.es\">rpoy@unileon.es<\/a>\r\n\r\n&nbsp;\r\n<h1><span style=\"font-size: 14pt; color: #0000ff;\"><strong>Grado en Educaci\u00f3n Primaria:<\/strong><\/span><\/h1>\r\n<strong>1\u00ba curso:\u00a0<\/strong> \u00a0 M\u00aa \u00c1ngeles Diez Fern\u00e1ndez\u00a0 \u00a0\u00a0\u00a0\u00a0\u00a0\u00a0<a href=\"mailto:fcevdec3@unileon.es\">fcevdec3@unileon.es<\/a>\r\n\r\n<strong>2\u00ba curso:\u00a0<\/strong>\u00a0 Sheila Garc\u00eda Mart\u00edn\u00a0 \u00a0 \u00a0 \u00a0 \u00a0 \u00a0 \u00a0 \u00a0 \u00a0<a href=\"mailto:sgarcm@unileon.es\">sgarcm@unileon.es<\/a>\r\n\r\n&nbsp;\r\n\r\n&nbsp;\r\n<h1><span style=\"font-size: 14pt; color: #0000ff;\"><strong>Grado en Educaci\u00f3n Social:<\/strong><\/span><\/h1>\r\n<strong>1\u00ba curso:<\/strong> \u00a0\u00a0 Adelina Rodr\u00edguez Pacios\u00a0 \u00a0 \u00a0 \u00a0 \u00a0 \u00a0 \u00a0\u00a0\u00a0\u00a0<a href=\"mailto:arodpa@unileon.es\">arodpa@unileon.es<\/a>\r\n\r\n<strong>2\u00ba curso:\u00a0<\/strong> \u00a0 Mario Grande de Prado\u00a0 \u00a0 \u00a0 \u00a0 \u00a0 \u00a0 \u00a0 \u00a0 \u00a0 \u00a0\u00a0<a href=\"mailto:mgrap@unileon.es\">mgrap@unileon.e<\/a>s\r\n\r\n&nbsp;\r\n<h1><span style=\"color: #0000ff; font-size: 14pt;\"><strong>M\u00e1ster Universitario en Formaci\u00f3n del Profesorado en Ed. Secundaria <\/strong><\/span><\/h1>\r\nAna Rosa Arias Gago\u00a0 \u00a0 \u00a0 \u00a0 \u00a0 \u00a0 \u00a0 \u00a0 \u00a0 \u00a0 \u00a0 \u00a0 \u00a0 \u00a0 \u00a0 \u00a0 \u00a0 \u00a0 \u00a0 \u00a0 \u00a0 \u00a0 \u00a0 \u00a0 \u00a0\u00a0<a href=\"mailto:ararig@unileon.es\">ararig@unileon.es<\/a>\r\n\r\n&nbsp;\r\n<h1><span style=\"color: #0000ff; font-size: 14pt;\"><strong>Master Universitario en Orientaci\u00f3n Educativa<\/strong> <\/span><\/h1>\r\nEsther Fern\u00e1ndez Fern\u00e1ndez\u00a0 \u00a0 \u00a0 \u00a0 \u00a0 \u00a0 \u00a0 \u00a0 \u00a0 \u00a0 \u00a0 \u00a0 \u00a0 \u00a0 \u00a0\u00a0 \u00a0\u00a0 \u00a0<a href=\"mailto:eferf@unileon.es\">eferf@unileon.es<\/a>","protected":false},"excerpt":{"rendered":"<p>&nbsp; Coordinadora PAT: Ruth Ca\u00f1\u00f3n Rodr\u00edguez\u00a0 \u00a0 \u00a0 \u00a0 \u00a0 \u00a0 \u00a0 \u00a0 fcesec@unileon.es &nbsp; Grado en Educaci\u00f3n Infantil: 1\u00ba curso:\u00a0\u00a0 Paula L\u00f3pez Guti\u00e9rrez\u00a0 \u00a0 plopg@unileon.es 2\u00ba curso:\u00a0\u00a0 Raquel Poy Castro\u00a0 \u00a0 \u00a0 \u00a0\u00a0\u00a0\u00a0\u00a0rpoy@unileon.es &nbsp; Grado en Educaci\u00f3n Primaria: 1\u00ba curso:\u00a0 \u00a0 M\u00aa \u00c1ngeles Diez Fern\u00e1ndez\u00a0 \u00a0\u00a0\u00a0\u00a0\u00a0\u00a0fcevdec3@unileon.es 2\u00ba curso:\u00a0\u00a0 Sheila Garc\u00eda Mart\u00edn\u00a0 \u00a0 \u00a0 \u00a0 [&hellip;]<\/p>\n","protected":false},"author":11,"featured_media":0,"parent":0,"menu_order":0,"comment_status":"closed","ping_status":"closed","template":"","meta":{"footnotes":""},"class_list":["post-137","page","type-page","status-publish","hentry"],"_links":{"self":[{"href":"https:\/\/centros.unileon.es\/educacion\/wp-json\/wp\/v2\/pages\/137","targetHints":{"allow":["GET"]}}],"collection":[{"href":"https:\/\/centros.unileon.es\/educacion\/wp-json\/wp\/v2\/pages"}],"about":[{"href":"https:\/\/centros.unileon.es\/educacion\/wp-json\/wp\/v2\/types\/page"}],"author":[{"embeddable":true,"href":"https:\/\/centros.unileon.es\/educacion\/wp-json\/wp\/v2\/users\/11"}],"replies":[{"embeddable":true,"href":"https:\/\/centros.unileon.es\/educacion\/wp-json\/wp\/v2\/comments?post=137"}],"version-history":[{"count":6,"href":"https:\/\/centros.unileon.es\/educacion\/wp-json\/wp\/v2\/pages\/137\/revisions"}],"predecessor-version":[{"id":360,"href":"https:\/\/centros.unileon.es\/educacion\/wp-json\/wp\/v2\/pages\/137\/revisions\/360"}],"wp:attachment":[{"href":"https:\/\/centros.unileon.es\/educacion\/wp-json\/wp\/v2\/media?parent=137"}],"curies":[{"name":"wp","href":"https:\/\/api.w.org\/{rel}","templated":true}]}}