{"id":1171,"date":"2021-02-09T12:55:10","date_gmt":"2021-02-09T12:55:10","guid":{"rendered":"https:\/\/centros.unileon.es\/educacion\/?page_id=1171"},"modified":"2025-05-19T10:02:47","modified_gmt":"2025-05-19T10:02:47","slug":"usuarios","status":"publish","type":"page","link":"https:\/\/centros.unileon.es\/educacion\/usuarios\/","title":{"rendered":"Usuarios"},"content":{"rendered":"<p>a) <a href=\"http:\/\/bibliotecas.unileon.es\/educacion\/hacer-un-trabajo-serio\/\"><span data-scayt_word=\"Gu\u00eda\" data-scaytid=\"279\">Gu\u00eda<\/span> <span data-scayt_word=\"para\" data-scaytid=\"280\">para<\/span> <span data-scayt_word=\"elborara\" data-scaytid=\"282\">elborara<\/span> un <span data-scayt_word=\"trabajo\" data-scaytid=\"283\">trabajo<\/span> <span data-scayt_word=\"acad\u00e9mico\" data-scaytid=\"285\">acad\u00e9mico<\/span><\/a>\u00a0\/ <a href=\"http:\/\/bibliotecas.unileon.es\/educacion\/quienes-somos\/hacer-un-trabajo-mini-guias\/\"><span data-scayt_word=\"Hacer\" data-scaytid=\"286\">Hacer<\/span>\u00a0un <span data-scayt_word=\"trabajo\" data-scaytid=\"284\">trabajo<\/span>\u00a0(mini <span data-scayt_word=\"gu\u00edas\" data-scaytid=\"287\">gu\u00edas<\/span>)<\/a><br \/>\r\nb)\u00a0<a href=\"http:\/\/biblioteca.unileon.es\/content\/cursos-de-formaci%C3%B3n-0\" target=\"_blank\" rel=\"noopener\"><span data-scayt_word=\"Cursos\" data-scaytid=\"288\">Cursos<\/span> de <span data-scayt_word=\"formaci\u00f3n\" data-scaytid=\"289\">formaci\u00f3n<\/span> de <span data-scayt_word=\"car\u00e1cter\" data-scaytid=\"290\">car\u00e1cter<\/span> general <span data-scayt_word=\"para\" data-scaytid=\"281\">para<\/span> <span data-scayt_word=\"toda\" data-scaytid=\"291\">toda<\/span> la <span data-scayt_word=\"universidad\" data-scaytid=\"278\">universidad<\/span><\/a><br \/>\r\nc)\u00a0<a href=\"http:\/\/facultadeducacion.unileon.es\/sites\/default\/files\/CALENDARIO%20CURSOS.pdf\"><span data-scayt_word=\"Cursos\" data-scaytid=\"294\">Cursos<\/span> de <span data-scayt_word=\"formaci\u00f3n\" data-scaytid=\"295\">formaci\u00f3n<\/span> en la <span data-scayt_word=\"Biblioteca\" data-scaytid=\"296\">Biblioteca<\/span> de <span data-scayt_word=\"Educaci\u00f3n\" data-scaytid=\"297\">Educaci\u00f3n<\/span><\/a><br \/>\r\nd)\u00a0<a href=\"https:\/\/biblioteca.unileon.es\/content\/cursos-de-formaci%C3%B3n-0#tab_2\"><span data-scayt_word=\"Formaci\u00f3n\" data-scaytid=\"299\">Formaci\u00f3n<\/span> en <span data-scayt_word=\"l\u00ednea\" data-scaytid=\"410\">l\u00ednea<\/span><\/a><br \/>\r\ne)\u00a0<a href=\"http:\/\/biblioteca.unileon.es\/ayuda-formacion\/guias-rapidas\/guias-rapidas-para-pdi\" target=\"_blank\" rel=\"noopener\"><span data-scayt_word=\"Gu\u00edas\" data-scaytid=\"306\">Gu\u00edas<\/span> <span data-scayt_word=\"r\u00e1pidas\" data-scaytid=\"312\">r\u00e1pidas<\/span> <span data-scayt_word=\"profesores\" data-scaytid=\"314\">profesores<\/span><\/a><br \/>\r\nf )\u00a0<a href=\"http:\/\/biblioteca.unileon.es\/ayuda-formacion\/guias-rapidas\/guias-rapidas-para-alumnos\" target=\"_blank\" rel=\"noopener\"><span data-scayt_word=\"Gu\u00edas\" data-scaytid=\"307\">Gu\u00edas<\/span> <span data-scayt_word=\"r\u00e1pidas\" data-scaytid=\"313\">r\u00e1pidas<\/span> <\/a><span data-scayt_word=\"estudiantes\" data-scaytid=\"315\"><a href=\"http:\/\/biblioteca.unileon.es\/ayuda-formacion\/guias-rapidas\/guias-rapidas-para-alumnos\" target=\"_blank\" rel=\"noopener\">estudiante<\/a>s<\/span>:<\/p>\r\n<ul>\r\n\t<li><a href=\"http:\/\/facultadeducacion.unileon.es\/sites\/default\/files\/CONSULTA%20AL%20CAT%C3%81LOGO%202020-21.pdf\">Consulta del cat\u00e1logo<\/a><\/li>\r\n\t<li><a href=\"http:\/\/facultadeducacion.unileon.es\/sites\/default\/files\/RESERVAR%20UN%20LIBRO%20PRESTADO%202020-21.pdf\">Reservar un libro prestado<\/a><\/li>\r\n\t<li><a href=\"http:\/\/facultadeducacion.unileon.es\/sites\/default\/files\/RENOVACI%C3%93N%20DE%20PR%C3%89STAMOS%202020-21.pdf\">Renovaci\u00f3n de pr\u00e9stamos<\/a><\/li>\r\n\t<li><a href=\"http:\/\/facultadeducacion.unileon.es\/sites\/default\/files\/MI%20CUENTA%20DE%20USUARIO%202020-21.pdf\">Registro de usuario<\/a><\/li>\r\n\t<li><a href=\"http:\/\/facultadeducacion.unileon.es\/sites\/default\/files\/Recursos%20Electr%C3%B3nicos%20gu%C3%ADa%20(folio)%202020-21.pdf\">Recursos Eletr\u00f3nicos espec\u00edficos de Educaci\u00f3n<\/a><\/li>\r\n\t<li><a href=\"http:\/\/facultadeducacion.unileon.es\/sites\/default\/files\/Gu%C3%ADa%20alumnos%20curso%202020-21.pdf\">Mini gu\u00eda de alumnos<\/a><\/li>\r\n\t<li><a href=\"http:\/\/facultadeducacion.unileon.es\/sites\/default\/files\/Gu%C3%ADa%20profesores%20curso%202020-21.pdf\">Mini gu\u00eda de profesores<\/a><\/li>\r\n<\/ul>\r\n<p>g) \u00a0<a href=\"http:\/\/biblioteca.unileon.es\/ayuda-formacion\/faq\" target=\"_blank\" rel=\"noopener\"><span data-scayt_word=\"Preguntas\" data-scaytid=\"351\">Preguntas<\/span> <span data-scayt_word=\"Frecuentes\" data-scaytid=\"352\">Frecuentes<\/span><\/a><br \/>\r\nh)\u00a0<a href=\"http:\/\/biblioteca.unileon.es\/recursos-electronicos\/acceso-fuera-ule\" target=\"_blank\" rel=\"noopener\"><span data-scayt_word=\"Acceso\" data-scaytid=\"348\">Acceso<\/span> <span data-scayt_word=\"desde\" data-scaytid=\"354\">desde<\/span> casa<\/a><\/p>","protected":false},"excerpt":{"rendered":"<p>a) Gu\u00eda para elborara un trabajo acad\u00e9mico\u00a0\/ Hacer\u00a0un trabajo\u00a0(mini gu\u00edas) b)\u00a0Cursos de formaci\u00f3n de car\u00e1cter general para toda la universidad c)\u00a0Cursos de formaci\u00f3n en la Biblioteca de Educaci\u00f3n d)\u00a0Formaci\u00f3n en l\u00ednea e)\u00a0Gu\u00edas r\u00e1pidas profesores f )\u00a0Gu\u00edas r\u00e1pidas estudiantes: Consulta del cat\u00e1logo Reservar un libro prestado Renovaci\u00f3n de pr\u00e9stamos Registro de usuario Recursos Eletr\u00f3nicos espec\u00edficos de [&hellip;]<\/p>\n","protected":false},"author":11,"featured_media":0,"parent":0,"menu_order":0,"comment_status":"closed","ping_status":"closed","template":"","meta":{"footnotes":""},"class_list":["post-1171","page","type-page","status-publish","hentry"],"_links":{"self":[{"href":"https:\/\/centros.unileon.es\/educacion\/wp-json\/wp\/v2\/pages\/1171","targetHints":{"allow":["GET"]}}],"collection":[{"href":"https:\/\/centros.unileon.es\/educacion\/wp-json\/wp\/v2\/pages"}],"about":[{"href":"https:\/\/centros.unileon.es\/educacion\/wp-json\/wp\/v2\/types\/page"}],"author":[{"embeddable":true,"href":"https:\/\/centros.unileon.es\/educacion\/wp-json\/wp\/v2\/users\/11"}],"replies":[{"embeddable":true,"href":"https:\/\/centros.unileon.es\/educacion\/wp-json\/wp\/v2\/comments?post=1171"}],"version-history":[{"count":3,"href":"https:\/\/centros.unileon.es\/educacion\/wp-json\/wp\/v2\/pages\/1171\/revisions"}],"predecessor-version":[{"id":4966,"href":"https:\/\/centros.unileon.es\/educacion\/wp-json\/wp\/v2\/pages\/1171\/revisions\/4966"}],"wp:attachment":[{"href":"https:\/\/centros.unileon.es\/educacion\/wp-json\/wp\/v2\/media?parent=1171"}],"curies":[{"name":"wp","href":"https:\/\/api.w.org\/{rel}","templated":true}]}}