{"id":1162,"date":"2021-02-09T12:53:37","date_gmt":"2021-02-09T12:53:37","guid":{"rendered":"https:\/\/centros.unileon.es\/educacion\/?page_id=1162"},"modified":"2025-05-19T10:02:28","modified_gmt":"2025-05-19T10:02:28","slug":"recursos-de-informacion","status":"publish","type":"page","link":"https:\/\/centros.unileon.es\/educacion\/recursos-de-informacion\/","title":{"rendered":"Recursos de informaci\u00f3n"},"content":{"rendered":"<p>a)\u00a0<a href=\"https:\/\/catoute.unileon.es\/discovery\/search?tab=cursos&amp;search_scope=CourseReserves&amp;vid=34BUC_ULE:VU1&amp;mode=advanced&amp;offset=0\"><span data-scayt_word=\"Bibliograf\u00eda\" data-scaytid=\"191\">Bibliograf\u00eda<\/span> <span data-scayt_word=\"recomendada\" data-scaytid=\"192\">recomendada<\/span><\/a><br \/>\r\nb)\u00a0<a href=\"https:\/\/catoute.unileon.es\/discovery\/search?vid=34BUC_ULE:VU1&amp;lang=es\" target=\"_blank\" rel=\"noopener\"><span data-scayt_word=\"Acceso\" data-scaytid=\"197\">Acceso<\/span> al <span data-scayt_word=\"cat\u00e1logo\" data-scaytid=\"198\">cat\u00e1logo<\/span> general de la <span data-scayt_word=\"universidad\" data-scaytid=\"199\">universidad<\/span><\/a><br \/>\r\nc)\u00a0<a href=\"http:\/\/biblioteca.unileon.es\/recursos-electronicos\" target=\"_blank\" rel=\"noopener\"><span data-scayt_word=\"Recursos\" data-scaytid=\"195\">Recursos<\/span> <span data-scayt_word=\"electr\u00f3nicos\" data-scaytid=\"196\">electr\u00f3nicos<\/span><\/a>:<\/p>\r\n<ul>\r\n\t<li><a href=\"http:\/\/biblioteca.unileon.es\/ayuda-formacion\/guias-de-recusos-e\" target=\"_blank\" rel=\"noopener\"><span data-scayt_word=\"Gu\u00edas\" data-scaytid=\"202\">Gu\u00edas<\/span> de <span data-scayt_word=\"uso\" data-scaytid=\"203\">uso<\/span><\/a><\/li>\r\n\t<li><a href=\"https:\/\/catoute.unileon.es\/discovery\/dbsearch?vid=34BUC_ULE:VU1&amp;lang=es\" target=\"_blank\" rel=\"noopener\">Bases de <span data-scayt_word=\"datos\" data-scaytid=\"204\">datos<\/span><\/a><\/li>\r\n\t<li><a href=\"https:\/\/catoute.unileon.es\/discovery\/jsearch?vid=34BUC_ULE:VU1&amp;lang=es\" target=\"_blank\" rel=\"noopener\"><span data-scayt_word=\"Revistas\" data-scaytid=\"209\">Revistas<\/span> <span data-scayt_word=\"electr\u00f3nicas\" data-scaytid=\"210\">electr\u00f3nicas<\/span><\/a><\/li>\r\n\t<li><a href=\"https:\/\/biblioteca.unileon.es\/recursos-electronicos\/libros-electronicos\" target=\"_blank\" rel=\"noopener\"><span data-scayt_word=\"Libros\" data-scaytid=\"211\">Libros<\/span> <span data-scayt_word=\"electr\u00f3nicos\" data-scaytid=\"207\">electr\u00f3nicos<\/span><\/a><\/li>\r\n\t<li><a href=\"https:\/\/buleria.unileon.es\/\"><span data-scayt_word=\"BULERIA\" data-scaytid=\"213\">BULERIA (archivo digital abierto de la ULE)<\/span><\/a><\/li>\r\n\t<li><a href=\"http:\/\/dialnet.unirioja.es\/\"><span data-scayt_word=\"Dialnet\" data-scaytid=\"214\">Dialnet<\/span><\/a><\/li>\r\n<\/ul>\r\n<p>d)\u00a0<span data-scayt_word=\"Recursos\" data-scaytid=\"208\">Recursos<\/span> en Internet <span data-scayt_word=\"interesantes\" data-scaytid=\"216\">interesantes<\/span> <span data-scayt_word=\"sobre\" data-scaytid=\"217\">sobre<\/span>:<\/p>\r\n<ul>\r\n\t<li><a href=\"http:\/\/bibliotecas.unileon.es\/educacion\/recursos-web-sobre-educacion-en-general\/\" target=\"_blank\" rel=\"noopener\"><span data-scayt_word=\"Educaci\u00f3n\" data-scaytid=\"219\">Educaci\u00f3n<\/span> en General<\/a><\/li>\r\n\t<li><a href=\"http:\/\/bibliotecas.unileon.es\/educacion\/recursos-web-sobre-educacion-primaria\/\" target=\"_blank\" rel=\"noopener\"><span data-scayt_word=\"Educaci\u00f3n\" data-scaytid=\"220\">Educaci\u00f3n<\/span> <span data-scayt_word=\"Primaria\" data-scaytid=\"224\">Primaria<\/span><\/a><\/li>\r\n\t<li><a href=\"http:\/\/bibliotecas.unileon.es\/educacion\/recursos-en-internet-interesantes-sobre-educacion\/\" target=\"_blank\" rel=\"noopener\"><span data-scayt_word=\"Educaci\u00f3n\" data-scaytid=\"221\">Educaci\u00f3n<\/span> <span data-scayt_word=\"Infantil\" data-scaytid=\"225\">Infantil<\/span><\/a><\/li>\r\n\t<li><a href=\"http:\/\/bibliotecas.unileon.es\/educacion\/recursos-web-sobre-educacion-social\/\" target=\"_blank\" rel=\"noopener\"><span data-scayt_word=\"Educaci\u00f3n\" data-scaytid=\"222\">Educaci\u00f3n<\/span> Social<\/a><\/li>\r\n\t<li><a href=\"http:\/\/bibliotecas.unileon.es\/educacion\/recursos-web-sobre-master-educacion-secundaria\/\"><span data-scayt_word=\"M\u00e1ster\" data-scaytid=\"226\">M\u00e1ster<\/span> <span data-scayt_word=\"Educaci\u00f3n\" data-scaytid=\"223\">Educaci\u00f3n<\/span>\u00a0<span data-scayt_word=\"Secundaria\" data-scaytid=\"227\">Secundaria<\/span><\/a><\/li>\r\n\t<li><a href=\"http:\/\/bibliotecas.unileon.es\/educacion\/recursos-web-sobre-el-master-universitario-en-investigacion-en-psicologia-y-ciencias-de-la-educacion\/\"><span data-scayt_word=\"M\u00e1ster\" data-scaytid=\"237\">M\u00e1ster<\/span>\u00a0<span data-scayt_word=\"Universitario\" data-scaytid=\"239\">Universitario<\/span> en <span data-scayt_word=\"Investigaci\u00f3n\" data-scaytid=\"240\">Investigaci\u00f3n<\/span> en <span data-scayt_word=\"Psicolog\u00eda\" data-scaytid=\"241\">Psicolog\u00eda<\/span> y <span data-scayt_word=\"Ciencias\" data-scaytid=\"242\">Ciencias<\/span> de la <span data-scayt_word=\"Educaci\u00f3n\" data-scaytid=\"243\">Educaci\u00f3n<\/span><\/a><\/li>\r\n\t<li><a href=\"http:\/\/bibliotecas.unileon.es\/educacion\/recursos-web-sobre-psicopedagogia\/\"><span data-scayt_word=\"M\u00e1ster\" data-scaytid=\"238\">M\u00e1ster<\/span> de <span data-scayt_word=\"Orientaci\u00f3n\" data-scaytid=\"244\">Orientaci\u00f3n<\/span>\u00a0<span data-scayt_word=\"Educativa\" data-scaytid=\"245\">Educativa<\/span><\/a><\/li>\r\n<\/ul>\r\n<p>e)\u00a0<a href=\"http:\/\/biblioteca.unileon.es\/servicios\/servicios-para-profesores\/recursos-en-internet#tab_6\" target=\"_blank\" rel=\"noopener\"><span data-scayt_word=\"Otros\" data-scaytid=\"251\">Otros<\/span> <span data-scayt_word=\"recursos\" data-scaytid=\"247\">recursos<\/span> en Internet<\/a><\/p>","protected":false},"excerpt":{"rendered":"<p>a)\u00a0Bibliograf\u00eda recomendada b)\u00a0Acceso al cat\u00e1logo general de la universidad c)\u00a0Recursos electr\u00f3nicos: Gu\u00edas de uso Bases de datos Revistas electr\u00f3nicas Libros electr\u00f3nicos BULERIA (archivo digital abierto de la ULE) Dialnet d)\u00a0Recursos en Internet interesantes sobre: Educaci\u00f3n en General Educaci\u00f3n Primaria Educaci\u00f3n Infantil Educaci\u00f3n Social M\u00e1ster Educaci\u00f3n\u00a0Secundaria M\u00e1ster\u00a0Universitario en Investigaci\u00f3n en Psicolog\u00eda y Ciencias de la Educaci\u00f3n [&hellip;]<\/p>\n","protected":false},"author":11,"featured_media":0,"parent":0,"menu_order":0,"comment_status":"closed","ping_status":"closed","template":"","meta":{"footnotes":""},"class_list":["post-1162","page","type-page","status-publish","hentry"],"_links":{"self":[{"href":"https:\/\/centros.unileon.es\/educacion\/wp-json\/wp\/v2\/pages\/1162","targetHints":{"allow":["GET"]}}],"collection":[{"href":"https:\/\/centros.unileon.es\/educacion\/wp-json\/wp\/v2\/pages"}],"about":[{"href":"https:\/\/centros.unileon.es\/educacion\/wp-json\/wp\/v2\/types\/page"}],"author":[{"embeddable":true,"href":"https:\/\/centros.unileon.es\/educacion\/wp-json\/wp\/v2\/users\/11"}],"replies":[{"embeddable":true,"href":"https:\/\/centros.unileon.es\/educacion\/wp-json\/wp\/v2\/comments?post=1162"}],"version-history":[{"count":4,"href":"https:\/\/centros.unileon.es\/educacion\/wp-json\/wp\/v2\/pages\/1162\/revisions"}],"predecessor-version":[{"id":4964,"href":"https:\/\/centros.unileon.es\/educacion\/wp-json\/wp\/v2\/pages\/1162\/revisions\/4964"}],"wp:attachment":[{"href":"https:\/\/centros.unileon.es\/educacion\/wp-json\/wp\/v2\/media?parent=1162"}],"curies":[{"name":"wp","href":"https:\/\/api.w.org\/{rel}","templated":true}]}}