{"id":1155,"date":"2021-02-09T12:20:09","date_gmt":"2021-02-09T12:20:09","guid":{"rendered":"https:\/\/centros.unileon.es\/educacion\/?page_id=1155"},"modified":"2025-05-19T10:02:12","modified_gmt":"2025-05-19T10:02:12","slug":"biblioteca-3","status":"publish","type":"page","link":"https:\/\/centros.unileon.es\/educacion\/biblioteca-3\/","title":{"rendered":"Descripci\u00f3n y contacto"},"content":{"rendered":"<p>La Biblioteca\u00a0se ubica en la Facultad de Educaci\u00f3n y forma parte de la Biblioteca de la Universidad de Le\u00f3n. La Biblioteca re\u00fane un fondo de 53.645\u00a0monograf\u00edas, 264\u00a0t\u00edtulos de revistas especializadas (40 en curso) y recursos electr\u00f3nicos especializados. Cubre las materias correspondientes a las titulaciones de Educaci\u00f3n Infantil, Primaria, Social, el M\u00e1ster\u00a0Universitario de Formaci\u00f3n de Profesorado en Educaci\u00f3n Secundaria\u00a0Obligatoria, Bachillerato, Formaci\u00f3n Profesional y Ense\u00f1anza de Idiomas, el M\u00e1ster\u00a0Universitario\u00a0en Investigaci\u00f3n\u00a0en Psicolog\u00eda y Ciencias de la Educaci\u00f3n y el M\u00e1ster\u00a0Universitario en\u00a0Orientaci\u00f3n Educativa.<\/p>\r\n<p>&nbsp;<\/p>\r\n<h3>Medidas especiales COVID-19:<\/h3>\r\n<ul>\r\n\t<li><a href=\"http:\/\/facultadeducacion.unileon.es\/sites\/default\/files\/Qu%C3%A9%20debo%20hacer%20EDU-%20H_1.pdf\">Normativa de uso de la Biblioteca. \u00bfQu\u00e9 debo hacer para&#8230; ?<\/a><\/li>\r\n\t<li><a href=\"http:\/\/facultadeducacion.unileon.es\/sites\/default\/files\/aforo%20reducido%20EDU.pdf\">Sala de estudio con aforo reducido<\/a><\/li>\r\n\t<li><a href=\"http:\/\/facultadeducacion.unileon.es\/sites\/default\/files\/Imprescindible%20tarjeta%20EDU.pdf\">Imprescindible tarjeta para usar el puesto de lectura<\/a><\/li>\r\n<\/ul>\r\n<p>&nbsp;<\/p>\r\n<h3>Contacto<\/h3>\r\n<p><strong>Horario de atenci\u00f3n al p\u00fablico<\/strong><br \/>\r\nDe 08:00 h. a 20:00 h. de lunes a viernes<\/p>\r\n<p><strong>Contacto<\/strong><br \/>\r\n987 29 11 46 <a href=\"mailto:bufed@unileon.es\">bufed@unileon.es<\/a>\u00a0(Direcci\u00f3n)<br \/>\r\n987 29 11 48 <a href=\"mailto:bufed2@unileon.es\">bufed1@unileon.es<\/a> (Sala Biblioteca)<\/p>","protected":false},"excerpt":{"rendered":"<p>La Biblioteca\u00a0se ubica en la Facultad de Educaci\u00f3n y forma parte de la Biblioteca de la Universidad de Le\u00f3n. La Biblioteca re\u00fane un fondo de 53.645\u00a0monograf\u00edas, 264\u00a0t\u00edtulos de revistas especializadas (40 en curso) y recursos electr\u00f3nicos especializados. Cubre las materias correspondientes a las titulaciones de Educaci\u00f3n Infantil, Primaria, Social, el M\u00e1ster\u00a0Universitario de Formaci\u00f3n de Profesorado [&hellip;]<\/p>\n","protected":false},"author":11,"featured_media":0,"parent":0,"menu_order":0,"comment_status":"closed","ping_status":"closed","template":"","meta":{"footnotes":""},"class_list":["post-1155","page","type-page","status-publish","hentry"],"_links":{"self":[{"href":"https:\/\/centros.unileon.es\/educacion\/wp-json\/wp\/v2\/pages\/1155","targetHints":{"allow":["GET"]}}],"collection":[{"href":"https:\/\/centros.unileon.es\/educacion\/wp-json\/wp\/v2\/pages"}],"about":[{"href":"https:\/\/centros.unileon.es\/educacion\/wp-json\/wp\/v2\/types\/page"}],"author":[{"embeddable":true,"href":"https:\/\/centros.unileon.es\/educacion\/wp-json\/wp\/v2\/users\/11"}],"replies":[{"embeddable":true,"href":"https:\/\/centros.unileon.es\/educacion\/wp-json\/wp\/v2\/comments?post=1155"}],"version-history":[{"count":8,"href":"https:\/\/centros.unileon.es\/educacion\/wp-json\/wp\/v2\/pages\/1155\/revisions"}],"predecessor-version":[{"id":3927,"href":"https:\/\/centros.unileon.es\/educacion\/wp-json\/wp\/v2\/pages\/1155\/revisions\/3927"}],"wp:attachment":[{"href":"https:\/\/centros.unileon.es\/educacion\/wp-json\/wp\/v2\/media?parent=1155"}],"curies":[{"name":"wp","href":"https:\/\/api.w.org\/{rel}","templated":true}]}}