{"id":1148,"date":"2021-02-09T11:50:09","date_gmt":"2021-02-09T11:50:09","guid":{"rendered":"https:\/\/centros.unileon.es\/educacion\/?page_id=1148"},"modified":"2025-10-22T09:42:04","modified_gmt":"2025-10-22T09:42:04","slug":"biblioteca-2","status":"publish","type":"page","link":"https:\/\/centros.unileon.es\/educacion\/biblioteca-2\/","title":{"rendered":"Biblioteca"},"content":{"rendered":"<p><strong><span style=\"font-size: 10pt;\">Horario de atenci\u00f3n al p\u00fablico<\/span><\/strong><br \/>\r\n<span style=\"font-size: 10pt;\">De 08:00 h. a 19:50 h. de lunes a viernes<\/span><\/p>\r\n<p><strong><span style=\"font-size: 10pt;\">Contacto<\/span><\/strong><br \/>\r\n<span style=\"font-size: 10pt;\">987 29 11 46 <a href=\"mailto:bufed@unileon.es\">bufed@unileon.es<\/a> (Responsable)<\/span><br \/>\r\n<span style=\"font-size: 10pt;\">987 29 11 48 <a href=\"mailto:bufed1@unileon.es\">bufed1@unileon.es<\/a> (Mostrador de informaci\u00f3n)<\/span><\/p>\r\n<p><strong><span style=\"font-size: 10pt;\">Definici\u00f3n y objetivos<\/span><\/strong><\/p>\r\n<p><span style=\"font-size: 10pt;\">De acuerdo con el Reglamento de la Biblioteca de la Universidad de <\/span><span style=\"font-size: 10pt;\">Le\u00f3n aprobado en Consejo de Gobierno de 14 de febrero de 2024, la Biblioteca <\/span><span style=\"font-size: 10pt;\">se define como un servicio de apoyo al aprendizaje, la docencia, la <\/span><span style=\"font-size: 10pt;\">investigaci\u00f3n y a las actividades relacionadas con el funcionamiento y la <\/span><span style=\"font-size: 10pt;\">gesti\u00f3n de la Universidad en su conjunto.<\/span><br \/>\r\n<span style=\"font-size: 10pt;\">La misi\u00f3n de la Biblioteca es facilitar el acceso y la difusi\u00f3n de los recursos de <\/span><span style=\"font-size: 10pt;\">informaci\u00f3n y colaborar en los procesos de creaci\u00f3n del conocimiento, a fin de <\/span><span style=\"font-size: 10pt;\">contribuir a la consecuci\u00f3n de los objetivos de la Universidad de forma <\/span><span style=\"font-size: 10pt;\">sostenible y socialmente responsable, adapt\u00e1ndose a las cambiantes <\/span><span style=\"font-size: 10pt;\">necesidades de la sociedad en la era digital.<\/span><\/p>\r\n<p><strong><span style=\"font-size: 10pt;\">Instalaciones<\/span><\/strong><\/p>\r\n<p><span style=\"font-size: 10pt;\">La biblioteca y el dep\u00f3sito se encuentran en la planta baja de la zona este de la <\/span><span style=\"font-size: 10pt;\">Facultad. La sala de consulta y estudio cuenta con 118 puestos.<\/span><br \/>\r\n<span style=\"font-size: 10pt;\">El despacho del responsable se ubica en la planta primera, puerta 1.07.<\/span><\/p>\r\n<p><strong><span style=\"font-size: 10pt;\">Colecci\u00f3n<\/span><\/strong><\/p>\r\n<p><span style=\"font-size: 10pt;\">La colecci\u00f3n de la biblioteca puede consultarse en el Cat\u00e1logo Catoute donde <\/span><span style=\"font-size: 10pt;\">est\u00e1n recogidos todos los recursos bibliogr\u00e1ficos de la Universidad, <\/span><span style=\"font-size: 10pt;\">independientemente de su ubicaci\u00f3n o soporte.<\/span><br \/>\r\n<span style=\"font-size: 10pt;\">La colecci\u00f3n f\u00edsica de la biblioteca, de acceso directo, incluye la bibliograf\u00eda <\/span><span style=\"font-size: 10pt;\">recomendada en las asignaturas cursadas en el centro m\u00e1s otras obras para <\/span><span style=\"font-size: 10pt;\">profundizar en estos conocimientos. Libros y revistas pueden llevarse en <\/span><span style=\"font-size: 10pt;\">pr\u00e9stamo para los usuarios que dispongan del carn\u00e9 universitario. Todos los <\/span><span style=\"font-size: 10pt;\">recursos recomendados para cada Grado est\u00e1n recogidos en las distintas <\/span><span style=\"font-size: 10pt;\">Gu\u00edas tem\u00e1ticas de Infantil, Primaria y Social.<\/span><br \/>\r\n<span style=\"font-size: 10pt;\">Tambi\u00e9n est\u00e1 disponible una colecci\u00f3n de cuentos seleccionados para trabajar <\/span><span style=\"font-size: 10pt;\">los sentimientos y los Objetivos de Desarrollo Sostenible (ODS).<\/span><\/p>","protected":false},"excerpt":{"rendered":"<p>Horario de atenci\u00f3n al p\u00fablico De 08:00 h. a 19:50 h. de lunes a viernes Contacto 987 29 11 46 bufed@unileon.es (Responsable) 987 29 11 48 bufed1@unileon.es (Mostrador de informaci\u00f3n) Definici\u00f3n y objetivos De acuerdo con el Reglamento de la Biblioteca de la Universidad de Le\u00f3n aprobado en Consejo de Gobierno de 14 de febrero [&hellip;]<\/p>\n","protected":false},"author":11,"featured_media":0,"parent":0,"menu_order":0,"comment_status":"closed","ping_status":"closed","template":"","meta":{"footnotes":""},"class_list":["post-1148","page","type-page","status-publish","hentry"],"_links":{"self":[{"href":"https:\/\/centros.unileon.es\/educacion\/wp-json\/wp\/v2\/pages\/1148","targetHints":{"allow":["GET"]}}],"collection":[{"href":"https:\/\/centros.unileon.es\/educacion\/wp-json\/wp\/v2\/pages"}],"about":[{"href":"https:\/\/centros.unileon.es\/educacion\/wp-json\/wp\/v2\/types\/page"}],"author":[{"embeddable":true,"href":"https:\/\/centros.unileon.es\/educacion\/wp-json\/wp\/v2\/users\/11"}],"replies":[{"embeddable":true,"href":"https:\/\/centros.unileon.es\/educacion\/wp-json\/wp\/v2\/comments?post=1148"}],"version-history":[{"count":7,"href":"https:\/\/centros.unileon.es\/educacion\/wp-json\/wp\/v2\/pages\/1148\/revisions"}],"predecessor-version":[{"id":5223,"href":"https:\/\/centros.unileon.es\/educacion\/wp-json\/wp\/v2\/pages\/1148\/revisions\/5223"}],"wp:attachment":[{"href":"https:\/\/centros.unileon.es\/educacion\/wp-json\/wp\/v2\/media?parent=1148"}],"curies":[{"name":"wp","href":"https:\/\/api.w.org\/{rel}","templated":true}]}}