{"id":1006,"date":"2021-02-04T11:31:07","date_gmt":"2021-02-04T11:31:07","guid":{"rendered":"https:\/\/centros.unileon.es\/educacion\/?page_id=1006"},"modified":"2026-05-07T11:13:56","modified_gmt":"2026-05-07T11:13:56","slug":"muoe","status":"publish","type":"page","link":"https:\/\/centros.unileon.es\/educacion\/muoe\/","title":{"rendered":"MUOE"},"content":{"rendered":"<p>El alumnado realizar\u00e1 las pr\u00e1cticas en centros <strong>de la provincia y de la ciudad de Le\u00f3n<\/strong>, que ser\u00e1n asignados por la Facultad de Educaci\u00f3n.<\/p>\r\n<p>* Se revisar\u00e1n solicitudes de casos especiales (ver Documentaci\u00f3n al final de la p\u00e1gina)<\/p>\r\n<h3>Certificado Negativo de Delitos de Naturaleza Sexual<\/h3>\r\n<p>Un mes antes del inicio de la estancia en los centros todos los alumnos del M\u00e1ster deber\u00e1n presentar <strong><em>obligatoriamente<\/em><\/strong> la Certificaci\u00f3n actualizada y negativa del Registro Central de Delincuentes sexuales, para dar cumplimiento a la Ley Org\u00e1nica 1\/1996, de Protecci\u00f3n Jur\u00eddica del Menor, modificada por la Ley 26\/2015, que establece la obligaci\u00f3n de que se aporten certificados negativos del Registro Central de Delincuentes Sexuales para todas aquellas personas que realicen actividades en contacto habitual con menores.<\/p>\r\n<h3>DOCUMENTACI\u00d3N<\/h3>\r\n<p><a href=\"https:\/\/centros.unileon.es\/educacion\/files\/2021\/02\/Convenio-ULE_JCYL-para-Practicas-de-Master-2021.pdf\">Convenio ULE JCYL para Pr\u00e1cticas de M\u00e1ster 2021<\/a><\/p>\r\n<p><a href=\"https:\/\/centros.unileon.es\/educacion\/files\/2026\/01\/Guia-Practicum-estudiante-MUOE-2025-26.pdf\">Gu\u00eda Pra\u0301cticum estudiante MUOE 2025-26<\/a><\/p>\r\n<p><a href=\"https:\/\/centros.unileon.es\/educacion\/files\/2026\/01\/Informacion-para-los-tutores-de-los-Equipos-y-Departamentos-MUOE.pdf\">Informacio\u0301n para los tutores de los Equipos y Departamentos MUOE<\/a><\/p>\r\n<p><a href=\"https:\/\/centros.unileon.es\/educacion\/files\/2023\/11\/Paso-a-Paso-para-solicitar-el-Numero-de-Seguridad-Social-1.pdf\">Paso a Paso para solicitar el N\u00famero de Seguridad Social<\/a><\/p>\r\n<p><a href=\"https:\/\/centros.unileon.es\/educacion\/files\/2023\/11\/Solicitud-de-casos-especiales-Word.docx\">Solicitud de casos especiales (Word)<\/a><\/p>\r\n<p><a href=\"https:\/\/centros.unileon.es\/educacion\/files\/2023\/11\/Solicitud-de-casos-especiales-PDF.pdf\">Solicitud de casos especiales (PDF)<\/a><\/p>\r\n<p>&nbsp;<\/p>\r\n<p><a href=\"https:\/\/centros.unileon.es\/educacion\/files\/2026\/01\/ANEXO-II-Evaluacion-Informe-de-Practicum.pdf\">ANEXO II Evaluaci\u00f3n Informe de Pr\u00e1cticum<\/a><\/p>\r\n<p><a href=\"https:\/\/centros.unileon.es\/educacion\/files\/2026\/01\/ANEXO-I-Registro-practicum-MUOE-para-tutores.pdf\">ANEXO I Registro pr\u00e1cticum MUOE para tutores<\/a><\/p>","protected":false},"excerpt":{"rendered":"<p>El alumnado realizar\u00e1 las pr\u00e1cticas en centros de la provincia y de la ciudad de Le\u00f3n, que ser\u00e1n asignados por la Facultad de Educaci\u00f3n. * Se revisar\u00e1n solicitudes de casos especiales (ver Documentaci\u00f3n al final de la p\u00e1gina) Certificado Negativo de Delitos de Naturaleza Sexual Un mes antes del inicio de la estancia en los [&hellip;]<\/p>\n","protected":false},"author":11,"featured_media":0,"parent":0,"menu_order":0,"comment_status":"closed","ping_status":"closed","template":"","meta":{"footnotes":""},"class_list":["post-1006","page","type-page","status-publish","hentry"],"_links":{"self":[{"href":"https:\/\/centros.unileon.es\/educacion\/wp-json\/wp\/v2\/pages\/1006","targetHints":{"allow":["GET"]}}],"collection":[{"href":"https:\/\/centros.unileon.es\/educacion\/wp-json\/wp\/v2\/pages"}],"about":[{"href":"https:\/\/centros.unileon.es\/educacion\/wp-json\/wp\/v2\/types\/page"}],"author":[{"embeddable":true,"href":"https:\/\/centros.unileon.es\/educacion\/wp-json\/wp\/v2\/users\/11"}],"replies":[{"embeddable":true,"href":"https:\/\/centros.unileon.es\/educacion\/wp-json\/wp\/v2\/comments?post=1006"}],"version-history":[{"count":29,"href":"https:\/\/centros.unileon.es\/educacion\/wp-json\/wp\/v2\/pages\/1006\/revisions"}],"predecessor-version":[{"id":5635,"href":"https:\/\/centros.unileon.es\/educacion\/wp-json\/wp\/v2\/pages\/1006\/revisions\/5635"}],"wp:attachment":[{"href":"https:\/\/centros.unileon.es\/educacion\/wp-json\/wp\/v2\/media?parent=1006"}],"curies":[{"name":"wp","href":"https:\/\/api.w.org\/{rel}","templated":true}]}}