{"id":1003,"date":"2021-02-04T11:30:23","date_gmt":"2021-02-04T11:30:23","guid":{"rendered":"https:\/\/centros.unileon.es\/educacion\/?page_id=1003"},"modified":"2026-02-11T08:05:00","modified_gmt":"2026-02-11T08:05:00","slug":"mufpes","status":"publish","type":"page","link":"https:\/\/centros.unileon.es\/educacion\/mufpes\/","title":{"rendered":"MUFPES"},"content":{"rendered":"<p>El alumnado deber\u00e1 realizar las pr\u00e1cticas en centros educativos de la provincia y de la ciudad de Le\u00f3n, que ser\u00e1n asignados por la Facultad de Educaci\u00f3n en funci\u00f3n de la oferta de plazas remitida por la Direcci\u00f3n Provincial de Educaci\u00f3n.<\/p>\r\n<p>Dado que la oferta de tutores que desempe\u00f1an su labor docente por las tardes en Le\u00f3n y su provincia es pr\u00e1cticamente nula la Facultad de Educaci\u00f3n <strong>no<\/strong> puede garantizar la posibilidad de realizar las pr\u00e1cticas en dicho horario.<br \/>\r\nLos alumnos deber\u00e1n acompa\u00f1ar a sus tutores durante su horario lectivo <strong>completo<\/strong> en el centro educativo.<\/p>\r\n<p>* Se revisar\u00e1n solicitudes de casos especiales (ver Documentaci\u00f3n al final de la p\u00e1gina)<\/p>\r\n<p>&nbsp;<\/p>\r\n<h3>Certificado Negativo de Delitos de Naturaleza Sexual<\/h3>\r\n<p>Un mes antes del inicio de la estancia en los centros todos los alumnos del M\u00e1ster deber\u00e1n presentar <strong><em>obligatoriamente<\/em><\/strong> la Certificaci\u00f3n actualizada y negativa del Registro Central de Delincuentes sexuales, para dar cumplimiento a la Ley Org\u00e1nica 1\/1996, de Protecci\u00f3n Jur\u00eddica del Menor, modificada por la Ley 26\/2015, que establece la obligaci\u00f3n de que se aporten certificados negativos del Registro Central de Delincuentes Sexuales para todas aquellas personas que realicen actividades en contacto habitual con menores.<\/p>\r\n<p>&nbsp;<\/p>\r\n<h3 style=\"font-weight: 400;\">Calendario 2025\/2026<\/h3>\r\n<p style=\"font-weight: 400;\">Las pr\u00e1cticas en centros educativos se llevar\u00e1n a cabo, de lunes a viernes, en el horario de docencia del tutor asignado, desde el 2 de marzo hasta el 1 de mayo de 2026.<\/p>\r\n<table style=\"font-weight: 400; width: 82.2768%;\" width=\"652\">\r\n<tbody>\r\n<tr>\r\n<td style=\"width: 40.7706%;\"><strong>Noviembre 2025- enero 2026<\/strong><\/td>\r\n<td style=\"width: 123.567%;\">Periodo en el que centros y tutores se ofrecen a colaborar en la tutela de alumnos de pr\u00e1cticas.<\/td>\r\n<\/tr>\r\n<tr>\r\n<td style=\"width: 40.7706%;\"><strong>Hasta el 20 de diciembre de 2025<\/strong><\/td>\r\n<td style=\"width: 123.567%;\">Plazo de solicitud (caso especial) para la realizaci\u00f3n del Pr\u00e1cticum fuera de la provincia de Le\u00f3n en la administraci\u00f3n del centro.<\/td>\r\n<\/tr>\r\n<tr>\r\n<td style=\"width: 40.7706%;\"><strong>Febrero 2026<\/strong><\/td>\r\n<td style=\"width: 123.567%;\">\r\n<p>Publicaci\u00f3n\u00a0de la\u00a0oferta\u00a0de plazas.<\/p>\r\n<p>Asignaci\u00f3n\u00a0de\u00a0destinos.<\/p>\r\n<\/td>\r\n<\/tr>\r\n<tr>\r\n<td style=\"width: 40.7706%;\"><strong>Septiembre y febrero<\/strong><\/td>\r\n<td style=\"width: 123.567%;\">Sesiones previas con expertos y con los profesores responsables del Pr\u00e1cticum de cada especialidad<\/td>\r\n<\/tr>\r\n<tr>\r\n<td style=\"width: 40.7706%;\"><strong>2 de marzo\u2013 1 de mayo de 2026<\/strong><\/td>\r\n<td style=\"width: 123.567%;\">Estancia\u00a0en los\u00a0centros<\/td>\r\n<\/tr>\r\n<tr>\r\n<td style=\"width: 40.7706%;\"><strong>5 de junio de 2026<\/strong><\/td>\r\n<td style=\"width: 123.567%;\">Fecha\u00a0l\u00edmite\u00a0de\u00a0entrega\u00a0de los\u00a0Portafolios<\/td>\r\n<\/tr>\r\n<\/tbody>\r\n<\/table>\r\n<p style=\"font-weight: 400;\">Importante: las fechas se\u00f1aladas pueden sufrir variaciones de las que el alumnado ser\u00e1 oportunamente informado.<\/p>\r\n<p>&nbsp;<\/p>\r\n<h3>Objetivos<\/h3>\r\n<p>El Pr\u00e1cticum del MUFPES persigue como objetivo general integrar al estudiante en un contexto de aprendizaje y de pr\u00e1ctica docente real. Con ello se trata de posibilitarle la adquisici\u00f3n y puesta en pr\u00e1ctica de conocimientos, informaci\u00f3n, habilidades y competencias.<\/p>\r\n<p>Dado su car\u00e1cter integrador, al cursarlo, el alumno deber\u00e1 aplicar tanto las competencias adquiridas en las materias cursadas como las competencias gen\u00e9ricas y, adem\u00e1s, deber\u00e1 adquirir las siguientes competencias espec\u00edficas establecidas para el mismo:<\/p>\r\n<ul>\r\n\t<li>Adquirir experiencia en la planificaci\u00f3n, la docencia y la evaluaci\u00f3n de las materias correspondientes a la especializaci\u00f3n.<\/li>\r\n\t<li>Acreditar un buen dominio de la expresi\u00f3n oral y escrita en la pr\u00e1ctica docente.<\/li>\r\n\t<li>Dominar las destrezas y habilidades sociales necesarias para fomentar un clima que facilite el aprendizaje y la convivencia.<\/li>\r\n\t<li>Participar en las propuestas de mejora en los distintos \u00e1mbitos de actuaci\u00f3n a partir de la reflexi\u00f3n basada en la pr\u00e1ctica.<\/li>\r\n\t<li>Para la formaci\u00f3n profesional, conocer la tipolog\u00eda empresarial correspondiente a los sectores productivos y comprender los sistemas organizativos m\u00e1s comunes en las empresas.<\/li>\r\n\t<li>Respecto a la orientaci\u00f3n, ejercitarse en la evaluaci\u00f3n psicopedag\u00f3gica, el asesoramiento a otros profesionales de la educaci\u00f3n, a los estudiantes y a las familias.<\/li>\r\n<\/ul>\r\n<p>&nbsp;<\/p>\r\n<h3>DOCUMENTACI\u00d3N<\/h3>\r\n<p><a href=\"https:\/\/centros.unileon.es\/educacion\/files\/2021\/02\/Convenio-ULE_JCYL-para-Practicas-de-Master-2021.pdf\">Convenio ULE JCYL para Pr\u00e1cticas de M\u00e1ster 2021<\/a><\/p>\r\n<p><a href=\"https:\/\/centros.unileon.es\/educacion\/files\/2023\/11\/Solicitud-de-casos-especiales-PDF-1.pdf\">Solicitud de casos especiales (PDF)<\/a><\/p>\r\n<p><a href=\"https:\/\/centros.unileon.es\/educacion\/files\/2023\/11\/Solicitud-de-casos-especiales-Word-1.docx\">Solicitud de casos especiales (Word)<\/a><\/p>\r\n<p><a href=\"https:\/\/centros.unileon.es\/educacion\/files\/2024\/05\/EXTRACTO-de-la-convocatoria-de-17-de-abril-de-2024-del-Rectorado-de-la-Universidad-de-Leon-por-la-que-se-convocan-ayudas-por-desplazamiento-para-la-realizacion-de-practicas-curriculares-1.pdf\">EXTRACTO de la convocatoria de 17 de abril de 2024, del Rectorado de la Universidad de Le\u00f3n, por la que se convocan ayudas por desplazamiento para la realizaci\u00f3n de pr\u00e1cticas curriculares<\/a><\/p>\r\n<p><a href=\"https:\/\/centros.unileon.es\/educacion\/files\/2024\/05\/Bases-del-Programa-de-Ayudas-por-Desplazamiento-para-la-realizacion-de-practicas-curriculares.-Curso-2023_24.pdf\">Bases del Programa de Ayudas por Desplazamiento para la realizaci\u00f3n de pr\u00e1cticas curriculares. Curso 2023_24<\/a><\/p>\r\n<p><a href=\"https:\/\/centros.unileon.es\/educacion\/files\/2023\/05\/Justificante-Desplazamiento-Practicum-PDF-1.pdf\">Justificante Desplazamiento Pr\u00e1cticum (PDF)<\/a><\/p>\r\n<p><a href=\"https:\/\/centros.unileon.es\/educacion\/files\/2023\/05\/Justificante-Desplazamiento-Practicum-Word-2.docx\">Justificante Desplazamiento Pr\u00e1cticum (Word)<\/a><\/p>\r\n<p><a href=\"https:\/\/centros.unileon.es\/educacion\/files\/2021\/02\/Solicitud-Ayuda-Desplazamiento-Practicum.pdf\">Solicitud de ayuda econ\u00f3mica por desplazamiento en el Pr\u00e1cticum de la Facultad de Educaci\u00f3n<\/a><\/p>\r\n<p><a href=\"https:\/\/centros.unileon.es\/educacion\/files\/2023\/11\/Paso-a-Paso-para-solicitar-el-Numero-de-Seguridad-Social.pdf\">Paso a Paso para solicitar el N\u00famero de Seguridad Social<\/a><\/p>\r\n<h3>\u00a0<\/h3>\r\n<p>INFORMACI\u00d3N PARA TUTORES DE CENTROS<\/p>\r\n<p><a href=\"https:\/\/centros.unileon.es\/educacion\/files\/2026\/02\/Informacion-Practicum-MUFPES-para-profesores-tutores-de-los-centros.-Curso-2025-26.pdf\">Informacio\u0301n Pra\u0301cticum MUFPES para profesores-tutores de los centros. Curso 2025-26<\/a><\/p>\r\n<p><a href=\"https:\/\/centros.unileon.es\/educacion\/files\/2026\/02\/Informacion-Practicum-MUFPES-para-profesores-tutores-de-los-centros.-Modulo-ISSC.-Curso-2025-26.pdf\">Informacio\u0301n Pra\u0301cticum MUFPES para profesores-tutores de los centros. &#8211; M\u00f3dulo ISSC. Curso 2025-26<\/a><\/p>\r\n<p>&nbsp;<\/p>\r\n<h3>Seminarios preparatorios 2025\/26<\/h3>\r\n<p><a href=\"https:\/\/centros.unileon.es\/educacion\/files\/2026\/02\/Seminarios-preparatorios-MUFPES-Septiembre-2025.pdf\">Seminarios preparatorios MUFPES &#8211; Septiembre 2025<\/a><\/p>\r\n<p><a href=\"https:\/\/centros.unileon.es\/educacion\/files\/2026\/02\/Seminarios-preparatorios-MUFPES-Febrero-2026-1.pdf\">Seminarios preparatorios MUFPES &#8211; Febrero 2026<\/a><\/p>\r\n<p>&nbsp;<\/p>\r\n<h3>PORTAFOLIOS 2025\/26<\/h3>\r\n<p><a href=\"https:\/\/centros.unileon.es\/educacion\/files\/2026\/02\/Guia-del-estudiante-del-Practicum-Master-2025-26-PDF.pdf\">Gui\u0301a del estudiante del Pra\u0301cticum Ma\u0301ster 2025-26 (PDF)<\/a><\/p>\r\n<p><a href=\"https:\/\/centros.unileon.es\/educacion\/files\/2026\/02\/Guia-del-estudiante-del-Practicum-Master-24-25-Modulo-Intervencion-Sociocomunitaria-y-Servicios-a-la-Comunidad.pdf\">Gu\u00eda del estudiante del Pr\u00e1cticum M\u00e1ster 2025-26 (M\u00f3dulo Intervenci\u00f3n Sociocomunitaria y Servicios a la Comunidad)<\/a><\/p>\r\n<p><a href=\"https:\/\/centros.unileon.es\/educacion\/files\/2026\/02\/Temporalizacion-para-evaluacion-formativa-MUFPES-2.pdf\">Temporalizaci\u00f3n para evaluaci\u00f3n formativa MUFPES <\/a><\/p>\r\n<p><a href=\"https:\/\/centros.unileon.es\/educacion\/files\/2022\/03\/Portada-portafolios-Practicum-MUFPES.docx\">Portada portafolios Pr\u00e1cticum MUFPES<\/a><\/p>\r\n<p>&nbsp;<\/p>\r\n<p>&nbsp;<\/p>\r\n<p>&nbsp;<\/p>\r\n<h3>\u00a0<\/h3>","protected":false},"excerpt":{"rendered":"<p>El alumnado deber\u00e1 realizar las pr\u00e1cticas en centros educativos de la provincia y de la ciudad de Le\u00f3n, que ser\u00e1n asignados por la Facultad de Educaci\u00f3n en funci\u00f3n de la oferta de plazas remitida por la Direcci\u00f3n Provincial de Educaci\u00f3n. Dado que la oferta de tutores que desempe\u00f1an su labor docente por las tardes en [&hellip;]<\/p>\n","protected":false},"author":11,"featured_media":0,"parent":0,"menu_order":0,"comment_status":"closed","ping_status":"closed","template":"","meta":{"footnotes":""},"class_list":["post-1003","page","type-page","status-publish","hentry"],"_links":{"self":[{"href":"https:\/\/centros.unileon.es\/educacion\/wp-json\/wp\/v2\/pages\/1003","targetHints":{"allow":["GET"]}}],"collection":[{"href":"https:\/\/centros.unileon.es\/educacion\/wp-json\/wp\/v2\/pages"}],"about":[{"href":"https:\/\/centros.unileon.es\/educacion\/wp-json\/wp\/v2\/types\/page"}],"author":[{"embeddable":true,"href":"https:\/\/centros.unileon.es\/educacion\/wp-json\/wp\/v2\/users\/11"}],"replies":[{"embeddable":true,"href":"https:\/\/centros.unileon.es\/educacion\/wp-json\/wp\/v2\/comments?post=1003"}],"version-history":[{"count":59,"href":"https:\/\/centros.unileon.es\/educacion\/wp-json\/wp\/v2\/pages\/1003\/revisions"}],"predecessor-version":[{"id":5475,"href":"https:\/\/centros.unileon.es\/educacion\/wp-json\/wp\/v2\/pages\/1003\/revisions\/5475"}],"wp:attachment":[{"href":"https:\/\/centros.unileon.es\/educacion\/wp-json\/wp\/v2\/media?parent=1003"}],"curies":[{"name":"wp","href":"https:\/\/api.w.org\/{rel}","templated":true}]}}