{"id":983,"date":"2016-05-12T11:50:05","date_gmt":"2016-05-12T11:50:05","guid":{"rendered":"http:\/\/centros.unileon.es\/derecho\/?page_id=983"},"modified":"2016-05-12T11:50:56","modified_gmt":"2016-05-12T11:50:56","slug":"coloquios-triangulares-y-su-proyeccion-innovadora-service-learning-al-ambito-universitario-y-a-la-sociedad-ii","status":"publish","type":"page","link":"https:\/\/centros.unileon.es\/derecho\/coloquios-triangulares-y-su-proyeccion-innovadora-service-learning-al-ambito-universitario-y-a-la-sociedad-ii\/","title":{"rendered":"Coloquios triangulares y su proyecci\u00f3n innovadora (Service-learning) al \u00e1mbito universitario y a la sociedad (II)"},"content":{"rendered":"<p style=\"text-align: justify;\">El \u00c1rea de Derecho Penal de la Universidad de Le\u00f3n organiza unos \u00abColoquios triangulares y su proyecci\u00f3n innovadora (Service-learning) al \u00e1mbito universitario y a la sociedad (II)\u00bb que abordar\u00e1 el XX Aniversiario de la aprobaci\u00f3n del C\u00f3digo Penal.<\/p>\r\n<p style=\"text-align: justify;\">Fechas de celebraci\u00f3n: 25 y 26 de mayo de 2016.<\/p>\r\n<p style=\"text-align: justify;\">Lugar de celebraci\u00f3n: Sal\u00f3n de Grados de la Facultad de Derecho.<\/p>\r\n<p style=\"text-align: justify;\">Para m\u00e1s informaci\u00f3n consultar el <a href=\"http:\/\/centros.unileon.es\/derecho\/files\/2016\/05\/CARTEL-COLOQUIOS-TRIANGULARES-2016_Coloquios-Mayo-2016.pdf\">cartel<\/a> y\/o el <a href=\"http:\/\/centros.unileon.es\/derecho\/files\/2016\/05\/TRIPTICO-COLOQUIOS-TRIANGULARES_Mayo-2016.pdf\">tr\u00edptico<\/a> informativo.<\/p>","protected":false},"excerpt":{"rendered":"<p>El \u00c1rea de Derecho Penal de la Universidad de Le\u00f3n organiza unos \u00abColoquios triangulares y su proyecci\u00f3n innovadora (Service-learning) al \u00e1mbito universitario y a la sociedad (II)\u00bb que abordar\u00e1 el XX Aniversiario de la aprobaci\u00f3n del C\u00f3digo Penal. Fechas de celebraci\u00f3n: 25 y 26 de mayo de 2016. Lugar de celebraci\u00f3n: Sal\u00f3n de Grados de [&hellip;]<\/p>\n","protected":false},"author":67,"featured_media":0,"parent":0,"menu_order":0,"comment_status":"closed","ping_status":"closed","template":"","meta":{"footnotes":""},"class_list":["post-983","page","type-page","status-publish","hentry"],"_links":{"self":[{"href":"https:\/\/centros.unileon.es\/derecho\/wp-json\/wp\/v2\/pages\/983","targetHints":{"allow":["GET"]}}],"collection":[{"href":"https:\/\/centros.unileon.es\/derecho\/wp-json\/wp\/v2\/pages"}],"about":[{"href":"https:\/\/centros.unileon.es\/derecho\/wp-json\/wp\/v2\/types\/page"}],"author":[{"embeddable":true,"href":"https:\/\/centros.unileon.es\/derecho\/wp-json\/wp\/v2\/users\/67"}],"replies":[{"embeddable":true,"href":"https:\/\/centros.unileon.es\/derecho\/wp-json\/wp\/v2\/comments?post=983"}],"version-history":[{"count":1,"href":"https:\/\/centros.unileon.es\/derecho\/wp-json\/wp\/v2\/pages\/983\/revisions"}],"predecessor-version":[{"id":986,"href":"https:\/\/centros.unileon.es\/derecho\/wp-json\/wp\/v2\/pages\/983\/revisions\/986"}],"wp:attachment":[{"href":"https:\/\/centros.unileon.es\/derecho\/wp-json\/wp\/v2\/media?parent=983"}],"curies":[{"name":"wp","href":"https:\/\/api.w.org\/{rel}","templated":true}]}}