{"id":975,"date":"2016-04-29T10:25:46","date_gmt":"2016-04-29T10:25:46","guid":{"rendered":"http:\/\/centros.unileon.es\/derecho\/?page_id=975"},"modified":"2016-04-29T10:28:23","modified_gmt":"2016-04-29T10:28:23","slug":"seminario-de-docencia-dp-ule","status":"publish","type":"page","link":"https:\/\/centros.unileon.es\/derecho\/seminario-de-docencia-dp-ule\/","title":{"rendered":"Seminario de Docencia e Investigaci\u00f3n DP-ULE"},"content":{"rendered":"<p style=\"text-align: justify;\">El \u00c1rea de Derecho Penal de la Facultad de Derecho de la Universidad de Le\u00f3n organiza un seminario que abordar\u00e1 el tema \u00abOmisi\u00f3n y comisi\u00f3n por omisi\u00f3n\u00bb, impartida por el Profesor Dr. Dr. H. C. Mult. Diego-Manuel Luz\u00f3n Pe\u00f1a.<\/p>\r\n<p style=\"text-align: justify;\">Fecha de celebraci\u00f3n: 16 de mayo de 2016 a las 13.30 horas.<\/p>\r\n<p style=\"text-align: justify;\">Lugar de celebraci\u00f3n: Sal\u00f3n de Grados de la Facultad de Derecho.<\/p>\r\n<p style=\"text-align: justify;\">Para m\u00e1s informaci\u00f3n pinchar <a href=\"http:\/\/centros.unileon.es\/derecho\/files\/2016\/04\/CARTEL-LUZON-PE\u00d1A.28.04.2016.pdf\">aqu\u00ed<\/a>.<\/p>","protected":false},"excerpt":{"rendered":"<p>El \u00c1rea de Derecho Penal de la Facultad de Derecho de la Universidad de Le\u00f3n organiza un seminario que abordar\u00e1 el tema \u00abOmisi\u00f3n y comisi\u00f3n por omisi\u00f3n\u00bb, impartida por el Profesor Dr. Dr. H. C. Mult. Diego-Manuel Luz\u00f3n Pe\u00f1a. Fecha de celebraci\u00f3n: 16 de mayo de 2016 a las 13.30 horas. Lugar de celebraci\u00f3n: Sal\u00f3n [&hellip;]<\/p>\n","protected":false},"author":67,"featured_media":0,"parent":0,"menu_order":0,"comment_status":"closed","ping_status":"closed","template":"","meta":{"footnotes":""},"class_list":["post-975","page","type-page","status-publish","hentry"],"_links":{"self":[{"href":"https:\/\/centros.unileon.es\/derecho\/wp-json\/wp\/v2\/pages\/975","targetHints":{"allow":["GET"]}}],"collection":[{"href":"https:\/\/centros.unileon.es\/derecho\/wp-json\/wp\/v2\/pages"}],"about":[{"href":"https:\/\/centros.unileon.es\/derecho\/wp-json\/wp\/v2\/types\/page"}],"author":[{"embeddable":true,"href":"https:\/\/centros.unileon.es\/derecho\/wp-json\/wp\/v2\/users\/67"}],"replies":[{"embeddable":true,"href":"https:\/\/centros.unileon.es\/derecho\/wp-json\/wp\/v2\/comments?post=975"}],"version-history":[{"count":2,"href":"https:\/\/centros.unileon.es\/derecho\/wp-json\/wp\/v2\/pages\/975\/revisions"}],"predecessor-version":[{"id":979,"href":"https:\/\/centros.unileon.es\/derecho\/wp-json\/wp\/v2\/pages\/975\/revisions\/979"}],"wp:attachment":[{"href":"https:\/\/centros.unileon.es\/derecho\/wp-json\/wp\/v2\/media?parent=975"}],"curies":[{"name":"wp","href":"https:\/\/api.w.org\/{rel}","templated":true}]}}