{"id":971,"date":"2016-04-22T12:15:29","date_gmt":"2016-04-22T12:15:29","guid":{"rendered":"http:\/\/centros.unileon.es\/derecho\/?page_id=971"},"modified":"2016-04-22T12:15:29","modified_gmt":"2016-04-22T12:15:29","slug":"seminario-de-docencia-e-investigacion-dp-ule-3","status":"publish","type":"page","link":"https:\/\/centros.unileon.es\/derecho\/seminario-de-docencia-e-investigacion-dp-ule-3\/","title":{"rendered":"Seminario de Docencia e Investigaci\u00f3n DP-ULE"},"content":{"rendered":"El \u00c1rea de Derecho Penal de la Facultad de Derecho de la Universidad de Le\u00f3n organiza un seminario que abordar\u00e1 el tema \u00abTerrorismo y criminalidad organizada como amenazas a la seguridad social\u00bb, impartida por el Profesor Doctor Jos\u00e9 Luis Gonz\u00e1lez Cussac.\r\n\r\nFecha de celebraci\u00f3n: 5 de mayo de 2016 a las 13.30 horas.\r\n\r\nLugar de celebraci\u00f3n: Aula 3 de la Facultad de Derecho.\r\n\r\nPara m\u00e1s informaci\u00f3n pinchar <a href=\"http:\/\/centros.unileon.es\/derecho\/files\/2016\/04\/CARTEL-GONZALEZ-CUSSAC.22.04.2016.pdf\">aqu\u00ed<\/a>.","protected":false},"excerpt":{"rendered":"<p>El \u00c1rea de Derecho Penal de la Facultad de Derecho de la Universidad de Le\u00f3n organiza un seminario que abordar\u00e1 el tema \u00abTerrorismo y criminalidad organizada como amenazas a la seguridad social\u00bb, impartida por el Profesor Doctor Jos\u00e9 Luis Gonz\u00e1lez Cussac. Fecha de celebraci\u00f3n: 5 de mayo de 2016 a las 13.30 horas. Lugar de [&hellip;]<\/p>\n","protected":false},"author":67,"featured_media":0,"parent":0,"menu_order":0,"comment_status":"closed","ping_status":"closed","template":"","meta":{"footnotes":""},"class_list":["post-971","page","type-page","status-publish","hentry"],"_links":{"self":[{"href":"https:\/\/centros.unileon.es\/derecho\/wp-json\/wp\/v2\/pages\/971","targetHints":{"allow":["GET"]}}],"collection":[{"href":"https:\/\/centros.unileon.es\/derecho\/wp-json\/wp\/v2\/pages"}],"about":[{"href":"https:\/\/centros.unileon.es\/derecho\/wp-json\/wp\/v2\/types\/page"}],"author":[{"embeddable":true,"href":"https:\/\/centros.unileon.es\/derecho\/wp-json\/wp\/v2\/users\/67"}],"replies":[{"embeddable":true,"href":"https:\/\/centros.unileon.es\/derecho\/wp-json\/wp\/v2\/comments?post=971"}],"version-history":[{"count":1,"href":"https:\/\/centros.unileon.es\/derecho\/wp-json\/wp\/v2\/pages\/971\/revisions"}],"predecessor-version":[{"id":973,"href":"https:\/\/centros.unileon.es\/derecho\/wp-json\/wp\/v2\/pages\/971\/revisions\/973"}],"wp:attachment":[{"href":"https:\/\/centros.unileon.es\/derecho\/wp-json\/wp\/v2\/media?parent=971"}],"curies":[{"name":"wp","href":"https:\/\/api.w.org\/{rel}","templated":true}]}}